{"id":63524,"date":"2026-01-14T13:57:46","date_gmt":"2026-01-14T12:57:46","guid":{"rendered":"https:\/\/arena-ticket.com\/?p=63524&#038;post_type=product&#038;preview_id=63524"},"modified":"2026-03-27T09:22:47","modified_gmt":"2026-03-27T08:22:47","slug":"abschlusskonzert-hoehepunkte-der-festivalwoche-a-cappella-grosser-saal-gewandhaus-leipzig-09-05-2026-1900-uhr","status":"publish","type":"product","link":"https:\/\/arena-ticket.com\/en\/product\/abschlusskonzert-hoehepunkte-der-festivalwoche-a-cappella-grosser-saal-gewandhaus-leipzig-09-05-2026-1900-uhr\/","title":{"rendered":"Abschlusskonzert  - H\u00f6hepunkte der Festivalwoche - a cappella"},"content":{"rendered":"<p>Zum Abschluss des 26. Festivals laden wir Sie in bew\u00e4hrter Tradition ein, das Festival noch einmal Revue passieren zu lassen und seine G\u00e4ste und Zusammenku\u0308nfte zu zelebrieren: Im gro\u00dfen Abschlusskonzert erleben wir einige Schlaglichter und Highlights des a cappella Jahrgangs 2026 noch einmal und streifen damit in h\u00f6chsten T\u00f6nen durch die vielf\u00e4ltige Landschaft des gemeinsamen Singens und Ensemble-Seins. Die Gastgeber amarcord und die frisch geku\u0308rten Besten des 16. Internationalen a cappella Wettbewerb Leipzig sind in jedem Fall dabei, und Sie du\u0308rfen sich auf weitere gro\u00dfartige Stimmen, stilistische Farben und neue Freunde freuen. Konzerttickets am besten jetzt schnell sichern!<\/p>\n<p>&nbsp;<\/p>\n<p>* Erm\u00e4\u00dfigt sind Sch\u00fclerinnen\/Sch\u00fcler, Auszubildende, Erwerbslose, Bundesfreiwilligendienstleistende, Schwerbehinderte, Inhaber des Leipzig Pass gegen Vorlage des pers\u00f6nlichen Ausweises.<\/p>","protected":false},"excerpt":{"rendered":"<p><span id=\"span-1679-368\" class=\"ct-span\">Sichern Sie sich Ihre Tickets f\u00fcr dieses Konzert im Rahmen des 26. Internationalen Festivals f\u00fcr Vokalmusik \u00bba cappella\u00ab Leipzig.<\/span><\/p>\n<p>&nbsp;<\/p>","protected":false},"featured_media":63530,"template":"","meta":{"_acf_changed":false,"inline_featured_image":false},"product_brand":[],"product_cat":[31,345,936,6741,69,86,35,21,58],"product_tag":[2444,941,956,2832,957,6799,2504,942,943,944,947,948,2048],"class_list":{"0":"post-63524","1":"product","2":"type-product","3":"status-publish","4":"has-post-thumbnail","6":"product_cat-events","7":"product_cat-gewandhaus","8":"product_cat-grosser-saal","9":"product_cat-klassik","10":"product_cat-konzert","11":"product_cat-leipzig","12":"product_cat-orte","13":"product_cat-ticket","14":"product_cat-veranstaltung","15":"product_tag-abschlusskonzert","16":"product_tag-events","17":"product_tag-gewandhaus","18":"product_tag-gewandhaus-grosser-saal","19":"product_tag-grosser-saal","20":"product_tag-hoehepunkte-der-festivalwoche-a-cappella","21":"product_tag-klassik","22":"product_tag-konzert","23":"product_tag-leipzig","24":"product_tag-orte","25":"product_tag-ticket","26":"product_tag-veranstaltung","27":"product_tag-weihnachten","28":"product_shipping_class-nur_paketversand","29":"pa_discount-ermaessigt","30":"pa_discount-normalpreis","31":"pa_discount-rentner","32":"pa_preiskategorie-pk-i","33":"pa_preiskategorie-pk-ii","34":"pa_preiskategorie-pk-iii","35":"pa_preiskategorie-pk-iv","37":"first","38":"instock","39":"taxable","40":"shipping-taxable","41":"purchasable","42":"product-type-variable"},"group_of_quantity":0,"min_quantity":0,"max_quantity":"","exclude_order_quantity_value_rules":"no","exclude_category_quantity_rules":"no","combine_variations":"no","acf":[],"_links":{"self":[{"href":"https:\/\/arena-ticket.com\/en\/wp-json\/wp\/v2\/product\/63524","targetHints":{"allow":["GET"]}}],"collection":[{"href":"https:\/\/arena-ticket.com\/en\/wp-json\/wp\/v2\/product"}],"about":[{"href":"https:\/\/arena-ticket.com\/en\/wp-json\/wp\/v2\/types\/product"}],"wp:featuredmedia":[{"embeddable":true,"href":"https:\/\/arena-ticket.com\/en\/wp-json\/wp\/v2\/media\/63530"}],"wp:attachment":[{"href":"https:\/\/arena-ticket.com\/en\/wp-json\/wp\/v2\/media?parent=63524"}],"wp:term":[{"taxonomy":"product_brand","embeddable":true,"href":"https:\/\/arena-ticket.com\/en\/wp-json\/wp\/v2\/product_brand?post=63524"},{"taxonomy":"product_cat","embeddable":true,"href":"https:\/\/arena-ticket.com\/en\/wp-json\/wp\/v2\/product_cat?post=63524"},{"taxonomy":"product_tag","embeddable":true,"href":"https:\/\/arena-ticket.com\/en\/wp-json\/wp\/v2\/product_tag?post=63524"}],"curies":[{"name":"wp","href":"https:\/\/api.w.org\/{rel}","templated":true}]}}