{"id":63543,"date":"2026-01-14T14:25:11","date_gmt":"2026-01-14T13:25:11","guid":{"rendered":"https:\/\/arena-ticket.com\/?p=63543&#038;post_type=product&#038;preview_id=63543"},"modified":"2026-03-20T09:35:10","modified_gmt":"2026-03-20T08:35:10","slug":"26-internationalen-festivals-fuer-vokalmusik-a-cappella-leipzig","status":"publish","type":"product","link":"https:\/\/arena-ticket.com\/en\/product\/26-internationalen-festivals-fuer-vokalmusik-a-cappella-leipzig\/","title":{"rendered":"26. Internationales Festival f\u00fcr Vokalmusik \u00bba cappella\u00ab Leipzig"},"content":{"rendered":"<p>Dear <strong>a cappella<\/strong>-Publikum,<\/p>\n<p>es war wahrlich ein fulminantes Fest und somit ein un\u00fcbertreffliches Jubil\u00e4um, diese 25. Ausgabe von <strong>a cappella<\/strong> Leipzig! Wir danken allen Ensembles, dem Team und allen Unterst\u00fctzern, allen Partnern, F\u00f6rderern, Spielst\u00e4tten und nat\u00fcrlich Ihnen, dem Publikum, f\u00fcr so viel Treue, Herz und Musik!<\/p>\n<p>Und doch: Nach dem Fest ist auch vor dem Fest. Und so wollen wir an dieser Stelle gleich Vorfreude sch\u00fcren auf das, was als n\u00e4chstes kommen wird: Die <b>26. Ausgabe des Festivals<\/b> n\u00e4mlich, die vom <b>1. bis 9. Mai 2026<\/b> stattfindet!<\/p>\n<p>Unsere G\u00e4ste werden dann unter anderem das spanische Alte-Musik-Ensemble La Grande Chapelle sein, das sich auf die historischen Musiksch\u00e4tze Spaniens spezialisiert hat, I Fagiolini aus Gro\u00dfbritannien (als Jahrgangseinzige schon einmal beim Festival zu Gast) sowie das Ingenium Ensemble aus Slowenien, welches sich in den letzten Jahren europaweit als aufstrebendes Sextett mit gro\u00dfer stilistischer Bandbreite etabliert hat \u2013 2014 waren sie \u00fcbrigens Zweitplatzierte bei unserem a cappella Wettbewerb.<br \/>\nNeben den Bestplatzierten des Wettbewerbs von diesem Jahr, The Bookmarks aus Georgien, d\u00fcrfen wir uns 2026 au\u00dferdem auf die heimische Vokalpop-Boyband anders freuen. Mit dem rein weiblichen Nairyan Ensemble begr\u00fc\u00dfen wir die zweite Vokalmusikformation aus Armenien beim Festival und sind zudem hoch erfreut, Ihnen dann auch die legend\u00e4ren New York Voices bei <strong>a cappella<\/strong> pr\u00e4sentieren zu d\u00fcrfen!<\/p>\n<p>Das und vieles mehr erleben Sie also beim Festival Nr. 26 \u2013 gl\u00e4nzende Aussichten, oder?<\/p>","protected":false},"excerpt":{"rendered":"<p>Secure your tickets!<\/p>","protected":false},"featured_media":63544,"template":"","meta":{"_acf_changed":false,"inline_featured_image":false},"product_brand":[],"product_cat":[31,6741,69,86,35,6730,415,21,58,6581],"product_tag":[6800,6809,3965,941,3702,2504,942,943,944,3964,958,3966,947,948,2048],"class_list":{"0":"post-63543","1":"product","2":"type-product","3":"status-publish","4":"has-post-thumbnail","6":"product_cat-events","7":"product_cat-klassik","8":"product_cat-konzert","9":"product_cat-leipzig","10":"product_cat-orte","11":"product_cat-show","12":"product_cat-stadtbad","13":"product_cat-ticket","14":"product_cat-veranstaltung","15":"product_cat-weihnachten","16":"product_tag-26-internationalen-festivals-fuer-vokalmusik-a-cappella-leipzig","17":"product_tag-26-internationales-festival-fuer-vokalmusik-a-cappella-leipzig","18":"product_tag-die-neue-dinnershow","19":"product_tag-events","20":"product_tag-historisches-stadtbad","21":"product_tag-klassik","22":"product_tag-konzert","23":"product_tag-leipzig","24":"product_tag-orte","25":"product_tag-passion","26":"product_tag-show","27":"product_tag-stadtbad","28":"product_tag-ticket","29":"product_tag-veranstaltung","30":"product_tag-weihnachten","31":"product_shipping_class-nur_paketversand","32":"pa_discount-normalpreis","33":"pa_preiskategorie-pk-i","34":"pa_preiskategorie-pk-ii","35":"pa_preiskategorie-pk-iii","36":"pa_preiskategorie-pk-iv","38":"first","39":"instock","40":"taxable","41":"shipping-taxable","42":"product-type-grouped"},"group_of_quantity":0,"min_quantity":0,"max_quantity":"","exclude_order_quantity_value_rules":"no","exclude_category_quantity_rules":"no","combine_variations":"no","acf":[],"_links":{"self":[{"href":"https:\/\/arena-ticket.com\/en\/wp-json\/wp\/v2\/product\/63543","targetHints":{"allow":["GET"]}}],"collection":[{"href":"https:\/\/arena-ticket.com\/en\/wp-json\/wp\/v2\/product"}],"about":[{"href":"https:\/\/arena-ticket.com\/en\/wp-json\/wp\/v2\/types\/product"}],"wp:featuredmedia":[{"embeddable":true,"href":"https:\/\/arena-ticket.com\/en\/wp-json\/wp\/v2\/media\/63544"}],"wp:attachment":[{"href":"https:\/\/arena-ticket.com\/en\/wp-json\/wp\/v2\/media?parent=63543"}],"wp:term":[{"taxonomy":"product_brand","embeddable":true,"href":"https:\/\/arena-ticket.com\/en\/wp-json\/wp\/v2\/product_brand?post=63543"},{"taxonomy":"product_cat","embeddable":true,"href":"https:\/\/arena-ticket.com\/en\/wp-json\/wp\/v2\/product_cat?post=63543"},{"taxonomy":"product_tag","embeddable":true,"href":"https:\/\/arena-ticket.com\/en\/wp-json\/wp\/v2\/product_tag?post=63543"}],"curies":[{"name":"wp","href":"https:\/\/api.w.org\/{rel}","templated":true}]}}