{"id":6356,"date":"2024-02-20T13:26:38","date_gmt":"2024-02-20T12:26:38","guid":{"rendered":"https:\/\/arena.hostpress.me\/?p=6356&#038;post_type=product&#038;preview_id=6356"},"modified":"2025-09-25T18:08:40","modified_gmt":"2025-09-25T16:08:40","slug":"l-b-steel-und-der-heilige-taucher-das-heavy-metal-hoerspiel-live-2024-haus-leipzig-02-11-2024-2000-uhr","status":"publish","type":"product","link":"https:\/\/arena-ticket.com\/en\/product\/l-b-steel-und-der-heilige-taucher-das-heavy-metal-hoerspiel-live-2024-haus-leipzig-02-11-2024-2000-uhr\/","title":{"rendered":"LB Steel and the Holy Diver - The Heavy Metal Radio Play Live"},"content":{"rendered":"<p><em>Sehr geehrte Damen und Herren,<\/em><br \/>\n<em>liebe L.B. Steel Fans,<\/em><\/p>\n<p><em>die f\u00fcr den 24.10.24\/ 17.10.25 um 20:00 Uhr im Haus Leipzig, Leipzig geplante Veranstaltung mit L.B. Steel und seinem Programm \u201eDas Heavy Metal H\u00f6rspiel live\u201c<\/em><br \/>\n<em>muss aus produktionstechnischen Gr\u00fcnden leider verlegt werden. Neuer Veranstaltungstermin ist der 07.11.25 um 20:00 Uhr.<\/em><\/p>\n<p><em>Bereits erworbene Karten f\u00fcr den Ursprungstermin behalten selbstverst\u00e4ndlich f\u00fcr den neuen Termin ihre G\u00fcltigkeit. <\/em><br \/>\n<em>Wir bitten um Ihr Verst\u00e4ndnis, herzlichen Dank!<\/em><\/p>\n<p><em>Ihr d2mberlin - Team<\/em><\/p>\n<p>&nbsp;<\/p>\n<p>Thanks to easy access via the Internet, radio plays and books are at least as popular today as they were in the blissful eighties, when young and old regularly gathered around cassette decks to listen to the adventures of \u201cJohn Sinclair\u201d or the \u201cTKKG\u201d stories. The \u201cLB Steel\u201d series is supposed to be exactly in the vein of these classics: three now grown metalheads who have been friends since school, stumble headlong into crazy adventures as \u201cBrigade Steelforce\u201d, which somehow always involve the greatest music in the world (Heavy Metal, of course). In the first episode, which includes Udo Dirkschneider and Sabina Classen, the trio goes in search of the \u201csword of heavy metal\u201d. Listeners will find out what this has to do with the \u201cHoly Diver\u201d in 78 entertaining, well-produced minutes as soon as a label has been found for the release. Until then, all that remains is to visit the associated live shows and keep an eye on the lbsteel.de website.<\/p>","protected":false},"excerpt":{"rendered":"<p>Get your tickets now!<\/p>","protected":false},"featured_media":49892,"template":"","meta":{"_acf_changed":false,"inline_featured_image":false},"product_brand":[],"product_cat":[31,349,922,86,6764,35,58],"product_tag":[1061,2984,1192,950,941,1011,955,1889,1887,1890,951,1886,2983,943,1089,1775,958,1750,1888,1245,948],"class_list":{"0":"post-6356","1":"product","2":"type-product","3":"status-publish","4":"has-post-thumbnail","6":"product_cat-events","7":"product_cat-haus-leipzig","8":"product_cat-kultur","9":"product_cat-leipzig","10":"product_cat-lesung","11":"product_cat-orte","12":"product_cat-veranstaltung","13":"product_tag-das","14":"product_tag-das-heavy-metal-hoerspiel-live","15":"product_tag-der","16":"product_tag-event","17":"product_tag-events","18":"product_tag-haus","19":"product_tag-haus-leipzig","20":"product_tag-heavy","21":"product_tag-heilige","22":"product_tag-hoerspiel","23":"product_tag-kultur","24":"product_tag-l-b","25":"product_tag-l-b-steel-und-der-heilige-taucher","26":"product_tag-leipzig","27":"product_tag-live","28":"product_tag-metal","29":"product_tag-show","30":"product_tag-steel","31":"product_tag-taucher","32":"product_tag-und","33":"product_tag-veranstaltung","34":"product_shipping_class-nur_paketversand","35":"pa_discount-normalpreis","36":"pa_preiskategorie-freie-platzwahl","38":"first","39":"outofstock","40":"taxable","41":"shipping-taxable","42":"purchasable","43":"product-type-variable"},"group_of_quantity":0,"min_quantity":0,"max_quantity":"","exclude_order_quantity_value_rules":"no","exclude_category_quantity_rules":"no","combine_variations":"no","acf":[],"_links":{"self":[{"href":"https:\/\/arena-ticket.com\/en\/wp-json\/wp\/v2\/product\/6356","targetHints":{"allow":["GET"]}}],"collection":[{"href":"https:\/\/arena-ticket.com\/en\/wp-json\/wp\/v2\/product"}],"about":[{"href":"https:\/\/arena-ticket.com\/en\/wp-json\/wp\/v2\/types\/product"}],"wp:featuredmedia":[{"embeddable":true,"href":"https:\/\/arena-ticket.com\/en\/wp-json\/wp\/v2\/media\/49892"}],"wp:attachment":[{"href":"https:\/\/arena-ticket.com\/en\/wp-json\/wp\/v2\/media?parent=6356"}],"wp:term":[{"taxonomy":"product_brand","embeddable":true,"href":"https:\/\/arena-ticket.com\/en\/wp-json\/wp\/v2\/product_brand?post=6356"},{"taxonomy":"product_cat","embeddable":true,"href":"https:\/\/arena-ticket.com\/en\/wp-json\/wp\/v2\/product_cat?post=6356"},{"taxonomy":"product_tag","embeddable":true,"href":"https:\/\/arena-ticket.com\/en\/wp-json\/wp\/v2\/product_tag?post=6356"}],"curies":[{"name":"wp","href":"https:\/\/api.w.org\/{rel}","templated":true}]}}