{"id":63961,"date":"2026-01-20T13:20:43","date_gmt":"2026-01-20T12:20:43","guid":{"rendered":"https:\/\/arena-ticket.com\/?p=63961&#038;post_type=product&#038;preview_id=63961"},"modified":"2026-01-22T15:00:30","modified_gmt":"2026-01-22T14:00:30","slug":"danke-mama-die-muttertagsshow-moderation-julian-wien-alte-handelsboerse-leipzig-10-05-2026-1400-uhr","status":"publish","type":"product","link":"https:\/\/arena-ticket.com\/en\/product\/danke-mama-die-muttertagsshow-moderation-julian-wien-alte-handelsboerse-leipzig-10-05-2026-1400-uhr\/","title":{"rendered":"Danke, Mama  - Die Muttertagsshow | Moderation: Julian Wien"},"content":{"rendered":"<p>Am 10. Mai 2026 feiern wir in der Alten Handelsb\u00f6rse Leipzig eine ganz besondere Ausgabe von \u201eDanke, Mama \u2013 Die Muttertagsshow\u201c. Freuen Sie sich auf einen musikalischen Nachmittag voller Gef\u00fchl, guter Laune und unvergesslicher Momente mit Gerd Christian, Maja Katharina Fritzsche und Wolfgang Ziegler.<\/p>\n<p>Gemeinsam m\u00f6chten wir allen M\u00fcttern Danke sagen und diesen Tag zu etwas ganz Besonderem machen.In dieser besonderen Ausgabe wird es au\u00dferdem eine tolle Tanzgruppe geben, die das Programm mit einer schwungvollen Showeinlage bereichert. Welche Gruppe das sein wird, wird in K\u00fcrze bekannt gegeben \u2013 Sie d\u00fcrfen gespannt sein!Erleben Sie einen abwechslungsreichen Nachmittag voller Musik, Emotionen und Unterhaltung in der historischen Atmosph\u00e4re der Alten Handelsb\u00f6rse Leipzig.<\/p>\n<p>Sichern Sie sich rechtzeitig Ihre Pl\u00e4tze und seien Sie dabei, wenn es hei\u00dft:\u201eDanke, Mama \u2013 Die Muttertagsshow\u201c \u2013 ein liebevolles Event zum Muttertag mit Herz und Musik.<\/p>","protected":false},"excerpt":{"rendered":"<p>Jetzt Tickets hier kaufen!<\/p>","protected":false},"featured_media":49955,"template":"","meta":{"_acf_changed":false,"inline_featured_image":false},"product_brand":[],"product_cat":[356,31,86,64,35,6730,21,58],"product_tag":[6173,6817,6815,6816,941,943,1608,6773,944,958,947,948],"class_list":{"0":"post-63961","1":"product","2":"type-product","3":"status-publish","4":"has-post-thumbnail","6":"product_cat-alte-handelsboerse","7":"product_cat-events","8":"product_cat-leipzig","9":"product_cat-musical-show","10":"product_cat-orte","11":"product_cat-show","12":"product_cat-ticket","13":"product_cat-veranstaltung","14":"product_tag-alte-handelsboerse","15":"product_tag-danke","16":"product_tag-danke-mama","17":"product_tag-die-muttertagsshow-moderation-julian-wien","18":"product_tag-events","19":"product_tag-leipzig","20":"product_tag-mama","21":"product_tag-musical-show","22":"product_tag-orte","23":"product_tag-show","24":"product_tag-ticket","25":"product_tag-veranstaltung","26":"product_shipping_class-nur_paketversand","27":"pa_discount-normalpreis","28":"pa_preiskategorie-sitzplatz","30":"first","31":"instock","32":"taxable","33":"shipping-taxable","34":"purchasable","35":"product-type-variable"},"group_of_quantity":0,"min_quantity":0,"max_quantity":"","exclude_order_quantity_value_rules":"no","exclude_category_quantity_rules":"no","combine_variations":"no","acf":[],"_links":{"self":[{"href":"https:\/\/arena-ticket.com\/en\/wp-json\/wp\/v2\/product\/63961","targetHints":{"allow":["GET"]}}],"collection":[{"href":"https:\/\/arena-ticket.com\/en\/wp-json\/wp\/v2\/product"}],"about":[{"href":"https:\/\/arena-ticket.com\/en\/wp-json\/wp\/v2\/types\/product"}],"wp:featuredmedia":[{"embeddable":true,"href":"https:\/\/arena-ticket.com\/en\/wp-json\/wp\/v2\/media\/49955"}],"wp:attachment":[{"href":"https:\/\/arena-ticket.com\/en\/wp-json\/wp\/v2\/media?parent=63961"}],"wp:term":[{"taxonomy":"product_brand","embeddable":true,"href":"https:\/\/arena-ticket.com\/en\/wp-json\/wp\/v2\/product_brand?post=63961"},{"taxonomy":"product_cat","embeddable":true,"href":"https:\/\/arena-ticket.com\/en\/wp-json\/wp\/v2\/product_cat?post=63961"},{"taxonomy":"product_tag","embeddable":true,"href":"https:\/\/arena-ticket.com\/en\/wp-json\/wp\/v2\/product_tag?post=63961"}],"curies":[{"name":"wp","href":"https:\/\/api.w.org\/{rel}","templated":true}]}}