{"id":64044,"date":"2026-01-22T13:05:44","date_gmt":"2026-01-22T12:05:44","guid":{"rendered":"https:\/\/arena-ticket.com\/?p=64044&#038;post_type=product&#038;preview_id=64044"},"modified":"2026-02-28T10:52:53","modified_gmt":"2026-02-28T09:52:53","slug":"michael-schulte-sanfte-toene-besondere-orte-tour-2026-merkers-erlebnis-bergwerk-merkers-11-04-2026-1930-uhr","status":"publish","type":"product","link":"https:\/\/arena-ticket.com\/en\/product\/michael-schulte-sanfte-toene-besondere-orte-tour-2026-merkers-erlebnis-bergwerk-merkers-11-04-2026-1930-uhr\/","title":{"rendered":"Michael Schulte  - Sanfte T\u00f6ne, besondere Orte Tour 2026"},"content":{"rendered":"<p><strong>MICHAEL SCHULTE\u00a0<\/strong>k\u00fcndigt mit der\u00a0<i>\u201eSanfte T\u00f6ne, besondere Orte\u201c-<\/i>Tour f\u00fcr April 2026 eine exklusive Akustiktour in ausgesuchten Locations an und bringt mit seiner Band seine Songs in bisher nie dagewesener Weise auf die B\u00fchne: Stripped down, auf ihre pure Essenz destilliert und auf mitrei\u00dfende Art neu arrangiert, verwandeln sich die millionenfach gestreamten Hits in Unplugged-Kleinode. Dank stimmungsvollem B\u00fchnenbild werden die Konzerte in den au\u00dfergew\u00f6hnlichen Venues zu einer einmaligen Chance, MICHAEL SCHULTE hautnah zu erleben.<\/p>","protected":false},"excerpt":{"rendered":"<div class=\"l7ghb35v kjdc1dyq kmwttqpk gh25dzvf jikcssrz\">\n<p class=\"stage-headline\" data-qa=\"event-headline\">Get your tickets now for a very special concert 500 meters underground!<\/p>\n<\/div>","protected":false},"featured_media":64048,"template":"","meta":{"_acf_changed":false,"inline_featured_image":false},"product_brand":[],"product_cat":[3779,31,69,3780,35,6746,21,58],"product_tag":[6822,5647,941,942,3801,4460,944,6821,6820,6814,947,948],"class_list":{"0":"post-64044","1":"product","2":"type-product","3":"status-publish","4":"has-post-thumbnail","6":"product_cat-erlebnisbergwerk-merkers","7":"product_cat-events","8":"product_cat-konzert","9":"product_cat-krayenberggemeinde","10":"product_cat-orte","11":"product_cat-singer-songwriter","12":"product_cat-ticket","13":"product_cat-veranstaltung","14":"product_tag-besondere-orte-tour-2026","15":"product_tag-erlebnisbergwerk-merkers","16":"product_tag-events","17":"product_tag-konzert","18":"product_tag-krayenberggemeinde","19":"product_tag-michael-schulte","20":"product_tag-orte","21":"product_tag-sanfte-toene","22":"product_tag-sanfte-toene-besondere-orte-tour-2026","23":"product_tag-singer-songwriter","24":"product_tag-ticket","25":"product_tag-veranstaltung","26":"product_shipping_class-nur_paketversand","27":"pa_discount-normalpreis","28":"pa_preiskategorie-freie-platzwahl","30":"first","31":"instock","32":"taxable","33":"shipping-taxable","34":"purchasable","35":"product-type-variable"},"group_of_quantity":0,"min_quantity":0,"max_quantity":"","exclude_order_quantity_value_rules":"no","exclude_category_quantity_rules":"no","combine_variations":"no","acf":[],"_links":{"self":[{"href":"https:\/\/arena-ticket.com\/en\/wp-json\/wp\/v2\/product\/64044","targetHints":{"allow":["GET"]}}],"collection":[{"href":"https:\/\/arena-ticket.com\/en\/wp-json\/wp\/v2\/product"}],"about":[{"href":"https:\/\/arena-ticket.com\/en\/wp-json\/wp\/v2\/types\/product"}],"wp:featuredmedia":[{"embeddable":true,"href":"https:\/\/arena-ticket.com\/en\/wp-json\/wp\/v2\/media\/64048"}],"wp:attachment":[{"href":"https:\/\/arena-ticket.com\/en\/wp-json\/wp\/v2\/media?parent=64044"}],"wp:term":[{"taxonomy":"product_brand","embeddable":true,"href":"https:\/\/arena-ticket.com\/en\/wp-json\/wp\/v2\/product_brand?post=64044"},{"taxonomy":"product_cat","embeddable":true,"href":"https:\/\/arena-ticket.com\/en\/wp-json\/wp\/v2\/product_cat?post=64044"},{"taxonomy":"product_tag","embeddable":true,"href":"https:\/\/arena-ticket.com\/en\/wp-json\/wp\/v2\/product_tag?post=64044"}],"curies":[{"name":"wp","href":"https:\/\/api.w.org\/{rel}","templated":true}]}}