{"id":64066,"date":"2026-01-22T13:20:35","date_gmt":"2026-01-22T12:20:35","guid":{"rendered":"https:\/\/arena-ticket.com\/?p=64066&#038;post_type=product&#038;preview_id=64066"},"modified":"2026-02-28T10:50:21","modified_gmt":"2026-02-28T09:50:21","slug":"thomas-anders-live-in-concert-500-meter-unter-der-erde-merkers-erlebnis-bergwerk-merkers-10-10-2026-1930-uhr","status":"publish","type":"product","link":"https:\/\/arena-ticket.com\/en\/product\/thomas-anders-live-in-concert-500-meter-unter-der-erde-merkers-erlebnis-bergwerk-merkers-10-10-2026-1930-uhr\/","title":{"rendered":"Thomas Anders  - live in concert \/ 500 Meter unter der Erde"},"content":{"rendered":"<p>Erlebe THOMAS ANDERS in einem seiner gro\u00dfartigen KONZERTE! Pure EMOTION!<\/p>\n<p>For your visit to the Adventure Mine our\u00a0<a href=\"https:\/\/www.erlebnisbergwerk.de\/.pdf\/besucherordnung-oktober2024.pdf\" target=\"_blank\" rel=\"noopener nofollow\"><strong>Visitor regulations<\/strong><\/a>\u00a0sowie die\u00a0<a href=\"https:\/\/www.erlebnisbergwerk.de\/.pdf\/besucherordnung-konzerte.pdf\" target=\"_blank\" rel=\"noopener nofollow\"><strong>Besucherordnung bei Konzerten<\/strong><\/a><strong>.<\/strong><strong>\u00a0<\/strong><\/p>\n<p><strong>Unfortunately, children under 10 years of age are not allowed to take part in the mine tour.<\/strong><\/p>\n<p>The mining experience is for technical and logistical reasons\u00a0<strong>not barrier-free<\/strong>\u00a0und deshalb f\u00fcr G\u00e4ste mit Gehbehinderungen nicht geeignet. Bitte informieren Sie sich gegebenenfalls vorab, ob ein Besuch m\u00f6glich ist.\u00a0<strong>Telefon: +49 36969 424101<\/strong><\/p>","protected":false},"excerpt":{"rendered":"<div class=\"l7ghb35v kjdc1dyq kmwttqpk gh25dzvf jikcssrz\">\n<p class=\"stage-headline\" data-qa=\"event-headline\">Get your tickets now for a very special concert 500 meters underground!<\/p>\n<\/div>","protected":false},"featured_media":64068,"template":"","meta":{"_acf_changed":false,"inline_featured_image":false},"product_brand":[],"product_cat":[3779,31,69,3780,35,6733,21,58],"product_tag":[5647,941,942,3801,6825,944,2506,6408,947,948],"class_list":{"0":"post-64066","1":"product","2":"type-product","3":"status-publish","4":"has-post-thumbnail","6":"product_cat-erlebnisbergwerk-merkers","7":"product_cat-events","8":"product_cat-konzert","9":"product_cat-krayenberggemeinde","10":"product_cat-orte","11":"product_cat-pop","12":"product_cat-ticket","13":"product_cat-veranstaltung","14":"product_tag-erlebnisbergwerk-merkers","15":"product_tag-events","16":"product_tag-konzert","17":"product_tag-krayenberggemeinde","18":"product_tag-live-in-concert-500-meter-unter-der-erde","19":"product_tag-orte","20":"product_tag-pop","21":"product_tag-thomas-anders","22":"product_tag-ticket","23":"product_tag-veranstaltung","24":"product_shipping_class-nur_paketversand","25":"pa_discount-normalpreis","26":"pa_preiskategorie-freie-platzwahl","28":"first","29":"instock","30":"taxable","31":"shipping-taxable","32":"purchasable","33":"product-type-variable"},"group_of_quantity":0,"min_quantity":0,"max_quantity":"","exclude_order_quantity_value_rules":"no","exclude_category_quantity_rules":"no","combine_variations":"no","acf":[],"_links":{"self":[{"href":"https:\/\/arena-ticket.com\/en\/wp-json\/wp\/v2\/product\/64066","targetHints":{"allow":["GET"]}}],"collection":[{"href":"https:\/\/arena-ticket.com\/en\/wp-json\/wp\/v2\/product"}],"about":[{"href":"https:\/\/arena-ticket.com\/en\/wp-json\/wp\/v2\/types\/product"}],"wp:featuredmedia":[{"embeddable":true,"href":"https:\/\/arena-ticket.com\/en\/wp-json\/wp\/v2\/media\/64068"}],"wp:attachment":[{"href":"https:\/\/arena-ticket.com\/en\/wp-json\/wp\/v2\/media?parent=64066"}],"wp:term":[{"taxonomy":"product_brand","embeddable":true,"href":"https:\/\/arena-ticket.com\/en\/wp-json\/wp\/v2\/product_brand?post=64066"},{"taxonomy":"product_cat","embeddable":true,"href":"https:\/\/arena-ticket.com\/en\/wp-json\/wp\/v2\/product_cat?post=64066"},{"taxonomy":"product_tag","embeddable":true,"href":"https:\/\/arena-ticket.com\/en\/wp-json\/wp\/v2\/product_tag?post=64066"}],"curies":[{"name":"wp","href":"https:\/\/api.w.org\/{rel}","templated":true}]}}