{"id":64082,"date":"2026-01-22T14:23:26","date_gmt":"2026-01-22T13:23:26","guid":{"rendered":"https:\/\/arena-ticket.com\/?p=64082&#038;post_type=product&#038;preview_id=64082"},"modified":"2026-04-10T18:58:42","modified_gmt":"2026-04-10T16:58:42","slug":"sportfreunde-stiller-30-wunderbaren-jahren-leipzig-parkbuehne-30-06-2026-1900-uhr","status":"publish","type":"product","link":"https:\/\/arena-ticket.com\/en\/product\/sportfreunde-stiller-30-wunderbaren-jahren-leipzig-parkbuehne-30-06-2026-1900-uhr\/","title":{"rendered":"Sportfreunde Stiller  - 30 wunderbaren Jahren"},"content":{"rendered":"<p>R\u00dcDE<br \/>\nWie schaut man zur\u00fcck auf drei\u00dfig Jahre Bandgeschichte? Aus der Ferne wirkt der Blick wie die Aussicht auf einen weiten Dschungel des tiefen Lebens. Bei uns Sportfreunden weniger bewohnt von Giftschlangen und gef\u00e4hrlichem Vielbeiner-Getier, sondern von freundschaftlich gesinnten Urwaldwesen. Dem Leben\u00a0verschrieben, nach Geschichten und Entdeckungen suchend. Hinter fast jedem Tourtag stecken lustige Erlebnisse, freudige Umarmungen, bestes Feiern und immer weiter wachsende Geschichten, die sich in den Jahren tiefer verwurzeln. Platten und Touren werden zu Hochplateaus der Erinnerung, Feiern teilweise Jahrzehnte sp\u00e4ter zu Mammutgew\u00e4chsen der \u201eWei\u00dft du noch damals?\u201c-Erz\u00e4hlungen. Verbr\u00fcderungen, Freundschaften, zarte Pflanzen oder einfach nur gro\u00dfporige Kartoffeln. In jedem Winkel, jeder Astgabel h\u00e4ngt der Geruch und die Sch\u00f6nheit des feierlichen Lebens. Teilweise schmerzhafte Suche und oftmals gl\u00fcckliche Aufl\u00f6sung.<\/p>\n<p>Was des einen Hybris wird durch Band zu Normalzustand. Auf der B\u00fchne zu stehen und Zehntausende singen ein Lied, das uns im grindigen Proberaum aus den Fingern gepurzelt kam: kein Problem, ist normal. Der eine f\u00e4hrt auf dem Roller nach Haus, wir im rollenden Haus, kein Problem, ist normal. Die Musik wird zum Backstage-Pass in die Herzen Fremder, die dadurch auch irgendwie zu Freunden werden, passiert immer wieder. Das bleibt sch\u00f6n und man kann sich nie daran gew\u00f6hnen. Band zu sein kann ich jedem empfehlen. Ob mit oder ohne Musik, das ist egal; die Hauptsache ist, man haut sich miteinander rein und nicht allein!<\/p>\n<p>&nbsp;<\/p>\n<p>FLO<br \/>\nAlles startete mit den \u201eWunderbaren Jahren\u201c. Mit der Zeit, in denen sich die Selbstsuche in Rebellion, Aufm\u00fcpf, Coolness, Mod-Shuffle und im Rumstromern Bahn brach. Und mit der Idee, drei nicht ganz \u00e4hnliche Musikvorlieben unter einen Bandkontext zu stecken. Vorm ersten Einz\u00e4hler im spartanischen Proberaum 1996 geisterte Jack Kerouac, Big Muff-Verzerre, irgendeine Germeringer Schulform und definitiv die Vorstellung von enormer Lautst\u00e4rke durch unsere K\u00f6pfe. 27 Minuten sp\u00e4ter waren die \u201eWunderbaren Jahren\u201c geboren und das Wissen, egal was musikalisch noch so kommen mag, dies ist ein schnoddriges Manifest unseres adoleszenten Daseins. Das bleibt f\u00fcr immer. Es wurde zum Motto unseres Lebens. Und obendrein mochte noch sehr viel kommen.<\/p>\n<p>Von Auftritten in dunklen Kellerr\u00e4umen vor drei Neugierigen bis zu mit zehntausend Beseelten gef\u00fcllten Hallen. Von speziellen Eigenheiten wie WM-Hits, MTV-Unpluggeds, horizonterweiternden Videodrehs, Schallplatten aus Holz\/Gold\/und Platin, Lesetouren in Opernh\u00e4usern bis zum \u201eganz normalen\u201c Irrsinn einer Band samt unvergesslicher Tourneen in den Armen der besten Crew of the Universe. Von Vorband sein von Foo Fighters, Green Day und Gr\u00f6nemeyer bis zu Vorbands wie Ash, Nada Surf, Franz Ferdinand und Kaiser Chiefs. Alles dabei. Vom stets st\u00fctzenden und treibenden Management bis zum immer integrierbaren sozialen Engagement. Gegen das Kreativloch, gegen die Neider, gegen die Stimmungsmacher, aber immer im Wissen, das, was wir machen, kann logischerweise nicht jedem gefallen. Wem gelingt das schon, au\u00dfer Florian Wirtz?<\/p>\n<p>Mit dem Werkzeug und dem Hintergrund von einem H\u00f6rspiel, zwei EPs, zehn Alben, Millionen Konzerten (for example Eggenfelden, Neustrelitz, Hamburg, Taschkent,\u00a0Madrid, London, New York etc.) und dem Privileg Beruf und Berufung vereinen zu k\u00f6nnen, verneigen wir uns bis zu den Zehenspitzen vor unseren Zuh\u00f6rern. Mucho gracias grande f\u00fcrs Mittanzen, Mitsingen und Mitf\u00fchlen! Wir wollen euch nur mal eben sagen, dass Ihr das Gr\u00f6\u00dfte f\u00fcr uns seid. Und das seit 30 Wunderbaren Jahren! Let\u00b4s Go!<\/p>\n<p>&nbsp;<\/p>\n<p>PETER<br \/>\nEs ist 1996\u2026 ein Typ mit Britpopscheitel fragt \u00b4n Typen mit Grungeregenmantel, hey, du machst doch auch Musik, oder? Lass uns was zusammen machen! Bock? So Indie, Alternative auf deutsch, ich hab ein Lied\u20261 Jahr sp\u00e4ter, nachdem der erste Bassist abhanden gekommen war\u2026 hey, da gibts einen, der hat Jazz studiert oder Politik oder so, tr\u00e4gt \u00b4ne Kappe verkehrt rum und drunter \u00b4ne Matte, sollen wir den mal als neuen Bassmann ausprobieren?<\/p>\n<p>So oder so \u00e4hnlich geht der Start der Geschichte der 3 Sportfreunde.<br \/>\nIn den 29 folgenden Jahren war dann so ca alles drin, was man als Band erleben kann:<br \/>\n- kometenhafter Nichtaufstieg<br \/>\n- leicht verkrampftes Scheitern<br \/>\n- popartige Charteintritte<br \/>\n- zauberhafte Begegnungen<br \/>\n- Rockmomente f\u00fcr die Ewigkeit<br \/>\n- weltmeisterliche Millionench\u00f6re<br \/>\n- riesenhaftes Krisenbesiegen<br \/>\n- verg\u00fcldete Verehrungen<\/p>\n<p>Und Lieder als Freunde und Freunde als ewige Begleiter unserer Lieder.<\/p>\n<p>Immer und immer wieder\u2026<\/p>\n<p>Es ist 2026\u2026.nun also feiern wir Sportfreunde 30j\u00e4hriges Jubil\u00e4um. Das muss man sich mal aufm Drumfell zergehen lassen! Als Mensch bedeutet die 30, Jugend ade, Real Life ohje! Als Band bedeutet die 30, Hurra, wir leben noch! (Frei nach Milva) Und dass diese Band nun schon so lange unser Leben begleitet, ja, in bedeutsamer und positivster Weise pr\u00e4gt und inspiriert, wollen wir mit euch feiern!<\/p>\n<p>Deswegen wird alles, was jetzt noch obendrauf kommt so derma\u00dfen abzelebriert, dass unser Herz vibriert und die Plunze wippt!<\/p>\n<p>Wir wollen neues Zeug schreiben, dann mit Best Of auf die Stra\u00dfe und auf die Kacke hauen!<\/p>\n<p>Rauscht auch ihr mit uns durch 30 wunderbaren Jahren?<\/p>","protected":false},"excerpt":{"rendered":"<p>Secure your tickets!<\/p>","protected":false},"featured_media":64085,"template":"","meta":{"_acf_changed":false,"inline_featured_image":false},"product_brand":[],"product_cat":[31,6748,69,86,35,347,21,58],"product_tag":[4375,941,6827,942,943,944,966,4607,947,948],"class_list":{"0":"post-64082","1":"product","2":"type-product","3":"status-publish","4":"has-post-thumbnail","6":"product_cat-events","7":"product_cat-indie","8":"product_cat-konzert","9":"product_cat-leipzig","10":"product_cat-orte","11":"product_cat-parkbuehne-leipzig","12":"product_cat-ticket","13":"product_cat-veranstaltung","14":"product_tag-30-wunderbaren-jahren","15":"product_tag-events","16":"product_tag-indie","17":"product_tag-konzert","18":"product_tag-leipzig","19":"product_tag-orte","20":"product_tag-parkbuehne-leipzig","21":"product_tag-sportfreunde-stiller","22":"product_tag-ticket","23":"product_tag-veranstaltung","24":"product_shipping_class-nur_paketversand","25":"pa_discount-inklusive-begleitperson","26":"pa_discount-kind","27":"pa_discount-normalpreis","28":"pa_preiskategorie-rollstuhlfahrer","29":"pa_preiskategorie-stehplatz","31":"first","32":"instock","33":"taxable","34":"shipping-taxable","35":"purchasable","36":"product-type-variable"},"group_of_quantity":0,"min_quantity":0,"max_quantity":"","exclude_order_quantity_value_rules":"no","exclude_category_quantity_rules":"no","combine_variations":"no","acf":[],"_links":{"self":[{"href":"https:\/\/arena-ticket.com\/en\/wp-json\/wp\/v2\/product\/64082","targetHints":{"allow":["GET"]}}],"collection":[{"href":"https:\/\/arena-ticket.com\/en\/wp-json\/wp\/v2\/product"}],"about":[{"href":"https:\/\/arena-ticket.com\/en\/wp-json\/wp\/v2\/types\/product"}],"wp:featuredmedia":[{"embeddable":true,"href":"https:\/\/arena-ticket.com\/en\/wp-json\/wp\/v2\/media\/64085"}],"wp:attachment":[{"href":"https:\/\/arena-ticket.com\/en\/wp-json\/wp\/v2\/media?parent=64082"}],"wp:term":[{"taxonomy":"product_brand","embeddable":true,"href":"https:\/\/arena-ticket.com\/en\/wp-json\/wp\/v2\/product_brand?post=64082"},{"taxonomy":"product_cat","embeddable":true,"href":"https:\/\/arena-ticket.com\/en\/wp-json\/wp\/v2\/product_cat?post=64082"},{"taxonomy":"product_tag","embeddable":true,"href":"https:\/\/arena-ticket.com\/en\/wp-json\/wp\/v2\/product_tag?post=64082"}],"curies":[{"name":"wp","href":"https:\/\/api.w.org\/{rel}","templated":true}]}}