{"id":64135,"date":"2026-01-23T11:11:08","date_gmt":"2026-01-23T10:11:08","guid":{"rendered":"https:\/\/arena-ticket.com\/?p=64135&#038;post_type=product&#038;preview_id=64135"},"modified":"2026-02-28T11:19:46","modified_gmt":"2026-02-28T10:19:46","slug":"ralf-schmitz-schmitzmaen-messe-dresden-halle-1-26-11-2027-2000-uhr","status":"publish","type":"product","link":"https:\/\/arena-ticket.com\/en\/product\/ralf-schmitz-schmitzmaen-messe-dresden-halle-1-26-11-2027-2000-uhr\/","title":{"rendered":"Ralf Schmitz  - Schmitzm\u00e4n"},"content":{"rendered":"<p>Wir leben in einer Welt, in der die Toaster inzwischen smarter sind als wir, in der wir joggen gehen, um unsere Fitnessarmb\u00e4nder nicht zu entt\u00e4uschen, und in der wir zur KI netter sind als zu unseren Liebsten! Kurz: Ja, wir sind alle herrlich verr\u00fcckt geworden! Nur: Wie soll man daraus noch Comedy machen, wenn selbst die Realit\u00e4t schon absurder ist als jeder Witz?<\/p>\n<p>Um diesen neuen Wahnsinn noch zu toppen, braucht es einen echten Superhelden. Und der kommt jetzt: Wenn sich der Vorhang hebt und der Spot auf ihn f\u00e4llt, wird aus Ralf Schmitz: SCHMITZM\u00c4N! Der letzte seiner Art.<\/p>\n<p>Er rast \u00fcber die B\u00fchne mit der Geschwindigkeit von Flash. Seine Pointen schlagen ein wie der Hammer von Thor. Mit dem R\u00f6ntgenblick von Superman schaut er den Menschen in die Seele und wei\u00df sofort, was sie wollen \u2013 und er gibt ihnen genau das! Mit seiner ultimativen Superkraft: SCHMITZM\u00c4N bringt Menschen zum Lachen!<\/p>\n<p>Und er wei\u00df: Mit gro\u00dfer Macht kommt auch gro\u00dfe Verantwortung. Darum macht er weiter, wo andere l\u00e4ngst kapituliert h\u00e4tten \u2013 Superhelden k\u00fcndigen nicht! Spielerisch kr\u00fcmmt er Raum und Zeit. Ein Abend mit SCHMITZM\u00c4N vergeht so rasend schnell, dass man sich hinterher nur fragt: \u201eWas war das? Ist das gerade wirklich passiert? Und warum bin ich so gl\u00fccklich, obwohl mein Bauch so wehtut?\u201c<\/p>\n<p>Die Antwort: SCHMITZM\u00c4N ist passiert!<\/p>\n<p>Mit Tempo, Herz und vollem K\u00f6rpereinsatz nimmt er uns mit auf einen Parabelflug an die Grenze des Wahnsinns. Das Ergebnis: ein Abend voll echter Schwerelosigkeit \u2013 mit Ralf Schmitz auf nie dagewesener Flugh\u00f6he!<\/p>\n<p>In seinem neuen Programm geht er wieder genau dorthin, wo er am st\u00e4rksten ist: mitten in unseren Alltag, mitten in unsere Leben, mitten in unsere K\u00f6pfe. Wie kein Zweiter vereint Ralf Schmitz Stand-Up, Impro-Comedy und Publikumsinteraktion live zu einem Festival der guten Laune, das wirklich nur ein echter SCHMITZM\u00c4N auf die B\u00fchne bringen kann.<\/p>\n<p>Liebevoll nimmt er seine Superhelden-Kollegen der Filmgeschichte aufs Korn, zappt durch ihre gr\u00f6\u00dften Macken und Missgeschicke und landet damit immer wieder direkt bei uns.<\/p>\n<p>Denn Ralf wei\u00df: Die echten Superhelden sitzen genau vor ihm - im Publikum! Ob Krankenschwester, Busfahrer oder hoffnungslos \u00fcbern\u00e4chtigte Eltern \u2013 er mischt sich unter sie und feiert sie, wie sie es verdient haben.<\/p>\n<p>Genau da spielt Ralf seine gr\u00f6\u00dfte St\u00e4rke aus: SCHMITZM\u00c4N ist einer von uns. Er mag unsere Macken, er kennt unsere liebensw\u00fcrdigen Eigenheiten und wie ein wahrer Superheld verwandelt er unser Chaos in ein echtes Happy End!<\/p>\n<p>Und am Ende erkennen wir dank SCHMITZM\u00c4N:<\/p>\n<p>Solange wir zusammen lachen k\u00f6nnen, sind wir vielleicht immer noch nicht zu retten \u2013 aber noch lange nicht verloren!<\/p>\n<p>Danke, SCHMITZM\u00c4N!<\/p>","protected":false},"excerpt":{"rendered":"<p>Get your tickets here now!<\/p>","protected":false},"featured_media":66713,"template":"","meta":{"_acf_changed":false,"inline_featured_image":false},"product_brand":[],"product_cat":[31,6725,87,95,444,35,58],"product_tag":[954,940,941,6774,3772,944,4907,6654,948],"class_list":{"0":"post-64135","1":"product","2":"type-product","3":"status-publish","4":"has-post-thumbnail","6":"product_cat-events","7":"product_cat-comedy","8":"product_cat-dresden","9":"product_cat-humor","10":"product_cat-messe-dresden","11":"product_cat-orte","12":"product_cat-veranstaltung","13":"product_tag-comedy","14":"product_tag-dresden","15":"product_tag-events","16":"product_tag-humor","17":"product_tag-messe-dresden","18":"product_tag-orte","19":"product_tag-ralf-schmitz","20":"product_tag-schmitzmaen","21":"product_tag-veranstaltung","22":"product_shipping_class-nur_paketversand","23":"pa_discount-normalpreis","24":"pa_preiskategorie-pk-i","25":"pa_preiskategorie-pk-ii","26":"pa_preiskategorie-pk-iii","27":"pa_preiskategorie-pk-iv","28":"pa_preiskategorie-pk-v","30":"first","31":"instock","32":"taxable","33":"shipping-taxable","34":"purchasable","35":"product-type-variable","36":"has-default-attributes"},"group_of_quantity":0,"min_quantity":0,"max_quantity":"","exclude_order_quantity_value_rules":"no","exclude_category_quantity_rules":"no","combine_variations":"no","acf":[],"_links":{"self":[{"href":"https:\/\/arena-ticket.com\/en\/wp-json\/wp\/v2\/product\/64135","targetHints":{"allow":["GET"]}}],"collection":[{"href":"https:\/\/arena-ticket.com\/en\/wp-json\/wp\/v2\/product"}],"about":[{"href":"https:\/\/arena-ticket.com\/en\/wp-json\/wp\/v2\/types\/product"}],"wp:featuredmedia":[{"embeddable":true,"href":"https:\/\/arena-ticket.com\/en\/wp-json\/wp\/v2\/media\/66713"}],"wp:attachment":[{"href":"https:\/\/arena-ticket.com\/en\/wp-json\/wp\/v2\/media?parent=64135"}],"wp:term":[{"taxonomy":"product_brand","embeddable":true,"href":"https:\/\/arena-ticket.com\/en\/wp-json\/wp\/v2\/product_brand?post=64135"},{"taxonomy":"product_cat","embeddable":true,"href":"https:\/\/arena-ticket.com\/en\/wp-json\/wp\/v2\/product_cat?post=64135"},{"taxonomy":"product_tag","embeddable":true,"href":"https:\/\/arena-ticket.com\/en\/wp-json\/wp\/v2\/product_tag?post=64135"}],"curies":[{"name":"wp","href":"https:\/\/api.w.org\/{rel}","templated":true}]}}