{"id":64143,"date":"2026-01-23T12:08:09","date_gmt":"2026-01-23T11:08:09","guid":{"rendered":"https:\/\/arena-ticket.com\/?p=64143&#038;post_type=product&#038;preview_id=64143"},"modified":"2026-01-23T15:18:40","modified_gmt":"2026-01-23T14:18:40","slug":"joja-wendt-das-biest-und-das-schoene-ein-klavierkonzert-zwischen-power-und-praezision-gewandhaus-zu-leipzig-grosser-saal-leipzig-25-05-2027-2000-uhr","status":"publish","type":"product","link":"https:\/\/arena-ticket.com\/en\/product\/joja-wendt-das-biest-und-das-schoene-ein-klavierkonzert-zwischen-power-und-praezision-gewandhaus-zu-leipzig-grosser-saal-leipzig-25-05-2027-2000-uhr\/","title":{"rendered":"Joja Wendt - Das Biest und das Sch\u00f6ne  - Ein Klavierkonzert zwischen Power und Pr\u00e4zision"},"content":{"rendered":"<p>Joja Wendt ist Piano-Power pur! Im Fr\u00fchling 2027 ist der Star-Pianist mit seinem neuen Programm \u201eDas Biest und das Sch\u00f6ne - Ein Klavierkonzert zwischen Power und Pr\u00e4zision\u201c und mit doppelter Klavierst\u00e4rke auf seiner gro\u00dfen Deutschlandtournee zu erleben. Neben Hamburg, Dresden, Berlin und Frankfurt a.M. ist Joja Wendt in 12 weiteren St\u00e4dten zu Gast und wird das Publikum mit seinem virtuosen und temperamentvollen Klavierspiel begeistern.<\/p>\n<p>\u201eF\u00fcr mich ist ein Konzert gelungen, wenn es nachklingt, wenn es \u00fcberrascht, ber\u00fchrt und Spa\u00df macht\u201c, sagt Joja Wendt, der seit \u00fcber 30 Jahren mit unz\u00e4hligen ausverkauften Konzert-Tourneen zu Deutschlands publikumsst\u00e4rkstem Pianisten geworden ist. Sein seit Jahrzehnten anhaltender Erfolg ist ungebrochen, und er ist bislang der einzige K\u00fcnstler, der an einem Tag drei ausverkaufte Konzerte in der Elbphilharmonie spielt. 2027 geht er mit seinem neuen Programm \u201eDas Biest und das Sch\u00f6ne \u2013 Ein Klavierkonzert zwischen Power und Pr\u00e4zision\u201c auf Tournee \u2013 und bringt daf\u00fcr zwei ganz besondere Instrumente mit: \u201eDas Sch\u00f6ne\u201c, seinen geliebten Steinway-Konzertfl\u00fcgel, und auf vielfachen Wunsch seiner Fans den eigens f\u00fcr das Wacken Open Air geschmiedeten Stahlfl\u00fcgel \u201eDas Biest\u201c.<\/p>\n<p>\u201eDiese beiden Fl\u00fcgel symbolisieren meine musikalische Heimat: die Eleganz und die Freiheit, die Tradition und die Abenteuerlust\u201c, so der Ausnahmepianist, der f\u00fcr seine herausragenden Konzerte und f\u00fcr spektakul\u00e4re Piano-Performances bekannt ist. Ob beim Wacken Open Air vor mehr als 80.000 Metal-Fans oder bei seinen Konzerten quer durch Deutschland \u2013 Joja Wendt ist ein Klavier-Akrobat, der sowohl Klassikliebhaber als auch Fans von Pop bis Jazz mitrei\u00dft.<\/p>\n<p>\u00dcber Joja Wendt:<br \/>\nJoja Wendt, geboren 1964 in Hamburg, gilt als einer der erfolgreichsten deutschen Live-Pianisten. Mit seinen Wurzeln im fr\u00fchen Jazz und in der Klassik unterh\u00e4lt er mit liebevoll ausgew\u00e4hlten und bearbeiteten St\u00fccken aus einem breiten musikalischen Repertoire sein Publikum auf der ganzen Welt. Er hat in den Niederlanden und in New York studiert und seine Tourneen f\u00fchren ihn heute von Europa bis nach China.<\/p>\n<p>Ein Abend mit Joja Wendt garantiert au\u00dferordentliche Virtuosit\u00e4t und ein enorm facettenreiches Klavierspiel pr\u00e4sentiert mit einer guten Portion Humor, Charme und Charisma. Seine Arrangements von Bach bis Horowitz, die intuitiven Spieltechniken des Jazz, das weite Feld der Popmusik und seine eigenen Kompositionen sind ein Beleg f\u00fcr eine wunderbare musikalische Freiheit. Diese Vielfalt macht ein weiteres Mal deutlich, dass exzellent und authentisch pr\u00e4sentierte Musik Menschen begeistert \u2013 ganz egal ob ein U oder E davor steht. Neben zahlreichen Auszeichnungen hat Joja Wendt den Louis Armstrong Preis und den German Blues Award (2025) erhalten.<\/p>","protected":false},"excerpt":{"rendered":"<p>Secure your tickets!<\/p>","protected":false},"featured_media":64151,"template":"","meta":{"_acf_changed":false,"inline_featured_image":false},"product_brand":[],"product_cat":[31,345,936,6741,69,86,35,21,58],"product_tag":[6829,941,956,2832,957,6828,2504,942,943,944,947,948],"class_list":{"0":"post-64143","1":"product","2":"type-product","3":"status-publish","4":"has-post-thumbnail","6":"product_cat-events","7":"product_cat-gewandhaus","8":"product_cat-grosser-saal","9":"product_cat-klassik","10":"product_cat-konzert","11":"product_cat-leipzig","12":"product_cat-orte","13":"product_cat-ticket","14":"product_cat-veranstaltung","15":"product_tag-ein-klavierkonzert-zwischen-power-und-praezision","16":"product_tag-events","17":"product_tag-gewandhaus","18":"product_tag-gewandhaus-grosser-saal","19":"product_tag-grosser-saal","20":"product_tag-joja-wendt-das-biest-und-das-schoene","21":"product_tag-klassik","22":"product_tag-konzert","23":"product_tag-leipzig","24":"product_tag-orte","25":"product_tag-ticket","26":"product_tag-veranstaltung","27":"product_shipping_class-nur_paketversand","28":"pa_discount-ermaessigt","29":"pa_discount-normalpreis","30":"pa_preiskategorie-pk-i","31":"pa_preiskategorie-pk-ii","32":"pa_preiskategorie-pk-iii","33":"pa_preiskategorie-pk-iv","35":"first","36":"instock","37":"taxable","38":"shipping-taxable","39":"purchasable","40":"product-type-variable"},"group_of_quantity":0,"min_quantity":0,"max_quantity":"","exclude_order_quantity_value_rules":"no","exclude_category_quantity_rules":"no","combine_variations":"no","acf":[],"_links":{"self":[{"href":"https:\/\/arena-ticket.com\/en\/wp-json\/wp\/v2\/product\/64143","targetHints":{"allow":["GET"]}}],"collection":[{"href":"https:\/\/arena-ticket.com\/en\/wp-json\/wp\/v2\/product"}],"about":[{"href":"https:\/\/arena-ticket.com\/en\/wp-json\/wp\/v2\/types\/product"}],"wp:featuredmedia":[{"embeddable":true,"href":"https:\/\/arena-ticket.com\/en\/wp-json\/wp\/v2\/media\/64151"}],"wp:attachment":[{"href":"https:\/\/arena-ticket.com\/en\/wp-json\/wp\/v2\/media?parent=64143"}],"wp:term":[{"taxonomy":"product_brand","embeddable":true,"href":"https:\/\/arena-ticket.com\/en\/wp-json\/wp\/v2\/product_brand?post=64143"},{"taxonomy":"product_cat","embeddable":true,"href":"https:\/\/arena-ticket.com\/en\/wp-json\/wp\/v2\/product_cat?post=64143"},{"taxonomy":"product_tag","embeddable":true,"href":"https:\/\/arena-ticket.com\/en\/wp-json\/wp\/v2\/product_tag?post=64143"}],"curies":[{"name":"wp","href":"https:\/\/api.w.org\/{rel}","templated":true}]}}