{"id":64152,"date":"2026-01-23T12:35:49","date_gmt":"2026-01-23T11:35:49","guid":{"rendered":"https:\/\/arena-ticket.com\/?p=64152&#038;post_type=product&#038;preview_id=64152"},"modified":"2026-01-23T16:43:07","modified_gmt":"2026-01-23T15:43:07","slug":"abba-diamonds-the-abba-tribute-show-gewandhaus-zu-leipzig-grosser-saal-leipzig-27-02-2027-2000-uhr","status":"publish","type":"product","link":"https:\/\/arena-ticket.com\/en\/product\/abba-diamonds-the-abba-tribute-show-gewandhaus-zu-leipzig-grosser-saal-leipzig-27-02-2027-2000-uhr\/","title":{"rendered":"ABBA Diamonds - The ABBA Tribute Show"},"content":{"rendered":"<p>&quot;In the world of pop music, no other band has left such an impressive musical legacy as the four Swedes Agnetha F\u00e4ltskog, Anni-Frid Lyngstad, Bj\u00f6rn Ulvaeus and Benny Andersson. ABBA has managed to fascinate and inspire fans and music lovers alike across four generations. Their unique melodies and rousing songs have left a lasting impression on the music world that can still be felt today.<\/p>\n<p>Fifty years ago, ABBA took the global charts and people&#039;s hearts by storm with &quot;Waterloo&quot;! Their victory at the Grand Prix in Brighton in 1974 made the likeable Swedes the most famous pop band of the time overnight. Hit after hit followed: &quot;Mamma Mia&quot;, &quot;SOS&quot;, &quot;Super Trouper&quot;, &quot;Knowing Me Knowing You&quot;, &quot;Chiquitita&quot;, &quot;Money Money Money&quot; and many others. ABBA not only broke records in the charts, but also changed the idea of what pop music can be. Their stage shows and music videos set new standards and inspired countless artists around the world.<\/p>\n<p>\"ABBA - Diamonds\" bringt in einem mit viel Liebe zum Detail choreografierten Live-Konzert die unvergesslichen Songs von ABBA auf die B\u00fchne, und das Publikum jeden Alters kann sich gleicherma\u00dfen daran erfreuen. Vor 50 Jahren wurde aus den individuellen Talenten von Agnetha, Bj\u00f6rn, Benny und Anni-Frid das unvergleichliche Ph\u00e4nomen ABBA geboren. Mit ihren eing\u00e4ngigen und einzigartigen Songs haben sie die Musikwelt f\u00fcr immer ver\u00e4ndert und dominiert. Jetzt l\u00e4sst \"ABBA - Diamonds\" den Glanz und die Ohrw\u00fcrmer aus der Glitzerwelt wieder aufleben, und das Publikum kann sich auf ein unvergessliches Konzerterlebnis freuen. Wochenlang wurde daran gearbeitet, den unverwechselbaren ABBA-Klang zu reproduzieren und die Musik im Sinne ihrer Vorbilder perfekt zu interpretieren. Mit Superhits wie \"Waterloo\", \"Money, Money, Money\", \"Thank you for the Music\", \"Mamma Mia\", \"SOS\", \"Super Trouper\", \"Dancing Queen\", \"Chiquitita\" und \"Fernando\" wird \"ABBA - Diamonds\" die ABBA-Glitzerwelt auf der B\u00fchne wieder lebendig werden lassen.\"<\/p>","protected":false},"excerpt":{"rendered":"<p>Secure your tickets!<\/p>","protected":false},"featured_media":64161,"template":"","meta":{"_acf_changed":false,"inline_featured_image":false},"product_brand":[],"product_cat":[31,345,936,86,64,35,6730,21,58],"product_tag":[4244,941,956,2832,957,943,6773,944,958,4245,947,948],"class_list":{"0":"post-64152","1":"product","2":"type-product","3":"status-publish","4":"has-post-thumbnail","6":"product_cat-events","7":"product_cat-gewandhaus","8":"product_cat-grosser-saal","9":"product_cat-leipzig","10":"product_cat-musical-show","11":"product_cat-orte","12":"product_cat-show","13":"product_cat-ticket","14":"product_cat-veranstaltung","15":"product_tag-abba-diamonds","16":"product_tag-events","17":"product_tag-gewandhaus","18":"product_tag-gewandhaus-grosser-saal","19":"product_tag-grosser-saal","20":"product_tag-leipzig","21":"product_tag-musical-show","22":"product_tag-orte","23":"product_tag-show","24":"product_tag-the-abba-tribute-show","25":"product_tag-ticket","26":"product_tag-veranstaltung","27":"product_shipping_class-nur_paketversand","28":"pa_discount-ermaessigt","29":"pa_discount-normalpreis","30":"pa_preiskategorie-pk-i","31":"pa_preiskategorie-pk-ii","32":"pa_preiskategorie-pk-iii","33":"pa_preiskategorie-pk-iv","35":"first","36":"instock","37":"taxable","38":"shipping-taxable","39":"purchasable","40":"product-type-variable"},"group_of_quantity":0,"min_quantity":0,"max_quantity":"","exclude_order_quantity_value_rules":"no","exclude_category_quantity_rules":"no","combine_variations":"no","acf":[],"_links":{"self":[{"href":"https:\/\/arena-ticket.com\/en\/wp-json\/wp\/v2\/product\/64152","targetHints":{"allow":["GET"]}}],"collection":[{"href":"https:\/\/arena-ticket.com\/en\/wp-json\/wp\/v2\/product"}],"about":[{"href":"https:\/\/arena-ticket.com\/en\/wp-json\/wp\/v2\/types\/product"}],"wp:featuredmedia":[{"embeddable":true,"href":"https:\/\/arena-ticket.com\/en\/wp-json\/wp\/v2\/media\/64161"}],"wp:attachment":[{"href":"https:\/\/arena-ticket.com\/en\/wp-json\/wp\/v2\/media?parent=64152"}],"wp:term":[{"taxonomy":"product_brand","embeddable":true,"href":"https:\/\/arena-ticket.com\/en\/wp-json\/wp\/v2\/product_brand?post=64152"},{"taxonomy":"product_cat","embeddable":true,"href":"https:\/\/arena-ticket.com\/en\/wp-json\/wp\/v2\/product_cat?post=64152"},{"taxonomy":"product_tag","embeddable":true,"href":"https:\/\/arena-ticket.com\/en\/wp-json\/wp\/v2\/product_tag?post=64152"}],"curies":[{"name":"wp","href":"https:\/\/api.w.org\/{rel}","templated":true}]}}