{"id":64166,"date":"2026-01-23T14:05:32","date_gmt":"2026-01-23T13:05:32","guid":{"rendered":"https:\/\/arena-ticket.com\/?p=64166&#038;post_type=product&#038;preview_id=64166"},"modified":"2026-01-23T15:55:53","modified_gmt":"2026-01-23T14:55:53","slug":"disney-der-gloeckner-von-notre-dame-musical-oper-leipzig-09-02-2027-1930-uhr","status":"publish","type":"product","link":"https:\/\/arena-ticket.com\/en\/product\/disney-der-gloeckner-von-notre-dame-musical-oper-leipzig-09-02-2027-1930-uhr\/","title":{"rendered":"Disney - Der Gl\u00f6ckner von Notre Dame"},"content":{"rendered":"<p>Der Gl\u00f6ckner von Notre Dame<br \/>\nThe Musical<br \/>\nEine Geschichte \u00fcber Mut, Liebe und Menschlichkeit!<\/p>\n<p>Ihr j\u00fcngeres Schicksal bewegte Menschen auf der ganzen Welt und sorgte f\u00fcr eine ungeahnte Welle von Betroffenheit, aber auch Solidarit\u00e4t und Hilfsbereitschaft: Die Kathedrale Notre-Dame de Paris. Nach einem verheerenden Gro\u00dfbrand im April 2019 wurden weite Teile der gotischen Kathedrale zerst\u00f6rt. Mittlerweile wurde das Bauwerk wieder rekonstruiert und feierte im Dezember 2024 seine fulminante Wiederer\u00f6ffnung \u2013 als Symbol der Hoffnung, des Zusammenhaltes und des Mitgef\u00fchls.<\/p>\n<p>Das historische Bauwerk ist zudem das zentrale Herzst\u00fcck von Victor Hugos weltbekanntem Roman \u201eDer Gl\u00f6ckner von Notre-Dame\u201c. Die Verfilmung 1956 mit Anthony Quinn als Quasimodo und Gina Lollobrigida als Esmeralda in den Hauptrollen wurde ein regelrechter Blockbuster. 40 Jahre sp\u00e4ter schuf Disney mit dem gleichnamigen Zeichentrickfilm eines seiner eindrucksvollsten Werke, das die Zuschauerinnen und Zuschauer weltweit zutiefst bewegte. Die Inszenierung setzte auf eine dramatische Erz\u00e4hlung, eindringliche Lieder und zeitlose Botschaften \u00fcber Menschlichkeit und Inklusion. Dieser Klassiker wurde mit der B\u00fchnenfassung zu einem kraftvollen Musical, das gro\u00dfe Emotionen mit \u00fcberw\u00e4ltigender Musik und spektakul\u00e4ren Bildern vereint.<br \/>\nDie neue deutschsprachige Inszenierung von Disney Der Gl\u00f6ckner von Notre Dame des renommierten Budapester Operettentheaters, das bereits mit seiner Version von Disney Die Sch\u00f6ne und das Biest mehr als eine Million Zuschauerinnen und Zuschauer restlos begeisterte, geht nun erstmals ab Oktober 2026 auf gro\u00dfe sechsmonatige Tournee in Deutschland und der Schweiz. Dann erwartet das Publikum vom 9. bis 14. Februar 2027 an der Oper Leipzig ein ebenso spektakul\u00e4res wie ber\u00fchrendes B\u00fchnenerlebnis \u00fcber den entstellten Gl\u00f6ckner Quasimodo und seine unerf\u00fcllte Liebe zur sch\u00f6nen Esmeralda.<\/p>\n<p>Mitrei\u00dfende Songs vom mehrfach preisgekr\u00f6nten Komponisten Alan Menken<br \/>\nDisney Der Gl\u00f6ckner von Notre Dame beeindruckt mit seiner eindrucksvollen Klangwelt, geschaffen vom mehrfach Oscar-pr\u00e4mierten Komponisten Alan Menken, der bereits unvergessliche Songs f\u00fcr Disney Klassiker wie \u201eArielle, die Meerjungfrau\u201c, \u201eDie Sch\u00f6ne und das Biest\u201c, \u201eAladdin\u201c, \u201eHercules\u201c und \u201ePocahontas\u201c geschrieben hat. Mit dem bekannten Komponisten und Liedtexter Stephen Schwartz (u. a. Wicked) hat er ein musikalisches Meisterwerk erschaffen, das von mitrei\u00dfenden Songs \u00fcber gewaltige Ch\u00f6re bis zu zarten Balladen reicht und der Geschichte eine tiefgreifende emotionale Kraft verleiht. Das Musical vereint neben allen bekannten Disney Songs aus dem Film zus\u00e4tzliche Titel und einen kraftvollen sinfonischen Klang. Das hochkar\u00e4tige Ensemble des Budapester Operettentheaters, mit ihrem imposanten 14-k\u00f6pfigen Live-Orchester, l\u00e4sst die Songs von Alan Menken in ihrer ganzen Vielschichtigkeit erstrahlen und verleiht der Erz\u00e4hlung eine einzigartige Tiefe und Poesie.<\/p>\n<p>Eine Geschichte \u00fcber Mut, Liebe und Menschlichkeit<br \/>\nBasierend auf dem gleichnamigen Roman des franz\u00f6sischen Schriftstellers Victor Hugo f\u00fchrt Disney Der Gl\u00f6ckner von Notre Dame das Publikum von den T\u00fcrmen der Pariser Kathedrale in die dunklen Gassen des mittelalterlichen Paris. Im Zentrum steht Quasimodo, der entstellte Gl\u00f6ckner, der abgeschieden in Notre-Dame lebt \u2013 fernab der Welt, doch voller Sehnsucht nach ihr. Als er sich zum Fest der Narren unter die Menschen wagt, st\u00f6\u00dft er auf Ablehnung \u2013 bis ihm die ebenso mutige wie mitf\u00fchlende Esmeralda zur Seite steht. Zwischen beiden entwickelt sich eine zarte Verbindung, die aber unter den Augen des fanatischen Erzdiakons Frollo bald bedroht wird. In einer Welt, in der Vorurteile und Machtmissbrauch regieren, erz\u00e4hlt das Musical eine zutiefst menschliche Geschichte \u00fcber Au\u00dfenseitertum, Gerechtigkeit und eine Liebe bis \u00fcber den Tod hinaus.<\/p>\n<p>Die Kathedrale Notre-Dame de Paris: ikonisches Bauwerk mit weltweiter Strahlkraft<br \/>\nIm Zentrum der Geschichte steht nicht nur der Gl\u00f6ckner Quasimodo, sondern auch ein Bauwerk von weltgeschichtlicher Bedeutung: die Kathedrale Notre-Dame de Paris. Sie ist titelgebender und zentraler Ort der Geschichte sowie ein bedeutungstr\u00e4chtiges Symbol; der weltbekannte Roman von Victor Hugo, der die literarische Vorlage des Musicals bildet, tr\u00e4gt im Original den Titel \u201eNotre-Dame de Paris\u201c. Errichtet ab dem Jahr 1163 und nach fast 200 Jahren Bauzeit im Jahr 1345 vollendet, gilt die Kathedrale mit den ikonischen Fensterrosetten als eines der bedeutendsten Meisterwerke der gotischen Architektur Europas. Der verheerende Brand von Notre-Dame im April 2019 l\u00f6ste weltweit eine Welle der Anteilnahme und grenzenlosen Bereitschaft zum Wiederaufbau des geliebten Wahrzeichens aus.<\/p>\n<p>Ein aufwendig inszeniertes B\u00fchnenepos<br \/>\nEin Ensemble herausragender Solisten, aufw\u00e4ndige Choreografien und eine imposante B\u00fchnenausstattung mit gotischer Architektur, riesigen Glocken und farbenpr\u00e4chtigen Kost\u00fcmen: \u00dcber 70 Beteiligte f\u00fchren das Publikum direkt ins monumentale Paris des 15. Jahrhunderts zwischen Kathedrale, Stra\u00dfenfest und Kirchturm, und sorgen in der Inszenierung des Budapester Operettentheaters f\u00fcr ein unvergessliches Live-Erlebnis. Disney Der Gl\u00f6ckner von Notre Dame ist ein musikalisches B\u00fchnenepos voller Leidenschaft, Dramatik und Hoffnung \u2013 ein unvergesslicher Abend, der Emotionen und Spannung pur verspricht und noch lange in Erinnerung bleibt.<\/p>","protected":false},"excerpt":{"rendered":"<p>Get your tickets here now!<\/p>","protected":false},"featured_media":64176,"template":"","meta":{"_acf_changed":false,"inline_featured_image":false},"product_brand":[],"product_cat":[346,86,31,6729,64,35,21,58],"product_tag":[6831,2421,941,943,963,6773,961,944,947,948],"class_list":{"0":"post-64166","1":"product","2":"type-product","3":"status-publish","4":"has-post-thumbnail","6":"product_cat-oper-leipzig","7":"product_cat-leipzig","8":"product_cat-events","9":"product_cat-musical","10":"product_cat-musical-show","11":"product_cat-orte","12":"product_cat-ticket","13":"product_cat-veranstaltung","14":"product_tag-der-gloeckner-von-notre-dame","15":"product_tag-disney","16":"product_tag-events","17":"product_tag-leipzig","18":"product_tag-musical","19":"product_tag-musical-show","20":"product_tag-oper-leipzig","21":"product_tag-orte","22":"product_tag-ticket","23":"product_tag-veranstaltung","24":"product_shipping_class-nur_paketversand","25":"pa_discount-ermaessigt","26":"pa_discount-kind-bis-14-jahre","27":"pa_discount-normalpreis","28":"pa_discount-schwerbeschaedigt","29":"pa_discount-schueler-student","30":"pa_preiskategorie-pk-i","31":"pa_preiskategorie-pk-ii","32":"pa_preiskategorie-pk-iii","33":"pa_preiskategorie-pk-iv","34":"pa_preiskategorie-pk-v","35":"pa_preiskategorie-pk-vi","37":"first","38":"instock","39":"taxable","40":"shipping-taxable","41":"purchasable","42":"product-type-variable"},"group_of_quantity":0,"min_quantity":0,"max_quantity":"","exclude_order_quantity_value_rules":"no","exclude_category_quantity_rules":"no","combine_variations":"no","acf":[],"_links":{"self":[{"href":"https:\/\/arena-ticket.com\/en\/wp-json\/wp\/v2\/product\/64166","targetHints":{"allow":["GET"]}}],"collection":[{"href":"https:\/\/arena-ticket.com\/en\/wp-json\/wp\/v2\/product"}],"about":[{"href":"https:\/\/arena-ticket.com\/en\/wp-json\/wp\/v2\/types\/product"}],"wp:featuredmedia":[{"embeddable":true,"href":"https:\/\/arena-ticket.com\/en\/wp-json\/wp\/v2\/media\/64176"}],"wp:attachment":[{"href":"https:\/\/arena-ticket.com\/en\/wp-json\/wp\/v2\/media?parent=64166"}],"wp:term":[{"taxonomy":"product_brand","embeddable":true,"href":"https:\/\/arena-ticket.com\/en\/wp-json\/wp\/v2\/product_brand?post=64166"},{"taxonomy":"product_cat","embeddable":true,"href":"https:\/\/arena-ticket.com\/en\/wp-json\/wp\/v2\/product_cat?post=64166"},{"taxonomy":"product_tag","embeddable":true,"href":"https:\/\/arena-ticket.com\/en\/wp-json\/wp\/v2\/product_tag?post=64166"}],"curies":[{"name":"wp","href":"https:\/\/api.w.org\/{rel}","templated":true}]}}