{"id":64226,"date":"2026-01-23T17:39:30","date_gmt":"2026-01-23T16:39:30","guid":{"rendered":"https:\/\/arena-ticket.com\/?p=64226&#038;post_type=product&#038;preview_id=64226"},"modified":"2026-02-11T14:14:48","modified_gmt":"2026-02-11T13:14:48","slug":"elsterglanz-return-of-the-apocalyptic-kuchenbasar-weissenfels-stadthalle-14-04-2026-2000-uhr","status":"publish","type":"product","link":"https:\/\/arena-ticket.com\/en\/product\/elsterglanz-return-of-the-apocalyptic-kuchenbasar-weissenfels-stadthalle-14-04-2026-2000-uhr\/","title":{"rendered":"Elsterglanz -  - Return Of The Apocalyptic Kuchenbasar"},"content":{"rendered":"<div class=\"accordion__content\">\n<p>Elsterglanz kehren zur\u00fcck: \u201eReturn of the Apocalyptic Kuchenbasar\u201c \u2013 Das Kult-Duo auf gro\u00dfer Ost-Tour<\/p>\n<p>Das legend\u00e4re Komiker-Duo Elsterglanz, bestehend aus Gilbert R\u00f6diger und Sven Wittek, meldet sich mit ihrem neuen B\u00fchnenprogramm \u201eReturn of the Apocalyptic Kuchenbasar\u201c zur\u00fcck auf die B\u00fchnen des Ostens.<\/p>\n<p>Das Duo, das durch seinen eigenwilligen Mix aus Wortwitz, Ironie, Schrulligkeit und einem Hauch von Anarcho-Humor bekannt wurde, hat sich in den vergangenen Jahren eine treue Fangemeinde aufgebaut. Auch das aktuelle Programm bleibt dem bekannten Stil treu: \u00dcberzeichnete Alltagsszenen, groteske Einf\u00e4lle und eine absurde Grundidee \u2013 ein Kuchenbasar in der Apokalypse \u2013 bilden den Rahmen f\u00fcr eine Show, in der alles m\u00f6glich scheint.<\/p>\n<\/div>","protected":false},"excerpt":{"rendered":"<p>Elsterglanz kehren zur\u00fcck: \u201eReturn of the Apocalyptic Kuchenbasar\u201c \u2013 Das Kult-Duo auf gro\u00dfer Ost-Tour<\/p>\n<p>&nbsp;<\/p>","protected":false},"featured_media":64229,"template":"","meta":{"_acf_changed":false,"inline_featured_image":false},"product_brand":[],"product_cat":[6725,31,95,35,3823,21,58,2816],"product_tag":[954,5459,941,6774,944,5460,3827,947,948,3826],"class_list":{"0":"post-64226","1":"product","2":"type-product","3":"status-publish","4":"has-post-thumbnail","6":"product_cat-comedy","7":"product_cat-events","8":"product_cat-humor","9":"product_cat-orte","10":"product_cat-stadthalle-weissenfels","11":"product_cat-ticket","12":"product_cat-veranstaltung","13":"product_cat-weissenfels","14":"product_tag-comedy","15":"product_tag-elsterglanz","16":"product_tag-events","17":"product_tag-humor","18":"product_tag-orte","19":"product_tag-return-of-the-apocalyptic-kuchenbasar","20":"product_tag-stadthalle-weissenfels","21":"product_tag-ticket","22":"product_tag-veranstaltung","23":"product_tag-weissenfels","24":"product_shipping_class-nur_paketversand","25":"pa_discount-ermaessigt","26":"pa_discount-kind","27":"pa_discount-normalpreis","28":"pa_preiskategorie-freie-platzwahl","29":"pa_preiskategorie-pk-i","30":"pa_preiskategorie-pk-ii","31":"pa_preiskategorie-pk-iii","32":"pa_preiskategorie-pk-iv","33":"pa_preiskategorie-pk5-stehplatz","35":"first","36":"outofstock","37":"taxable","38":"shipping-taxable","39":"purchasable","40":"product-type-variable"},"group_of_quantity":0,"min_quantity":0,"max_quantity":"","exclude_order_quantity_value_rules":"no","exclude_category_quantity_rules":"no","combine_variations":"no","acf":[],"_links":{"self":[{"href":"https:\/\/arena-ticket.com\/en\/wp-json\/wp\/v2\/product\/64226","targetHints":{"allow":["GET"]}}],"collection":[{"href":"https:\/\/arena-ticket.com\/en\/wp-json\/wp\/v2\/product"}],"about":[{"href":"https:\/\/arena-ticket.com\/en\/wp-json\/wp\/v2\/types\/product"}],"wp:featuredmedia":[{"embeddable":true,"href":"https:\/\/arena-ticket.com\/en\/wp-json\/wp\/v2\/media\/64229"}],"wp:attachment":[{"href":"https:\/\/arena-ticket.com\/en\/wp-json\/wp\/v2\/media?parent=64226"}],"wp:term":[{"taxonomy":"product_brand","embeddable":true,"href":"https:\/\/arena-ticket.com\/en\/wp-json\/wp\/v2\/product_brand?post=64226"},{"taxonomy":"product_cat","embeddable":true,"href":"https:\/\/arena-ticket.com\/en\/wp-json\/wp\/v2\/product_cat?post=64226"},{"taxonomy":"product_tag","embeddable":true,"href":"https:\/\/arena-ticket.com\/en\/wp-json\/wp\/v2\/product_tag?post=64226"}],"curies":[{"name":"wp","href":"https:\/\/api.w.org\/{rel}","templated":true}]}}