{"id":64234,"date":"2026-01-23T17:52:36","date_gmt":"2026-01-23T16:52:36","guid":{"rendered":"https:\/\/arena-ticket.com\/?p=64234&#038;post_type=product&#038;preview_id=64234"},"modified":"2026-01-29T08:11:36","modified_gmt":"2026-01-29T07:11:36","slug":"bonnie-tyler-jubilee-2026-tournee-haus-auensee-leipzig-04-11-2026-2000-uhr","status":"publish","type":"product","link":"https:\/\/arena-ticket.com\/en\/product\/bonnie-tyler-jubilee-2026-tournee-haus-auensee-leipzig-04-11-2026-2000-uhr\/","title":{"rendered":"Bonnie Tyler  - Jubilee 2026 Tournee"},"content":{"rendered":"<p>2026 kehrt Bonnie Tyler gleich mehrfach live auf B\u00fchnen in Deutschland, \u00d6sterreich und der Schweiz zur\u00fcck - mit ungebrochener Leidenschaft, neugewonnener Energie sowie ihren gr\u00f6\u00dften Hits. Jahrzehnte nachdem sie mit ihrer markanten, kraftvollen Stimme weltweit bekannt wurde, beweist sie erneut, warum sie bis heute zu den best\u00e4ndigsten Gr\u00f6\u00dfen der Musikgeschichte z\u00e4hlt. So spielt sie im Sommer 2026 diverse Open-Air-Konzerte, einige davon als \u201eSpecial Double\u201c mit Chris Norman. Am 1. November startet dann die Hallen-Tournee mit Auftritten in neun St\u00e4dten von Hamburg und Berlin bis Wien und Z\u00fcrich.<\/p>\n<p>Im Januar 2025 antwortete Bonnie Tyler auf die Frage, was die Tyler von 1975 wohl der Tyler von 2025 zurufen w\u00fcrde, wenn sie erf\u00e4hrt, dass sie immer noch auf Tournee geht, voller Selbstironie: \u201eIch w\u00fcrde sagen, das ist ein Witz, oder?\u201c Doch im gleichen Atemzug betont die selbstbewusste S\u00e4ngerin: \u201eIch bin nur aus einem Grund ins Showbusiness eingestiegen: Weil ich live singen wollte! Ich liebe es mit meiner tollen Band auf der B\u00fchne zu stehen. Das ist f\u00fcr mich pures Vergn\u00fcgen und gibt mir das Gef\u00fchl, mich jung zu f\u00fchlen und gl\u00fccklich zu sein!\u201c<\/p>\n<p>Im Laufe ihrer au\u00dfergew\u00f6hnlichen Karriere hat Bonnie immer aufs Neue Erwartungen \u00fcbertroffen und Erfolg neu definiert. Angefangen mit den fr\u00fchen Durchbr\u00fcchen mit \u201eLost in France\u201c und \u201eIt\u2019s a Heartache\u201c bis hin zum rekordbrechenden Album \u201eFaster Than the Speed of Night\u201c. Mit diesem Album war sie 1983 die erste britische K\u00fcnstlerin, die direkt auf Platz eins der britischen Albumcharts einstieg.<\/p>\n<p>Hymnen wie \u201eTotal Eclipse of the Heart\u201c und \u201eHolding Out for a Hero\u201c sind kulturelle Meilensteine und werden von Fans auf der ganzen Welt geliebt. Auch mit ihrer aktuellen Single \u201eYes I Can\u201c begeistert Bonnie weiterhin ihr Publikum und verbindet ihren ikonischen Sound mit einem modernen Touch. Tylers neueste Musik spiegelt denselben mutigen Geist wider, der sie \u00fcber Jahrzehnte des Erfolgs getragen hat. Geschrieben von den renommierten Nashville-Songwritern Bill Diluigi und Hannah McNeil, ist \u201eYes I Can\u201c eine kraftvolle Hymne \u00fcber Widerstandskraft und Entschlossenheit, die ihre spektakul\u00e4re Premiere in der europ\u00e4ischen TV-Show Silvester-Schlagerboom feierte.<\/p>\n<p>Mit einer Geschichte voller Chart-Hits, internationaler Auszeichnungen und unvergesslicher Live-Auftritte inspiriert Bonnies Weg bis heute. Dieses neue Kapitel zeigt sie selbstbewusst und unabh\u00e4ngig \u2013 gemeinsam mit ihrem engagierten Team und ihren treuen Fans schafft sie Musik, die weiterhin tief ber\u00fchrt.<\/p>\n<p>Tyler wurde f\u00fcr ihre herausragenden Leistungen vielfach ausgezeichnet, darunter mit einer Grammy-Nominierung als beste Pops\u00e4ngerin und beste Rockmusikerin, dem RSH-Gold Award, dem Echo und der Goldenen Europa als erfolgreichste K\u00fcnstlerin. 2011 erhielt sie den BMI \u201eMillion-Air Award\u201c f\u00fcr \u00fcber drei Millionen \u201eAirplays\u201c allein in den USA.<\/p>\n<p>Bonnie Tyler blickt nicht nur auf eine au\u00dfergew\u00f6hnliche Karriere zur\u00fcck \u2013 sie steht fest im Hier und Jetzt, mit einer Stimme, die genauso kraftvoll und unverwechselbar ist wie an dem Tag, an dem sie erstmals die Aufmerksamkeit der Welt auf sich zog. Bonnie Tyler steht f\u00fcr dauerhafte Relevanz statt f\u00fcr kurze Hypes \u2013 und ist immer f\u00fcr eine \u00dcberraschung gut\u2026<\/p>\n<p>Ihre Fans k\u00f6nnen sich schon jetzt auf unvergessliche Abende mit ihren gr\u00f6\u00dften Hits freuen!<\/p>","protected":false},"excerpt":{"rendered":"<p>Get your ticket now!<\/p>","protected":false},"featured_media":64238,"template":"","meta":{"_acf_changed":false,"inline_featured_image":false},"product_brand":[],"product_cat":[31,344,69,86,35,6732,21,58],"product_tag":[6833,941,962,6834,942,943,944,6804,947,948],"class_list":{"0":"post-64234","1":"product","2":"type-product","3":"status-publish","4":"has-post-thumbnail","6":"product_cat-events","7":"product_cat-haus-auensee","8":"product_cat-konzert","9":"product_cat-leipzig","10":"product_cat-orte","11":"product_cat-rock-hard-rock","12":"product_cat-ticket","13":"product_cat-veranstaltung","14":"product_tag-bonnie-tyler","15":"product_tag-events","16":"product_tag-haus-auensee","17":"product_tag-jubilee-2026-tournee","18":"product_tag-konzert","19":"product_tag-leipzig","20":"product_tag-orte","21":"product_tag-rock-hard-rock","22":"product_tag-ticket","23":"product_tag-veranstaltung","24":"product_shipping_class-nur_paketversand","25":"pa_discount-inklusive-begleitperson","26":"pa_discount-kind","27":"pa_discount-normalpreis","28":"pa_preiskategorie-pk-i","29":"pa_preiskategorie-pk-ii","30":"pa_preiskategorie-pk-iii","31":"pa_preiskategorie-pk-iv","32":"pa_preiskategorie-rollstuhlfahrer","33":"pa_preiskategorie-schwerbeschaedigt","35":"first","36":"instock","37":"taxable","38":"shipping-taxable","39":"purchasable","40":"product-type-variable"},"group_of_quantity":0,"min_quantity":0,"max_quantity":"","exclude_order_quantity_value_rules":"no","exclude_category_quantity_rules":"no","combine_variations":"no","acf":[],"_links":{"self":[{"href":"https:\/\/arena-ticket.com\/en\/wp-json\/wp\/v2\/product\/64234","targetHints":{"allow":["GET"]}}],"collection":[{"href":"https:\/\/arena-ticket.com\/en\/wp-json\/wp\/v2\/product"}],"about":[{"href":"https:\/\/arena-ticket.com\/en\/wp-json\/wp\/v2\/types\/product"}],"wp:featuredmedia":[{"embeddable":true,"href":"https:\/\/arena-ticket.com\/en\/wp-json\/wp\/v2\/media\/64238"}],"wp:attachment":[{"href":"https:\/\/arena-ticket.com\/en\/wp-json\/wp\/v2\/media?parent=64234"}],"wp:term":[{"taxonomy":"product_brand","embeddable":true,"href":"https:\/\/arena-ticket.com\/en\/wp-json\/wp\/v2\/product_brand?post=64234"},{"taxonomy":"product_cat","embeddable":true,"href":"https:\/\/arena-ticket.com\/en\/wp-json\/wp\/v2\/product_cat?post=64234"},{"taxonomy":"product_tag","embeddable":true,"href":"https:\/\/arena-ticket.com\/en\/wp-json\/wp\/v2\/product_tag?post=64234"}],"curies":[{"name":"wp","href":"https:\/\/api.w.org\/{rel}","templated":true}]}}