{"id":64242,"date":"2026-01-23T18:06:21","date_gmt":"2026-01-23T17:06:21","guid":{"rendered":"https:\/\/arena-ticket.com\/?p=64242&#038;post_type=product&#038;preview_id=64242"},"modified":"2026-01-23T18:15:05","modified_gmt":"2026-01-23T17:15:05","slug":"bernd-stelter-reg-dich-nicht-auf-gibt-nur-falten-haus-leipzig-08-10-2026-2000-uhr","status":"publish","type":"product","link":"https:\/\/arena-ticket.com\/en\/product\/bernd-stelter-reg-dich-nicht-auf-gibt-nur-falten-haus-leipzig-08-10-2026-2000-uhr\/","title":{"rendered":"Bernd Stelter  - Reg dich nicht auf. Gibt nur Falten!"},"content":{"rendered":"<div class=\"elementor-column elementor-col-50 elementor-top-column elementor-element elementor-element-9bc5c93\" data-id=\"9bc5c93\" data-element_type=\"column\">\n<div class=\"elementor-widget-wrap elementor-element-populated\">\n<div class=\"elementor-element elementor-element-f1b2d8e elementor-widget elementor-widget-text-editor\" data-id=\"f1b2d8e\" data-element_type=\"widget\" data-widget_type=\"text-editor.default\">\n<div class=\"elementor-widget-container\">\n<p>Wor\u00fcber regen wir uns nicht alles auf? \u00dcber das Kn\u00f6llchen an der Windschutzscheibe, die langsame Kassiererin an der Supermarktkasse, \u00fcber die Bundesregierung und \u00fcber das Wetter. Wenn wir uns \u00e4rgern, wenn wir zornig sind, dann gr\u00e4bt sich die Glabellafalte zwischen den Augenbrauen tief in unsere Haut. Deswegen hei\u00dft sie ja auch so: Zornesfalte. Und das sieht dann jeder.<br \/>\nWenn wir lachen, verbessert sich unser Hautbild. Mit einem L\u00e4cheln im Gesicht werden wir f\u00fcr unsere Mitmenschen attraktiver. Das andere Geschlecht f\u00fchlt sich zu uns hingezogen. Und Lachen ist gesund. Die Lunge wird trainiert, das Gehirn kriegt eine Sauerstoffdusche.<br \/>\n\u201eReg\u2019 Dich nicht auf. Gibt nur Falten!\u201c ist das neue Programm von BERND STELTER. Es gibt eine Menge zu Lachen. In zwei Stunden werden Falten gegl\u00e4ttet, das Hautbild verbessert und die Mundwinkel nach oben gezogen. Es ist quasi eine Zwei-Stunden-Beautybehandlung ganz ohne Botox und l\u00e4stige Sch\u00f6nheitschirurgen.<\/p>\n<\/div>\n<\/div>\n<\/div>\n<\/div>\n<div class=\"elementor-column elementor-col-50 elementor-top-column elementor-element elementor-element-83c3765\" data-id=\"83c3765\" data-element_type=\"column\">\n<div class=\"elementor-widget-wrap elementor-element-populated\">\n<div class=\"elementor-element elementor-element-eabc2e8 elementor-widget elementor-widget-shortcode\" data-id=\"eabc2e8\" data-element_type=\"widget\" data-widget_type=\"shortcode.default\">\n<div class=\"elementor-widget-container\">\n<div class=\"elementor-shortcode\">\n<div id=\"d2mc-weiterlesen-1\" class=\"d2mc-weiterlesen\"><\/div>\n<\/div>\n<\/div>\n<\/div>\n<div class=\"elementor-element elementor-element-0bfe292 elementor-widget elementor-widget-video\" data-id=\"0bfe292\" data-element_type=\"widget\" data-settings=\"{&quot;youtube_url&quot;:&quot;https:\/\/www.youtube.com\/watch?v=w0__vLMVD5Y&quot;,&quot;mute&quot;:&quot;yes&quot;,&quot;yt_privacy&quot;:&quot;yes&quot;,&quot;video_type&quot;:&quot;youtube&quot;,&quot;controls&quot;:&quot;yes&quot;}\" data-widget_type=\"brlbs_video.default\">\n<div class=\"elementor-widget-container\">\n<div class=\"elementor-wrapper elementor-open-inline\">\n<div class=\"elementor-video\">\n<div class=\"brlbs-cmpnt-container brlbs-cmpnt-content-blocker brlbs-cmpnt-with-individual-styles\" data-borlabs-cookie-content-blocker-id=\"youtube-content-blocker\" data-borlabs-cookie-content=\"PHNjcmlwdD4KKGZ1bmN0aW9uKCkgewogICAgbGV0IGQgPSBudWxsOwoKICAgIC8vIGlmIHdlIGFyZSBpbiBhIGxvb3AsIHdlIG5lZWQgdG8gc2VsZWN0IHRoZSBjb3JyZWN0IHZpZGVvIGVsZW1lbnQsIHNpbmNlIFdpZGdldCBJRCBvY2N1cnMgbXVsdGlwbGUgdGltZXMgb24gcGFnZQogICAgY29uc3QgZWxlbXNJbkxvb3AgPSBkb2N1bWVudC5xdWVyeVNlbGVjdG9yQWxsKCc6aXMoZGl2W2RhdGEtZWxlbWVudG9yLXR5cGU9Imxvb3AtaXRlbSJdLGRpdltkYXRhLWVsZW1lbnRvci10eXBlPSJqZXQtbGlzdGluZy1pdGVtcyJdKSBkaXYuZWxlbWVudG9yLWVsZW1lbnQtMGJmZTI5MicpOwogICAgaWYgKGVsZW1zSW5Mb29wLmxlbmd0aCA9PT0gMSkgewogICAgICAgIGQgPSBlbGVtc0luTG9vcFswXTsKICAgIH0gZWxzZSBpZiAoZWxlbXNJbkxvb3AubGVuZ3RoID4gMSkgewogICAgICAgIGlmICh0eXBlb2YgZG9jdW1lbnQuY3VycmVudFNjcmlwdCA9PT0gJ3VuZGVmaW5lZCcgfHwgZG9jdW1lbnQuY3VycmVudFNjcmlwdCA9PSBudWxsKSB7CiAgICAgICAgICAgIHJldHVybjsKICAgICAgICB9CiAgICAgICAgY29uc3QgdG1wVmlkZW9XaWRnZXQgPSBkb2N1bWVudC5jdXJyZW50U2NyaXB0LmNsb3Nlc3QoJ1tkYXRhLXdpZGdldF90eXBlPSJicmxic192aWRlby5kZWZhdWx0Il0nKTsKICAgICAgICBpZiAodG1wVmlkZW9XaWRnZXQpIHsKICAgICAgICAgICAgZCA9IHRtcFZpZGVvV2lkZ2V0OwogICAgICAgIH0KICAgIH0KCiAgICBpZiAoZCA9PSBudWxsKSB7CiAgICAgICAgZCA9IGRvY3VtZW50LnF1ZXJ5U2VsZWN0b3IoJ2Rpdi5lbGVtZW50b3ItZWxlbWVudC0wYmZlMjkyJyk7CiAgICB9CgogICAgaWYgKGQgPT0gbnVsbCkgewogICAgICAgIHJldHVybjsKICAgIH0KICAgIGQuZGF0YXNldC53aWRnZXRfdHlwZSA9IGQuZGF0YXNldC53aWRnZXRfdHlwZS5yZXBsYWNlKCdicmxic18nLCAnJyk7CiAgICBkLmRhdGFzZXQuYnJsYnNVbmJsb2NrZWQgPSAndHJ1ZSc7CgogICAgY29uc3QgaW50ZXJ2YWwgPSBzZXRJbnRlcnZhbCgoKSA9PiB7CiAgICAgICAgaWYgKHR5cGVvZiBlbGVtZW50b3JGcm9udGVuZCAhPT0gJ3VuZGVmaW5lZCcgJiYgdHlwZW9mIGVsZW1lbnRvckZyb250ZW5kLmhvb2tzICE9PSAndW5kZWZpbmVkJykgewogICAgICAgICAgICBjbGVhckludGVydmFsKGludGVydmFsKTsKICAgICAgICAgICAgZWxlbWVudG9yRnJvbnRlbmQuaG9va3MuZG9BY3Rpb24oJ2Zyb250ZW5kL2VsZW1lbnRfcmVhZHkvdmlkZW8uZGVmYXVsdCcsIGpRdWVyeShkKSwgalF1ZXJ5KQogICAgICAgIH0KICAgIH0sIDMwKQp9KSgpOwo8L3NjcmlwdD4=\">\n<div class=\"brlbs-cmpnt-cb-preset-c brlbs-cmpnt-cb-youtube\"><\/div>\n<\/div>\n<\/div>\n<\/div>\n<\/div>\n<\/div>\n<\/div>\n<\/div>","protected":false},"excerpt":{"rendered":"<p>In zwei Stunden werden Falten gegl\u00e4ttet, das Hautbild verbessert und die Mundwinkel nach oben gezogen. Es ist quasi eine Zwei-Stunden-Beautybehandlung ganz ohne Botox und l\u00e4stige Sch\u00f6nheitschirurgen.<\/p>","protected":false},"featured_media":64247,"template":"","meta":{"_acf_changed":false,"inline_featured_image":false},"product_brand":[],"product_cat":[6725,31,349,95,86,35,21,58],"product_tag":[4251,954,941,955,6774,943,944,6835,947,948],"class_list":{"0":"post-64242","1":"product","2":"type-product","3":"status-publish","4":"has-post-thumbnail","6":"product_cat-comedy","7":"product_cat-events","8":"product_cat-haus-leipzig","9":"product_cat-humor","10":"product_cat-leipzig","11":"product_cat-orte","12":"product_cat-ticket","13":"product_cat-veranstaltung","14":"product_tag-bernd-stelter","15":"product_tag-comedy","16":"product_tag-events","17":"product_tag-haus-leipzig","18":"product_tag-humor","19":"product_tag-leipzig","20":"product_tag-orte","21":"product_tag-reg-dich-nicht-auf-gibt-nur-falten","22":"product_tag-ticket","23":"product_tag-veranstaltung","24":"product_shipping_class-nur_paketversand","25":"pa_discount-normalpreis","26":"pa_preiskategorie-pk-i","27":"pa_preiskategorie-pk-ii","28":"pa_preiskategorie-pk-iii","30":"first","31":"instock","32":"taxable","33":"shipping-taxable","34":"purchasable","35":"product-type-variable"},"group_of_quantity":0,"min_quantity":0,"max_quantity":"","exclude_order_quantity_value_rules":"no","exclude_category_quantity_rules":"no","combine_variations":"no","acf":[],"_links":{"self":[{"href":"https:\/\/arena-ticket.com\/en\/wp-json\/wp\/v2\/product\/64242","targetHints":{"allow":["GET"]}}],"collection":[{"href":"https:\/\/arena-ticket.com\/en\/wp-json\/wp\/v2\/product"}],"about":[{"href":"https:\/\/arena-ticket.com\/en\/wp-json\/wp\/v2\/types\/product"}],"wp:featuredmedia":[{"embeddable":true,"href":"https:\/\/arena-ticket.com\/en\/wp-json\/wp\/v2\/media\/64247"}],"wp:attachment":[{"href":"https:\/\/arena-ticket.com\/en\/wp-json\/wp\/v2\/media?parent=64242"}],"wp:term":[{"taxonomy":"product_brand","embeddable":true,"href":"https:\/\/arena-ticket.com\/en\/wp-json\/wp\/v2\/product_brand?post=64242"},{"taxonomy":"product_cat","embeddable":true,"href":"https:\/\/arena-ticket.com\/en\/wp-json\/wp\/v2\/product_cat?post=64242"},{"taxonomy":"product_tag","embeddable":true,"href":"https:\/\/arena-ticket.com\/en\/wp-json\/wp\/v2\/product_tag?post=64242"}],"curies":[{"name":"wp","href":"https:\/\/api.w.org\/{rel}","templated":true}]}}