{"id":64255,"date":"2026-01-23T18:43:05","date_gmt":"2026-01-23T17:43:05","guid":{"rendered":"https:\/\/arena-ticket.com\/?p=64255&#038;post_type=product&#038;preview_id=64255"},"modified":"2026-01-26T13:02:59","modified_gmt":"2026-01-26T12:02:59","slug":"ben-zucker-kaempferherz-die-open-airs-2026-chemnitz-wasserschloss-klaffenbach-04-07-2026-1930-uhr","status":"publish","type":"product","link":"https:\/\/arena-ticket.com\/en\/product\/ben-zucker-kaempferherz-die-open-airs-2026-chemnitz-wasserschloss-klaffenbach-04-07-2026-1930-uhr\/","title":{"rendered":"BEN ZUCKER - K\u00e4mpferherz  - Die Open Airs 2026"},"content":{"rendered":"<p>Nach dem Erfolg seiner Arenatour bringt Ben Zucker seine gro\u00dfe Live-Show 2026 unter freien Himmel \u2013 exklusive Open-Air-Termine mit neuen Songs, gro\u00dfem Sound und einer Show, die unter die Haut geht.<\/p>\n<p>Ben Zucker, einer der beliebtesten Pop-Schlagerk\u00fcnstler Deutschlands k\u00fcndigt mit seiner \u201eK\u00c4MPFERHERZ \u2013 Die Open Airs 2026\u201c Tour nun Zusatztermine seiner Arena-Produktion an und bringt seine Musik damit auch 2026 dorthin, wo sie am besten klingt: mitten unter die Menschen in Freiluft-Locations im deutschsprachigen Raum \u2013 von historischen Kulissen wie der Festung K\u00f6nigstein bis zu idyllischen Locations direkt am Wasser.<\/p>\n<p>Ben Zucker ist nicht nur von den gro\u00dfen B\u00fchnen, sondern auch aus den Charts nicht mehr wegzudenken. Mit \u00fcber 1,5 Millionen verkauften Tontr\u00e4gern, zahlreichen Gold- und Platinauszeichnungen sowie einer treuen Fangemeinde z\u00e4hlt er zu den erfolgreichsten und authentischsten K\u00fcnstlern der deutschen Musikszene. Neben den neuen Songs d\u00fcrfen sich Fans auch auf seine bekannten Radio- und B\u00fchnenhits wie \u201eNa und?!\u201c, \u201eWas f\u00fcr eine geile Zeit\u201c, \u201eWer sagt das?!\u201c oder \u201eGuten Morgen Welt\u201c freuen \u2013 live dargeboten von seiner kraftvollen Band und eingebettet in eine Show voller Energie, Gef\u00fchl und unvergesslicher Momente.<\/p>","protected":false},"excerpt":{"rendered":"<p>Secure your tickets!<\/p>","protected":false},"featured_media":64258,"template":"","meta":{"_acf_changed":false,"inline_featured_image":false},"product_brand":[],"product_cat":[103,31,69,35,6734,21,58,512],"product_tag":[6836,992,6837,941,942,944,2568,947,948,993],"class_list":{"0":"post-64255","1":"product","2":"type-product","3":"status-publish","4":"has-post-thumbnail","6":"product_cat-chemnitz","7":"product_cat-events","8":"product_cat-konzert","9":"product_cat-orte","10":"product_cat-schlager","11":"product_cat-ticket","12":"product_cat-veranstaltung","13":"product_cat-wasserschloss-klaffenbach","14":"product_tag-ben-zucker-kaempferherz","15":"product_tag-chemnitz","16":"product_tag-die-open-airs-2026","17":"product_tag-events","18":"product_tag-konzert","19":"product_tag-orte","20":"product_tag-schlager","21":"product_tag-ticket","22":"product_tag-veranstaltung","23":"product_tag-wasserschloss-klaffenbach","24":"product_shipping_class-nur_paketversand","25":"pa_discount-kind-bis-14-jahre","26":"pa_discount-normalpreis","27":"pa_preiskategorie-stehplatz","29":"first","30":"instock","31":"taxable","32":"shipping-taxable","33":"purchasable","34":"product-type-variable"},"group_of_quantity":0,"min_quantity":0,"max_quantity":"","exclude_order_quantity_value_rules":"no","exclude_category_quantity_rules":"no","combine_variations":"no","acf":[],"_links":{"self":[{"href":"https:\/\/arena-ticket.com\/en\/wp-json\/wp\/v2\/product\/64255","targetHints":{"allow":["GET"]}}],"collection":[{"href":"https:\/\/arena-ticket.com\/en\/wp-json\/wp\/v2\/product"}],"about":[{"href":"https:\/\/arena-ticket.com\/en\/wp-json\/wp\/v2\/types\/product"}],"wp:featuredmedia":[{"embeddable":true,"href":"https:\/\/arena-ticket.com\/en\/wp-json\/wp\/v2\/media\/64258"}],"wp:attachment":[{"href":"https:\/\/arena-ticket.com\/en\/wp-json\/wp\/v2\/media?parent=64255"}],"wp:term":[{"taxonomy":"product_brand","embeddable":true,"href":"https:\/\/arena-ticket.com\/en\/wp-json\/wp\/v2\/product_brand?post=64255"},{"taxonomy":"product_cat","embeddable":true,"href":"https:\/\/arena-ticket.com\/en\/wp-json\/wp\/v2\/product_cat?post=64255"},{"taxonomy":"product_tag","embeddable":true,"href":"https:\/\/arena-ticket.com\/en\/wp-json\/wp\/v2\/product_tag?post=64255"}],"curies":[{"name":"wp","href":"https:\/\/api.w.org\/{rel}","templated":true}]}}