{"id":64313,"date":"2026-01-26T12:54:19","date_gmt":"2026-01-26T11:54:19","guid":{"rendered":"https:\/\/arena-ticket.com\/?p=64313&#038;post_type=product&#038;preview_id=64313"},"modified":"2026-01-26T13:00:46","modified_gmt":"2026-01-26T12:00:46","slug":"madsen-album-tour-sommer-2026-chemnitz-wasserschloss-klaffenbach-24-07-2026-2000-uhr","status":"publish","type":"product","link":"https:\/\/arena-ticket.com\/en\/product\/madsen-album-tour-sommer-2026-chemnitz-wasserschloss-klaffenbach-24-07-2026-2000-uhr\/","title":{"rendered":"Madsen  - Album Tour - Sommer 2026"},"content":{"rendered":"<div dir=\"auto\">Wie viele Bands k\u00f6nnen stolz von sich behaupten, zehn Studioalben ver\u00f6ffentlicht zu haben und dabei seit nunmehr \u00fcber 20 Jahren eine der beliebtesten Live-Bands Deutschlands zu bleiben? Nicht viele \u2013 aber Madsen k\u00f6nnen sich schon bald dazu z\u00e4hlen. Am 29. Mai 2026 wird mit \u201eSmile\u201c n\u00e4mlich das zehnte Werk der Band aus Niedersachsen erscheinen. Das haben Madsen gerade erst auf ihrem ausverkauften Konzert in der Hamburger Sporthalle verk\u00fcndet. Den ersten Vorgeschmack gab es vor Ort auch schon live zu h\u00f6ren \u2013 f\u00fcr den Rest der Welt wird der Titeltrack \u201eSmile\u201c Ende Januar erscheinen.<\/div>\n<div dir=\"auto\"><\/div>\n<div dir=\"auto\">\u00dcber 20 Jahre ist es her, seit die Br\u00fcder Sebastian, Johannes und Sascha Madsen gemeinsam mit Bassist Niko Maurer und dem ehemaligen Mitglied Folkert 2005 mit \u201eMadsen\u201c ihr Deb\u00fctalbum ver\u00f6ffentlicht haben, nachdem bereits mehrere Jahre zusammen musiziert worden war. Bereits ein Jahr sp\u00e4ter erschien mit \u201eGoodbye Logik\u201c eines der bis heute wichtigsten Alben der Banddiskografie, auf das in starkem Takt weitere Ver\u00f6ffentlichungen nachgelegt wurden. Der bis dato letzte Longplayer \u201eHollywood\u201c erschien im Jahr 2023 auf ihrem eigenen Label und war das erste Nummer-eins-Album der Band.<\/div>\n<div dir=\"auto\"><\/div>\n<div dir=\"auto\">20 Jahre, in denen die Musiker von ihrem anf\u00e4nglichen Punk- und Indie-Rock-Sound immer weiter ihre eigene musikalische Nische gefunden und unz\u00e4hlige Hits wie \u201eLass die Musik an\u201c, \u201eDu schreibst Geschichte\u201c oder \u201eMacht euch laut\u201c hervorgebracht haben. Und vor allem: 20 Jahre, in denen sich die Gruppe von einer lokalen Live-Band im nieders\u00e4chsischen Wendland auf die Headline-Festivalb\u00fchnen dieses Landes gespielt hat. Epische Mitsing-Refrains und Punkrock-Energie verleihen den Auftritten der Band seit Gr\u00fcndung das gewisse Etwas \u2013 genauso wie die enorme Fanbindung, die Madsen an den Tag legen. Kein Wunder also, dass die Gitarrenband mit ihrem neuen Album neben den bereits best\u00e4tigten obligatorischen Open-Air-Auftritten im Sommer gleich auch eine ausgepr\u00e4gte Deutschlandtour f\u00fcr n\u00e4chstes Jahr angek\u00fcndigt hat. Stolze zw\u00f6lf Mal bringen sie \u201eSmile\u201c im Herbst 2026 auf die B\u00fchne \u2013 und haben mit Sicherheit auch die anderen Highlights aus \u00fcber zwei Jahrzehnten Bandbestehen dabei. Im Juni wird es zur Einstimmung au\u00dferdem eine Album-Release-Show im Hamburger Stadtpark geben<\/div>","protected":false},"excerpt":{"rendered":"<p>Secure your tickets!<\/p>","protected":false},"featured_media":64318,"template":"","meta":{"_acf_changed":false,"inline_featured_image":false},"product_brand":[],"product_cat":[103,31,69,35,6732,21,58,512],"product_tag":[6841,992,941,942,6840,944,6804,947,948,993],"class_list":{"0":"post-64313","1":"product","2":"type-product","3":"status-publish","4":"has-post-thumbnail","6":"product_cat-chemnitz","7":"product_cat-events","8":"product_cat-konzert","9":"product_cat-orte","10":"product_cat-rock-hard-rock","11":"product_cat-ticket","12":"product_cat-veranstaltung","13":"product_cat-wasserschloss-klaffenbach","14":"product_tag-album-tour-sommer-2026","15":"product_tag-chemnitz","16":"product_tag-events","17":"product_tag-konzert","18":"product_tag-madsen","19":"product_tag-orte","20":"product_tag-rock-hard-rock","21":"product_tag-ticket","22":"product_tag-veranstaltung","23":"product_tag-wasserschloss-klaffenbach","24":"product_shipping_class-nur_paketversand","25":"pa_discount-kind-bis-14-jahre","26":"pa_discount-normalpreis","27":"pa_preiskategorie-stehplatz","29":"first","30":"instock","31":"taxable","32":"shipping-taxable","33":"purchasable","34":"product-type-variable"},"group_of_quantity":0,"min_quantity":0,"max_quantity":"","exclude_order_quantity_value_rules":"no","exclude_category_quantity_rules":"no","combine_variations":"no","acf":[],"_links":{"self":[{"href":"https:\/\/arena-ticket.com\/en\/wp-json\/wp\/v2\/product\/64313","targetHints":{"allow":["GET"]}}],"collection":[{"href":"https:\/\/arena-ticket.com\/en\/wp-json\/wp\/v2\/product"}],"about":[{"href":"https:\/\/arena-ticket.com\/en\/wp-json\/wp\/v2\/types\/product"}],"wp:featuredmedia":[{"embeddable":true,"href":"https:\/\/arena-ticket.com\/en\/wp-json\/wp\/v2\/media\/64318"}],"wp:attachment":[{"href":"https:\/\/arena-ticket.com\/en\/wp-json\/wp\/v2\/media?parent=64313"}],"wp:term":[{"taxonomy":"product_brand","embeddable":true,"href":"https:\/\/arena-ticket.com\/en\/wp-json\/wp\/v2\/product_brand?post=64313"},{"taxonomy":"product_cat","embeddable":true,"href":"https:\/\/arena-ticket.com\/en\/wp-json\/wp\/v2\/product_cat?post=64313"},{"taxonomy":"product_tag","embeddable":true,"href":"https:\/\/arena-ticket.com\/en\/wp-json\/wp\/v2\/product_tag?post=64313"}],"curies":[{"name":"wp","href":"https:\/\/api.w.org\/{rel}","templated":true}]}}