{"id":64324,"date":"2026-01-26T13:01:27","date_gmt":"2026-01-26T12:01:27","guid":{"rendered":"https:\/\/arena-ticket.com\/?p=64324&#038;post_type=product&#038;preview_id=64324"},"modified":"2026-01-28T14:54:01","modified_gmt":"2026-01-28T13:54:01","slug":"meute-jubel-10-years-chemnitz-wasserschloss-klaffenbach-26-07-2026-1900-uhr","status":"publish","type":"product","link":"https:\/\/arena-ticket.com\/en\/product\/meute-jubel-10-years-chemnitz-wasserschloss-klaffenbach-26-07-2026-1900-uhr\/","title":{"rendered":"MEUTE  - JUBEL 10 Years"},"content":{"rendered":"<p>Der Bass vibriert, das Konfetti flimmert und die roten Uniformen glitzern im Strobo. Durch die explosive Kombination aus hypnotisch treibendem Techno und expressiver Blasmusik erzeugt die Techno Marching Band MEUTE seit 2015 gro\u00dfen Wirbel quer \u00fcber den Planeten. Die elf Hamburger in den ikonischen roten Jacken brechen Regeln und sprengen Grenzen. Was als kleines Experiment auf den Stra\u00dfen von St. Pauli begann, hat sich innerhalb k\u00fcrzester Zeit zu einem weltweit gefeierten Ph\u00e4nomen entwickelt. Ausschlie\u00dflich mit akustischen Instrumenten vollf\u00fchren MEUTE eine Revolution im Techno und gestalten gleichzeitig die Idee des Spielmannszuges neu. Mit viralen Hits und ausverkauften Clubs sorgen sie weltweit f\u00fcr elektronische Ekstase. Im Jahr 2025 gibt es noch mehr Grund f\u00fcr kollektive Euphorie und schwei\u00dfgebadete Gl\u00fcckseligkeit: Die Band MEUTE l\u00e4dt zur gemeinsamen Liebeserkl\u00e4rung an die letzten zehn Jahre Ausnahmezustand ein. Gemeinsam mit ihren Fans wollen sie das zehnj\u00e4hrige Band Jubil\u00e4um feiern und ver\u00f6ffentlichen zu diesem Anlass ihr erstes Best-of-Album JUBEL und geht die dazugeh\u00f6rige Europa Tournee JUBEL - 10 YEARS.<\/p>","protected":false},"excerpt":{"rendered":"<p>Secure your tickets!<\/p>","protected":false},"featured_media":64329,"template":"","meta":{"_acf_changed":false,"inline_featured_image":false},"product_brand":[],"product_cat":[103,6738,31,69,35,21,58,512],"product_tag":[992,1117,941,6842,942,4516,944,947,948,993],"class_list":{"0":"post-64324","1":"product","2":"type-product","3":"status-publish","4":"has-post-thumbnail","6":"product_cat-chemnitz","7":"product_cat-dance","8":"product_cat-events","9":"product_cat-konzert","10":"product_cat-orte","11":"product_cat-ticket","12":"product_cat-veranstaltung","13":"product_cat-wasserschloss-klaffenbach","14":"product_tag-chemnitz","15":"product_tag-dance","16":"product_tag-events","17":"product_tag-jubel-10-years","18":"product_tag-konzert","19":"product_tag-meute","20":"product_tag-orte","21":"product_tag-ticket","22":"product_tag-veranstaltung","23":"product_tag-wasserschloss-klaffenbach","24":"product_shipping_class-nur_paketversand","25":"pa_discount-kind-bis-14-jahre","26":"pa_discount-normalpreis","27":"pa_preiskategorie-stehplatz","29":"first","30":"instock","31":"taxable","32":"shipping-taxable","33":"purchasable","34":"product-type-variable"},"group_of_quantity":0,"min_quantity":0,"max_quantity":"","exclude_order_quantity_value_rules":"no","exclude_category_quantity_rules":"no","combine_variations":"no","acf":[],"_links":{"self":[{"href":"https:\/\/arena-ticket.com\/en\/wp-json\/wp\/v2\/product\/64324","targetHints":{"allow":["GET"]}}],"collection":[{"href":"https:\/\/arena-ticket.com\/en\/wp-json\/wp\/v2\/product"}],"about":[{"href":"https:\/\/arena-ticket.com\/en\/wp-json\/wp\/v2\/types\/product"}],"wp:featuredmedia":[{"embeddable":true,"href":"https:\/\/arena-ticket.com\/en\/wp-json\/wp\/v2\/media\/64329"}],"wp:attachment":[{"href":"https:\/\/arena-ticket.com\/en\/wp-json\/wp\/v2\/media?parent=64324"}],"wp:term":[{"taxonomy":"product_brand","embeddable":true,"href":"https:\/\/arena-ticket.com\/en\/wp-json\/wp\/v2\/product_brand?post=64324"},{"taxonomy":"product_cat","embeddable":true,"href":"https:\/\/arena-ticket.com\/en\/wp-json\/wp\/v2\/product_cat?post=64324"},{"taxonomy":"product_tag","embeddable":true,"href":"https:\/\/arena-ticket.com\/en\/wp-json\/wp\/v2\/product_tag?post=64324"}],"curies":[{"name":"wp","href":"https:\/\/api.w.org\/{rel}","templated":true}]}}