{"id":64337,"date":"2026-01-26T13:09:19","date_gmt":"2026-01-26T12:09:19","guid":{"rendered":"https:\/\/arena-ticket.com\/?p=64337&#038;post_type=product&#038;preview_id=64337"},"modified":"2026-01-28T14:53:33","modified_gmt":"2026-01-28T13:53:33","slug":"airbourne-tour-2026-chemnitz-wasserschloss-klaffenbach-07-08-2026-2000-uhr","status":"publish","type":"product","link":"https:\/\/arena-ticket.com\/en\/product\/airbourne-tour-2026-chemnitz-wasserschloss-klaffenbach-07-08-2026-2000-uhr\/","title":{"rendered":"Airbourne  - Tour 2026"},"content":{"rendered":"<p>Erste Shows von Australiens Hardrock-Giganten Airbourne im Fr\u00fchjahr 2026 bereits ausverkauft - Zusatzshow im August in Chemnitz!<\/p>\n<p><span class=\"x193iq5w xeuugli x13faqbe x1vvkbs x1xmvt09 x1lliihq x1s928wv xhkezso x1gmr53x x1cpjm7i x1fgarty x1943h6x xudqn12 x3x7a5m x6prxxf xvq8zen xo1l8bm xzsf02u\" dir=\"auto\">Gitarren-Riffs, Energie, Leidenschaft: Bereits mit ihrem Deb\u00fctalbum \u201eRunnin\u2019 Wild\u201c stiegen Airbourne zur hei\u00dfesten Hardrock-Band des neuen Jahrtausends auf. Mit den Nachfolgern \u201eNo Guts. No Glory\u201c (2010), \u201eBlack Dog Barking\u201c (2013), \u201eBreakin\u2019 Outta Hell\u201c (2016) und \u201eBoneshaker\u201c (2019) entwickelte sich das australische Quartett zu einem weltweiten Hit-Garanten. Gerade in Deutschland l\u00f6sen Airbourne anhaltende Begeisterungsst\u00fcrme aus: Vier ihrer f\u00fcnf Alben erreichten auf Anhieb eine Top-Ten-Platzierung. Doch auch international haben sie sich souver\u00e4n in der Hardrock-Szene als Ma\u00df aller Dinge verortet. Deshalb gehen Airbourne erneut auf Welttournee. Mittlerweile sind bereits drei der sechs Deutschlandshows Anfang 2026 ausverkauft, und so k\u00fcndigt die Band nun eine zus\u00e4tzliche Show im Sommer in Chemnitz an.<\/span><br \/>\n<span class=\"x193iq5w xeuugli x13faqbe x1vvkbs x1xmvt09 x1lliihq x1s928wv xhkezso x1gmr53x x1cpjm7i x1fgarty x1943h6x xudqn12 x3x7a5m x6prxxf xvq8zen xo1l8bm xzsf02u\" dir=\"auto\"><br class=\"html-br\" \/>Airbourne aus der australischen 30.000-Seelen-Stadt Warrnambool verk\u00f6rpern alles, was Hardrock ausmacht: Gitarren auf AC\/DC-Niveau, Refrains im Stile von Iron Maiden, Guns N\u2019 Roses oder M\u00f6tley Cr\u00fce sowie eine B\u00fchnenshow, die \u00e4hnlich viel Euphorie ausl\u00f6st wie ein komplettes Heavy-Metal-Festival. Mit ihrem im Mai 2008 ver\u00f6ffentlichten Deb\u00fct \u201eRunnin\u2019 Wild\u201c stellten Joel O\u2019Keeffe (Gesang, Gitarre), Ryan O\u2019Keeffe (Schlagzeug), David Roads (Gitarre) und Justin Street (Bass) sofort klar: Airbourne scheren sich nicht um Trends und Moden. Die von Bob Marlette und Andy Wallace (Ozzy Osbourne, Alice Cooper, Guns N\u2019 Roses) produzierte Platte strotzte nur so vor Selbstbewusstsein. Entsprechend wurden sie mit dem englischen Metal Hammer-Award f\u00fcr das beste Deb\u00fctalbum des Jahres ausgezeichnet. Immer und \u00fcberall begeistert die Truppe seither die Massen mit ihrer mitrei\u00dfenden, schn\u00f6rkellosen Show. All das schaffen Airbourne mit einem ehrlichen, handgemachten, leidenschaftlichen Sound, den sie \u00fcber vier weitere Alben perfektioniert und ausformuliert haben. Vier dieser f\u00fcnf Alben waren nominiert f\u00fcr den bedeutendsten australischen Musikpreis, den ARIA Award, neben zahlreichen anderen Preisen und Nominierungen. Mit Brett Tyrrell ist nun ein neuer Rhythmus-Gitarrist an Bord, dessen kraftvolles Gitarrenspiel einen frischen Wind in die Band bringt. Zuletzt sorgte die Band mit ihrer Single \u201aGUTSY\u2018, die zum Festivalsommer erschienen ist, f\u00fcr Begeisterung bei den Fans. Beginnend mit einem Glockenschlag, zeigen sich Airbourne von ihrer raffiniertesten Seite, sind laut und bombastisch. Man darf also sehr gespannt sein auf die musikalische Zukunft.<\/span><\/p>","protected":false},"excerpt":{"rendered":"<p>Secure your tickets!<\/p>","protected":false},"featured_media":64340,"template":"","meta":{"_acf_changed":false,"inline_featured_image":false},"product_brand":[],"product_cat":[103,31,69,35,6732,21,58,512],"product_tag":[3424,992,941,942,944,6804,947,4188,948,993],"class_list":{"0":"post-64337","1":"product","2":"type-product","3":"status-publish","4":"has-post-thumbnail","6":"product_cat-chemnitz","7":"product_cat-events","8":"product_cat-konzert","9":"product_cat-orte","10":"product_cat-rock-hard-rock","11":"product_cat-ticket","12":"product_cat-veranstaltung","13":"product_cat-wasserschloss-klaffenbach","14":"product_tag-airbourne","15":"product_tag-chemnitz","16":"product_tag-events","17":"product_tag-konzert","18":"product_tag-orte","19":"product_tag-rock-hard-rock","20":"product_tag-ticket","21":"product_tag-tour-2026","22":"product_tag-veranstaltung","23":"product_tag-wasserschloss-klaffenbach","24":"product_shipping_class-nur_paketversand","25":"pa_discount-kind-bis-14-jahre","26":"pa_discount-normalpreis","27":"pa_preiskategorie-stehplatz","29":"first","30":"instock","31":"taxable","32":"shipping-taxable","33":"purchasable","34":"product-type-variable"},"group_of_quantity":0,"min_quantity":0,"max_quantity":"","exclude_order_quantity_value_rules":"no","exclude_category_quantity_rules":"no","combine_variations":"no","acf":[],"_links":{"self":[{"href":"https:\/\/arena-ticket.com\/en\/wp-json\/wp\/v2\/product\/64337","targetHints":{"allow":["GET"]}}],"collection":[{"href":"https:\/\/arena-ticket.com\/en\/wp-json\/wp\/v2\/product"}],"about":[{"href":"https:\/\/arena-ticket.com\/en\/wp-json\/wp\/v2\/types\/product"}],"wp:featuredmedia":[{"embeddable":true,"href":"https:\/\/arena-ticket.com\/en\/wp-json\/wp\/v2\/media\/64340"}],"wp:attachment":[{"href":"https:\/\/arena-ticket.com\/en\/wp-json\/wp\/v2\/media?parent=64337"}],"wp:term":[{"taxonomy":"product_brand","embeddable":true,"href":"https:\/\/arena-ticket.com\/en\/wp-json\/wp\/v2\/product_brand?post=64337"},{"taxonomy":"product_cat","embeddable":true,"href":"https:\/\/arena-ticket.com\/en\/wp-json\/wp\/v2\/product_cat?post=64337"},{"taxonomy":"product_tag","embeddable":true,"href":"https:\/\/arena-ticket.com\/en\/wp-json\/wp\/v2\/product_tag?post=64337"}],"curies":[{"name":"wp","href":"https:\/\/api.w.org\/{rel}","templated":true}]}}