{"id":64396,"date":"2026-01-26T15:14:14","date_gmt":"2026-01-26T14:14:14","guid":{"rendered":"https:\/\/arena-ticket.com\/?p=64396&#038;post_type=product&#038;preview_id=64396"},"modified":"2026-01-26T15:34:37","modified_gmt":"2026-01-26T14:34:37","slug":"chinesischer-nationalcircus-zensation-chinas-grossmeister-der-balance-grosser-saal-gewandhaus-leipzig-11-04-2027-1900-uhr","status":"publish","type":"product","link":"https:\/\/arena-ticket.com\/en\/product\/chinesischer-nationalcircus-zensation-chinas-grossmeister-der-balance-grosser-saal-gewandhaus-leipzig-11-04-2027-1900-uhr\/","title":{"rendered":"Chinesischer Nationalcircus - ZENsation  - Chinas Grossmeister der Balance"},"content":{"rendered":"<p>Seit jeher stehen die chinesischen Akrobaten f\u00fcr die gelebte Einheit von K\u00f6rper, Geist und Seele. Nicht von ungef\u00e4hr zeichnen sich diese Ausnahmek\u00fcnstler neben ihrem gro\u00dfen technischen K\u00f6nnen auch durch ein besonderes Mindset aus, angef\u00fchrt von der bedingungslosen Identifikation mit dem eigenen Handeln. Ein chinesischer Handstandartist macht daher keinen Handstand, er ist der Handstand. Mit dem aktuellen Programm \u201eZENsation \u2013 Chinas Gro\u00dfmeister der Balance\u201c will der Chinesische Nationalcircus all jenen preisgekr\u00f6nten Nummern der Vergangenheit mit einer \u201eBest of Show\u201c ein Denkmal setzen. Die sch\u00f6nsten, spektakul\u00e4rsten und ber\u00fchrendsten Akrobatiknummern der vergangenen Jahrzehnte \u2013 von jungen Talenten aus Chinas besten Circusschulen neu aufgelegt. Eine Kollage von Ausschnitten der 2000-j\u00e4hrigen Circus Historie Chinas vereint in einem neuen, emotionalen Showformat. <\/p>\n<p>Kaum ein Circusfestival von globaler Bedeutung hatte in den letzten vier Dekaden nicht zumindest einen der erste drei Pl\u00e4tze an Akrobaten aus dem Reich der Mitte vergeben m\u00fcssen. So sind in Chinas Talentschmieden aus dem aus einem solchen Erfolg resultierenden stetigen Antrieb, immer wieder neue Wunder pr\u00e4sentieren zu wollen auch immer wieder neue Kreationen von noch gr\u00f6\u00dferen Wundern entstanden. Pr\u00e4sentationen von Leibes\u00fcbungen talentierter Menschen, die coram publico offensichtlich die Schwerkraft ausgehebelt haben. Bei einer circensischen Infrastruktur von nahezu 1000 Akrobatik Leistungszentren im Land hat man hier auch auf \u00fcberdurchschnittliche Ressourcen zur\u00fcckgreifen k\u00f6nnen, neue Ma\u00dfst\u00e4be f\u00fcr das Staunen zu entwickeln.<\/p>\n<p>Raoul Schoregge, k\u00fcnstlerischer Leiter des Chinesischen Nationalcircus seit mehr als 20 Jahren in Europa, pr\u00e4sentiert somit ein Meisterwerk der Akrobatik. Gut in Szene gesetzt, ohne zu viel Schn\u00f6rkel, back to Basics, zur\u00fcck zu den Wurzeln einer puren Balancekunst \u2013 poetisch, philosophisch und physisch brillant. Manchmal braucht es einen Ansto\u00df von au\u00dfen. In den letzten Monaten wurde das Produktionsteam immer wieder gefragt \u2013 vom Publikum, von Wegbegleitern und den K\u00fcnstler: innen wann nach Jahren der Abstinenz solch gro\u00dfer Shows in Europa der Chinesische Nationalcircus mit so einem eindrucksvollen Einblick in den Olymp der Akrobatik zur\u00fcckkehrt?<\/p>\n<p> Die Frage war, wann wieder gemeinsam die poetische Magie chinesischer Akrobatik, die leuchtenden Farben der Kost\u00fcme, die mystische Stille der Konzentration und die mentale Kraft der vielen menschlicher Wunder zelebriert werden kann. Und ehrlich gesagt hat das Kreativteam selbst gesp\u00fcrt, dass die Zeit reif ist. Nach Jahren der pandemiebedingten Zur\u00fcckhaltung und weltpolitischer Umbr\u00fcche war es nicht selbstverst\u00e4ndlich, das Thema China offen und gro\u00df zu erz\u00e4hlen. Aber: Kunst hat nie Grenzen gezogen. Kunst hat sie \u00fcberwunden. Unter dem Titel \u201eZENsation \u2013 Chinas Gro\u00dfmeister der Balance\u201c kommt 2026\/2027 das Beste aus 2.000 Jahren Chinesischer Nationalcircus auf die B\u00fchne in die besten Theater, Hallen und Arenen unseres Kontinents. Emotional, poetisch und eindrucksvoll wie nie zuvor! Es ist ein Neustart, aber auch ein Heimkommen. Ein Aufbruch, der Tradition verpflichtet aber der Zukunft zugewandt.<\/p>","protected":false},"excerpt":{"rendered":"<p>Get your tickets here now!<\/p>","protected":false},"featured_media":64412,"template":"","meta":{"_acf_changed":false,"inline_featured_image":false},"product_brand":[],"product_cat":[31,345,936,6741,69,922,86,35,6766,6767,21,58],"product_tag":[2444,6847,6846,941,956,2832,957,2504,951,943,944,6838,2517,947,948],"class_list":{"0":"post-64396","1":"product","2":"type-product","3":"status-publish","4":"has-post-thumbnail","6":"product_cat-events","7":"product_cat-gewandhaus","8":"product_cat-grosser-saal","9":"product_cat-klassik","10":"product_cat-konzert","11":"product_cat-kultur","12":"product_cat-leipzig","13":"product_cat-orte","14":"product_cat-tanz","15":"product_cat-theater","16":"product_cat-ticket","17":"product_cat-veranstaltung","18":"product_tag-abschlusskonzert","19":"product_tag-chinas-grossmeister-der-balance","20":"product_tag-chinesischer-nationalcircus-zensation","21":"product_tag-events","22":"product_tag-gewandhaus","23":"product_tag-gewandhaus-grosser-saal","24":"product_tag-grosser-saal","25":"product_tag-klassik","26":"product_tag-kultur","27":"product_tag-leipzig","28":"product_tag-orte","29":"product_tag-tanz","30":"product_tag-theater","31":"product_tag-ticket","32":"product_tag-veranstaltung","33":"product_shipping_class-nur_paketversand","34":"pa_discount-ermaessigt","35":"pa_discount-normalpreis","36":"pa_discount-rentner","37":"pa_preiskategorie-pk-i","38":"pa_preiskategorie-pk-ii","39":"pa_preiskategorie-pk-iii","40":"pa_preiskategorie-pk-iv","42":"first","43":"instock","44":"taxable","45":"shipping-taxable","46":"purchasable","47":"product-type-variable"},"group_of_quantity":0,"min_quantity":0,"max_quantity":"","exclude_order_quantity_value_rules":"no","exclude_category_quantity_rules":"no","combine_variations":"no","acf":[],"_links":{"self":[{"href":"https:\/\/arena-ticket.com\/en\/wp-json\/wp\/v2\/product\/64396","targetHints":{"allow":["GET"]}}],"collection":[{"href":"https:\/\/arena-ticket.com\/en\/wp-json\/wp\/v2\/product"}],"about":[{"href":"https:\/\/arena-ticket.com\/en\/wp-json\/wp\/v2\/types\/product"}],"wp:featuredmedia":[{"embeddable":true,"href":"https:\/\/arena-ticket.com\/en\/wp-json\/wp\/v2\/media\/64412"}],"wp:attachment":[{"href":"https:\/\/arena-ticket.com\/en\/wp-json\/wp\/v2\/media?parent=64396"}],"wp:term":[{"taxonomy":"product_brand","embeddable":true,"href":"https:\/\/arena-ticket.com\/en\/wp-json\/wp\/v2\/product_brand?post=64396"},{"taxonomy":"product_cat","embeddable":true,"href":"https:\/\/arena-ticket.com\/en\/wp-json\/wp\/v2\/product_cat?post=64396"},{"taxonomy":"product_tag","embeddable":true,"href":"https:\/\/arena-ticket.com\/en\/wp-json\/wp\/v2\/product_tag?post=64396"}],"curies":[{"name":"wp","href":"https:\/\/api.w.org\/{rel}","templated":true}]}}