{"id":64413,"date":"2026-01-26T15:33:26","date_gmt":"2026-01-26T14:33:26","guid":{"rendered":"https:\/\/arena-ticket.com\/?p=64413&#038;post_type=product&#038;preview_id=64413"},"modified":"2026-04-14T09:20:52","modified_gmt":"2026-04-14T07:20:52","slug":"eros-ramazotti-quarterback-immobilien-arena-leipzig-13-04-2026-19-00-uhr","status":"publish","type":"product","link":"https:\/\/arena-ticket.com\/en\/product\/eros-ramazotti-quarterback-immobilien-arena-leipzig-13-04-2026-19-00-uhr\/","title":{"rendered":"Eros Ramazzotti - UNA STORIA IMPORTANTE Tour"},"content":{"rendered":"<p>Die Videos, die im letzten Fr\u00fchjahr unerwartet auf den Stra\u00dfen von New York, Madrid und Buenos Aires aufgetaucht sind, haben das Interesse geweckt, im April k\u00fcndigte Eros Ramazzotti seine UNA STORIA IMPORTANTE WORLD TOUR an \u2013 seine musikalische Reise, die diesen Februar beginnt. Der Gro\u00dfteil der Konzerte ist bereits ausverkauft, jetzt wird f\u00fcr den 13. April eine neue Show in der Leipziger QUARTERBACK Immobilien ARENA angek\u00fcndigt. Tickets sind ab sofort erh\u00e4ltlich.<\/p>\n<p>&nbsp;<\/p>\n<p>Credit Radiorama_squ<\/p>","protected":false},"excerpt":{"rendered":"<p>Sichern Sie sich Ihre Tickets ab sofort!<\/p>","protected":false},"featured_media":64431,"template":"","meta":{"_acf_changed":false,"inline_featured_image":false},"product_brand":[],"product_cat":[31,69,86,35,6733,37,21,22,58],"product_tag":[6640,6848,5388,941,942,943,944,2506,945,6641,947,973,6849,948],"class_list":{"0":"post-64413","1":"product","2":"type-product","3":"status-publish","4":"has-post-thumbnail","6":"product_cat-events","7":"product_cat-konzert","8":"product_cat-leipzig","9":"product_cat-orte","10":"product_cat-pop","11":"product_cat-quarterback-immobilien-arena","12":"product_cat-ticket","13":"product_cat-ticketupgrades-zusatzleistungen","14":"product_cat-veranstaltung","15":"product_tag-calum-scott","16":"product_tag-eros-ramazotti","17":"product_tag-eros-ramazzotti","18":"product_tag-events","19":"product_tag-konzert","20":"product_tag-leipzig","21":"product_tag-orte","22":"product_tag-pop","23":"product_tag-quarterback-immobilien-arena","24":"product_tag-the-avenoir-tour","25":"product_tag-ticket","26":"product_tag-ticketupgrades-zusatzleistungen","27":"product_tag-una-storia-importante-tour","28":"product_tag-veranstaltung","29":"product_shipping_class-abholung_paketversand","30":"pa_discount-inklusive-begleitperson","31":"pa_discount-normalpreis","32":"pa_discount-vip-sitzplatz","33":"pa_preiskategorie-ggv-up","34":"pa_preiskategorie-golden-circle-sitzplatz","35":"pa_preiskategorie-hot-ticket-1-sitzplatz","36":"pa_preiskategorie-hot-ticket-2-sitzplatz","37":"pa_preiskategorie-livezig-up","38":"pa_preiskategorie-pgv-up","39":"pa_preiskategorie-pk-i","40":"pa_preiskategorie-pk-ii","41":"pa_preiskategorie-pk-iii","42":"pa_preiskategorie-pk-iv","43":"pa_preiskategorie-rollstuhlfahrer","44":"pa_preiskategorie-vip-package-backstage-club","45":"pa_preiskategorie-vipu-up","47":"first","48":"instock","49":"taxable","50":"shipping-taxable","51":"purchasable","52":"product-type-variable"},"group_of_quantity":0,"min_quantity":0,"max_quantity":"","exclude_order_quantity_value_rules":"no","exclude_category_quantity_rules":"no","combine_variations":"no","acf":[],"_links":{"self":[{"href":"https:\/\/arena-ticket.com\/en\/wp-json\/wp\/v2\/product\/64413","targetHints":{"allow":["GET"]}}],"collection":[{"href":"https:\/\/arena-ticket.com\/en\/wp-json\/wp\/v2\/product"}],"about":[{"href":"https:\/\/arena-ticket.com\/en\/wp-json\/wp\/v2\/types\/product"}],"wp:featuredmedia":[{"embeddable":true,"href":"https:\/\/arena-ticket.com\/en\/wp-json\/wp\/v2\/media\/64431"}],"wp:attachment":[{"href":"https:\/\/arena-ticket.com\/en\/wp-json\/wp\/v2\/media?parent=64413"}],"wp:term":[{"taxonomy":"product_brand","embeddable":true,"href":"https:\/\/arena-ticket.com\/en\/wp-json\/wp\/v2\/product_brand?post=64413"},{"taxonomy":"product_cat","embeddable":true,"href":"https:\/\/arena-ticket.com\/en\/wp-json\/wp\/v2\/product_cat?post=64413"},{"taxonomy":"product_tag","embeddable":true,"href":"https:\/\/arena-ticket.com\/en\/wp-json\/wp\/v2\/product_tag?post=64413"}],"curies":[{"name":"wp","href":"https:\/\/api.w.org\/{rel}","templated":true}]}}