{"id":64433,"date":"2026-01-26T15:47:32","date_gmt":"2026-01-26T14:47:32","guid":{"rendered":"https:\/\/arena-ticket.com\/?p=64433&#038;post_type=product&#038;preview_id=64433"},"modified":"2026-01-26T16:27:59","modified_gmt":"2026-01-26T15:27:59","slug":"don-kosaken-chor-serge-jaroff-kuenstlerische-leitung-wanja-hlibka-leipzig-gewandhaus-zu-leipzig-grosser-saal-26-12-2026-2000","status":"publish","type":"product","link":"https:\/\/arena-ticket.com\/en\/product\/don-kosaken-chor-serge-jaroff-kuenstlerische-leitung-wanja-hlibka-leipzig-gewandhaus-zu-leipzig-grosser-saal-26-12-2026-2000\/","title":{"rendered":"Don Kosaken Chor Serge Jaroff - k\u00fcnstlerische Leitung: Wanja Hlibka"},"content":{"rendered":"<p>Dieser grandiose Weltklasse-Chor, bekannt aus unz\u00e4hligen Fernsehsendungen ist erstmals auf Schloss Burg im Rittersaal zu Gast und l\u00e4dt ein zu einem festlichen Adventskonzert. Unter der Leitung von Wanja Hlibka, selbst j\u00fcngster Solist im weltber\u00fchmten Chor von Serge Jaroff, zeigen die ukrainischen S\u00e4nger eindrucksvoll und stimmgewaltig, dass Musik Menschen und V\u00f6lker verbinden kann, auch wenn die Sprache nicht von jedem verstanden wird. Die Zuschauer erwartet ein Feuerwerk gro\u00dfer Stimmen und inniger Ges\u00e4nge. Eine musikalische Reise durch festliche Kirchenges\u00e4nge, alte Volksweise und zauberhafte Melodien bekannter Komponisten und das im einmaligen Ambiente des Rittersaals. Die Konzerte der Don Kosaken in Konzerts\u00e4len, in gro\u00dfen und kleinen Kirchen sind inzwischen wohl mit dem Begriff \u201eKult\u201c zu umschreiben und werden \u00fcberall mit stehenden Ovationen gefeiert. An diesem Abend wird ganz bestimmt das eine oder andere Taschentuch gez\u00fcckt, denn die S\u00e4nger verstehen es auf beeindruckende Weise, die Herzen ihrer Zuh\u00f6rer zu ber\u00fchren.<\/p>\n<p>Das Konzert findet bei freier Platzwahl im Rittersaal statt und ist barrierefrei erreichbar.<\/p>","protected":false},"excerpt":{"rendered":"<p>Secure your tickets!<\/p>","protected":false},"featured_media":64440,"template":"","meta":{"_acf_changed":false,"inline_featured_image":false},"product_brand":[],"product_cat":[31,345,936,69,86,35,6749,21,58],"product_tag":[6372,941,956,2832,957,942,6373,943,944,6779,947,948],"class_list":{"0":"post-64433","1":"product","2":"type-product","3":"status-publish","4":"has-post-thumbnail","6":"product_cat-events","7":"product_cat-gewandhaus","8":"product_cat-grosser-saal","9":"product_cat-konzert","10":"product_cat-leipzig","11":"product_cat-orte","12":"product_cat-sonstiges_konzert","13":"product_cat-ticket","14":"product_cat-veranstaltung","15":"product_tag-don-kosaken-chor-serge-jaroff","16":"product_tag-events","17":"product_tag-gewandhaus","18":"product_tag-gewandhaus-grosser-saal","19":"product_tag-grosser-saal","20":"product_tag-konzert","21":"product_tag-kuenstlerische-leitung-wanja-hlibka","22":"product_tag-leipzig","23":"product_tag-orte","24":"product_tag-sonstiges","25":"product_tag-ticket","26":"product_tag-veranstaltung","27":"product_shipping_class-nur_paketversand","28":"pa_discount-ermaessigt","29":"pa_discount-normalpreis","30":"pa_preiskategorie-pk-i","31":"pa_preiskategorie-pk-ii","32":"pa_preiskategorie-premium-sitzplatz","34":"first","35":"instock","36":"taxable","37":"shipping-taxable","38":"purchasable","39":"product-type-variable"},"group_of_quantity":0,"min_quantity":0,"max_quantity":"","exclude_order_quantity_value_rules":"no","exclude_category_quantity_rules":"no","combine_variations":"no","acf":[],"_links":{"self":[{"href":"https:\/\/arena-ticket.com\/en\/wp-json\/wp\/v2\/product\/64433","targetHints":{"allow":["GET"]}}],"collection":[{"href":"https:\/\/arena-ticket.com\/en\/wp-json\/wp\/v2\/product"}],"about":[{"href":"https:\/\/arena-ticket.com\/en\/wp-json\/wp\/v2\/types\/product"}],"wp:featuredmedia":[{"embeddable":true,"href":"https:\/\/arena-ticket.com\/en\/wp-json\/wp\/v2\/media\/64440"}],"wp:attachment":[{"href":"https:\/\/arena-ticket.com\/en\/wp-json\/wp\/v2\/media?parent=64433"}],"wp:term":[{"taxonomy":"product_brand","embeddable":true,"href":"https:\/\/arena-ticket.com\/en\/wp-json\/wp\/v2\/product_brand?post=64433"},{"taxonomy":"product_cat","embeddable":true,"href":"https:\/\/arena-ticket.com\/en\/wp-json\/wp\/v2\/product_cat?post=64433"},{"taxonomy":"product_tag","embeddable":true,"href":"https:\/\/arena-ticket.com\/en\/wp-json\/wp\/v2\/product_tag?post=64433"}],"curies":[{"name":"wp","href":"https:\/\/api.w.org\/{rel}","templated":true}]}}