{"id":64441,"date":"2026-01-26T16:33:27","date_gmt":"2026-01-26T15:33:27","guid":{"rendered":"https:\/\/arena-ticket.com\/?p=64441&#038;post_type=product&#038;preview_id=64441"},"modified":"2026-02-27T16:58:23","modified_gmt":"2026-02-27T15:58:23","slug":"karat-gewandhaus-grosser-saal-leipzig-10-12-2026-2000-uhr","status":"publish","type":"product","link":"https:\/\/arena-ticket.com\/en\/product\/karat-gewandhaus-grosser-saal-leipzig-10-12-2026-2000-uhr\/","title":{"rendered":"KARAT"},"content":{"rendered":"<p>Die Berliner Kultband KARAT feierte 2025 ihr 50j\u00e4hriges Jubil\u00e4um. 50 Jahre \u2013 das sind zwei Generationen und fast ein Leben. Es gibt nur wenige Bands von Rang, die auf eine solche lange Geschichte zur\u00fcckblicken. Die meisten davon \u2013 seien wir doch ehrlich \u2013 sind dabei l\u00e4ngst zu nostalgischen Coverbands ihrer selbst geworden.<\/p>\n<p>KARAT sind einen anderen, ihren eigenen Weg gegangen: Dem der permanenten Suche, der st\u00e4ndigen Bewegung und Selbstbefragung. Es hat in diesem f\u00fcnf Jahrzehnte w\u00e4hrenden Prozess einige Br\u00fcche gegeben. Musiker, die jahrelang Kurs und Klang der Band ma\u00dfgeblich pr\u00e4gten, machten Platz f\u00fcr neue Charaktere und neue Ideen. Eine permanente Frischzellenkur, ein st\u00e4ndiger Verj\u00fcngungsprozess. Die heute den 50. Bandgeburtstag feiern, kommen zum Teil aus anderen Generationen, bieten von ihrer Lebenserfahrung her ein breit gef\u00e4chertes Spektrum. Und trotzdem, oder vielmehr: Gerade deshalb blieb die Idee dahinter immer jung.<\/p>\n<p>Exemplarisch deutlich wird diese einzigartige Bandentwicklung als offenes Kreativsystem in der Position den Frontmanns: Die hatte Herbert Dreilich drei Jahrzehnte inne. Dabei wurden die gr\u00f6\u00dften Erfolge der Band gefeiert, er hat ihnen quasi ein Gesicht gegeben. Seit zwei Jahrzehnten steht sein Sohn an seiner Stelle. Er brachte die Skeptiker l\u00e4ngst zum Schweigen und hat den Beweis angetreten, dass er seinem Vater nicht nur \u00e4u\u00dferlich \u00e4hnlich sieht, sondern auch dessen kreative Energie geerbt hat. Doch keineswegs ist Claudius Dreilich eine Kopie, sowohl mit seinem Gesang, als auch mit seinem Charisma und seiner dennoch nahbaren Extrovertiertheit avanciert er zu einer K\u00fcnstlerpers\u00f6nlichkeit. So kann er der Band heute genauso Motor sein, wie es sein Vater 30 Jahre lang war.<\/p>\n<p>\u00dcber 50 Jahre KARAT sind zuallererst die etlichen, gro\u00dfen Hits \u2013 inzwischen allesamt gestandene Klassiker. Aber sie passen wunderbar ins Hier und Jetzt, weil sie im eigentlichen Sinne zeitlos sind:Hier wird nicht die Asche des Feuers angebetet, sondern dessen Glut weitergetragen. KARAT sind f\u00fcnf Dekaden deutsch-deutsche Musikgeschichte. Gleich im ersten Jahrzehnt entstehen etliche Meilensteine, in der BRD ehrt man sie mit Goldenen Schallplatten, sie sind Gast bei \u201eWetten dass\u2026\u201c und Peter Maffay feiert seinen bisher gr\u00f6\u00dften Hit mit dem Karat-Cover \u201e\u00dcber sieben Br\u00fccken musst du gehn\u201c \u2013 das alles war nicht nur h\u00f6chst erfreulich, sondern eine Sensation \u2013 f\u00fcr eine Band aus dem Osten. Die zweite Dekade beginnt mit der Verleihung der Goldenen Europa (1986) und endet im l\u00e4ngst wiedervereinten Deutschland mit dem bereits zehnten KARAT-Album \u201eDie geschenkte Stunde\u201c (1995) \u2013 drei Jahre zuvor holen Gitarrist Bernd R\u00f6mer und seine Kollegen den neuen Keyboarder Martin Becker in die Band. Das dritte Jahrzehnt vereint Highlights wie einen Auftritt beim \u201eRockpalast\u201c und eine Tournee mit dem Filmorchester Babelsberg, aber es endet tragisch: Herbert Dreilich erliegt 2004 seinem Krebsleiden.<\/p>\n<p>Eine neue \u00c4ra beginnt mit der vierten Dekade, denn mit Claudius Dreilich als neuem S\u00e4nger erleben KARAT den Gl\u00fccksfall, dass die Band den schweren Abschied zur Chance f\u00fcr die Zukunft umgedeutet hat. Und sie bleiben erfolgreich: Neben vielen eigenen Tourneen sind sie Teil der \u201eOstrock Klassik\u201c-Konzerte, holen sich f\u00fcr eine Weihnachtstour ein A cappella-Frauenquintett dazu, kollaborieren mit den Kieler Philharmonikern und freuen sich \u00fcber die Interpretationen ihrer Songs von (u.a.) Helene Fischer, Chris de Burgh und Max Raabe. Nicht zuletzt gibt es mal wieder eine Goldene Schallplatte (2010 f\u00fcr \u201eVierzehn Karat\u201c) und f\u00fcnf Jahre sp\u00e4ter die Goldene Henne.<\/p>\n<p>Auch in der bisher letzten Dekade befinden sich KARAT auf der \u00dcberholspur, so wird mit Universal Music ein neuer Vertriebspartner f\u00fcr die neuen Alben gefunden und selbst eine Pandemie kann diese Band nicht stoppen: KARAT melden sich mit Auto- und Hotelzimmer- sowie ca. 40 Konzerten mit eingeschr\u00e4nkter Zuschauerzahl aus der Covid19-Versenkung zur\u00fcck. Die f\u00fcnfte Dekade steht ebenso f\u00fcr einen weiteren Besetzungswechsel: Daniel B\u00e4tge sowie Heiko Jung sind die Neuzug\u00e4nge an Bass beziehungsweise Schlagzeug. Man kennt die gestandenen Musiker beispielsweise aus ihrer Zusammenarbeit mit Udo Lindenberg, Wolfgang Niedecken, Jan Josef Liefers oder Clueso. Nun sorgen sie mit Groove, Leidenschaft und musikalischem K\u00f6nnen f\u00fcr ein neues Energielevel bei KARAT.<\/p>","protected":false},"excerpt":{"rendered":"<p>Get your tickets here now!<\/p>","protected":false},"featured_media":64446,"template":"","meta":{"_acf_changed":false,"inline_featured_image":false},"product_brand":[],"product_cat":[31,345,936,69,86,35,6732,21,58],"product_tag":[941,956,2832,957,1198,942,943,944,6804,947,948],"class_list":{"0":"post-64441","1":"product","2":"type-product","3":"status-publish","4":"has-post-thumbnail","6":"product_cat-events","7":"product_cat-gewandhaus","8":"product_cat-grosser-saal","9":"product_cat-konzert","10":"product_cat-leipzig","11":"product_cat-orte","12":"product_cat-rock-hard-rock","13":"product_cat-ticket","14":"product_cat-veranstaltung","15":"product_tag-events","16":"product_tag-gewandhaus","17":"product_tag-gewandhaus-grosser-saal","18":"product_tag-grosser-saal","19":"product_tag-karat","20":"product_tag-konzert","21":"product_tag-leipzig","22":"product_tag-orte","23":"product_tag-rock-hard-rock","24":"product_tag-ticket","25":"product_tag-veranstaltung","26":"product_shipping_class-nur_paketversand","27":"pa_discount-normalpreis","28":"pa_preiskategorie-pk-i","29":"pa_preiskategorie-pk-ii","30":"pa_preiskategorie-pk-iii","31":"pa_preiskategorie-pk-iv","32":"pa_preiskategorie-pk-v","34":"first","35":"instock","36":"taxable","37":"shipping-taxable","38":"purchasable","39":"product-type-variable"},"group_of_quantity":0,"min_quantity":0,"max_quantity":"","exclude_order_quantity_value_rules":"no","exclude_category_quantity_rules":"no","combine_variations":"no","acf":[],"_links":{"self":[{"href":"https:\/\/arena-ticket.com\/en\/wp-json\/wp\/v2\/product\/64441","targetHints":{"allow":["GET"]}}],"collection":[{"href":"https:\/\/arena-ticket.com\/en\/wp-json\/wp\/v2\/product"}],"about":[{"href":"https:\/\/arena-ticket.com\/en\/wp-json\/wp\/v2\/types\/product"}],"wp:featuredmedia":[{"embeddable":true,"href":"https:\/\/arena-ticket.com\/en\/wp-json\/wp\/v2\/media\/64446"}],"wp:attachment":[{"href":"https:\/\/arena-ticket.com\/en\/wp-json\/wp\/v2\/media?parent=64441"}],"wp:term":[{"taxonomy":"product_brand","embeddable":true,"href":"https:\/\/arena-ticket.com\/en\/wp-json\/wp\/v2\/product_brand?post=64441"},{"taxonomy":"product_cat","embeddable":true,"href":"https:\/\/arena-ticket.com\/en\/wp-json\/wp\/v2\/product_cat?post=64441"},{"taxonomy":"product_tag","embeddable":true,"href":"https:\/\/arena-ticket.com\/en\/wp-json\/wp\/v2\/product_tag?post=64441"}],"curies":[{"name":"wp","href":"https:\/\/api.w.org\/{rel}","templated":true}]}}