{"id":64448,"date":"2026-01-26T16:52:33","date_gmt":"2026-01-26T15:52:33","guid":{"rendered":"https:\/\/arena-ticket.com\/?p=64448&#038;post_type=product&#038;preview_id=64448"},"modified":"2026-03-06T09:56:24","modified_gmt":"2026-03-06T08:56:24","slug":"tom-gaebel-his-orchestra-a-swinging-christmas-2026-gewandhaus-zu-leipzig-grosser-saal-09-12-2026-2000-uhr","status":"publish","type":"product","link":"https:\/\/arena-ticket.com\/en\/product\/tom-gaebel-his-orchestra-a-swinging-christmas-2026-gewandhaus-zu-leipzig-grosser-saal-09-12-2026-2000-uhr\/","title":{"rendered":"Tom Gaebel &amp; His Orchestra - A Swinging Christmas"},"content":{"rendered":"<p>Alle Jahre wieder\u2026 das gleiche Spiel: Geschenke unterm Tannenbaum, die Gans im Ofen und Oma holt die Blockfl\u00f6te raus. Jeder von uns kennt das, Weihnachten auf die klassische Art. H\u00f6chste Zeit f\u00fcr ein wenig Abwechslung, meinen Sie nicht auch?<\/p>\n<p>Tom Gaebel, Germany&#039;s hottest old-school big band entertainer, proves that there is another way. With his big Christmas show &quot;A Swinging Christmas&quot;, the singer with the exceptional voice puts glowing cheeks on the faces of young and young-at-heart alike. From &quot;White Christmas&quot; to &quot;Jingle Bells&quot; to &quot;Let It Snow&quot; - Tom Gaebel and his orchestra play the most beautiful American Christmas evergreens and modern classics such as &quot;Driving Home For Christmas&quot; or &quot;All I Want For Christmas Is You&quot; in a hot easy-listening sound. In the tradition of show legends such as Frank Sinatra, Dean Martin and co.<\/p>\n<p>Es muss nicht immer \u201eO Tannenbaum\u201c sein! Seit dem \u00fcberragenden Erfolg der \u201eSwinging Christmas Show\u201c im Jahre 2010 z\u00e4hlen die j\u00e4hrlichen Weihnachts-Specials zu Gaebel\u2018s pers\u00f6nlichen Highlights in seinem Konzertkalender: \u201eF\u00fcr mich ist es immer eine riesige Freude, dem Publikum eine Show zu pr\u00e4sentieren, die anders ist als das \u00fcbliche Kling Gl\u00f6ckchen-Einerlei. Eher wie Weihnachten in Las Vegas, voller Glanz, Glamour und guter Laune.\u201c<\/p>\n<p>Entsprechend dicht gepackt liegen die musikalischen Geschenke und \u00dcberraschungen auf dem Schlitten des Crooners. Genau das Richtige f\u00fcr alle, die sich zur Abwechslung einmal in die Weihnachtstage swingen wollen anstatt zu schunkeln. Freuen Sie sich auf eine mitrei\u00dfende Christmas-Party, bei der Winterfrust und Vorweihnachtsstress keine Chance haben.<\/p>\n<p>A Swinging Christmas: Tom Gaebel &amp; His Orchestra cordially invite you!<\/p>","protected":false},"excerpt":{"rendered":"<p>Look forward to an exciting Christmas party where winter frustration and pre-Christmas stress have no chance.<\/p>","protected":false},"featured_media":64453,"template":"","meta":{"_acf_changed":false,"inline_featured_image":false},"product_brand":[],"product_cat":[31,345,936,69,86,35,21,58],"product_tag":[7204,4095,941,956,2832,957,942,943,944,947,4094,948],"class_list":{"0":"post-64448","1":"product","2":"type-product","3":"status-publish","4":"has-post-thumbnail","6":"product_cat-events","7":"product_cat-gewandhaus","8":"product_cat-grosser-saal","9":"product_cat-konzert","10":"product_cat-leipzig","11":"product_cat-orte","12":"product_cat-ticket","13":"product_cat-veranstaltung","14":"product_tag-a-swinging-christmas","15":"product_tag-a-swinging-christmas-2024","16":"product_tag-events","17":"product_tag-gewandhaus","18":"product_tag-gewandhaus-grosser-saal","19":"product_tag-grosser-saal","20":"product_tag-konzert","21":"product_tag-leipzig","22":"product_tag-orte","23":"product_tag-ticket","24":"product_tag-tom-gaebel-his-orchestra","25":"product_tag-veranstaltung","26":"product_shipping_class-nur_paketversand","27":"pa_discount-normalpreis","28":"pa_preiskategorie-pk-i","29":"pa_preiskategorie-pk-ii","30":"pa_preiskategorie-pk-iii","32":"first","33":"instock","34":"taxable","35":"shipping-taxable","36":"purchasable","37":"product-type-variable"},"group_of_quantity":0,"min_quantity":0,"max_quantity":"","exclude_order_quantity_value_rules":"no","exclude_category_quantity_rules":"no","combine_variations":"no","acf":[],"_links":{"self":[{"href":"https:\/\/arena-ticket.com\/en\/wp-json\/wp\/v2\/product\/64448","targetHints":{"allow":["GET"]}}],"collection":[{"href":"https:\/\/arena-ticket.com\/en\/wp-json\/wp\/v2\/product"}],"about":[{"href":"https:\/\/arena-ticket.com\/en\/wp-json\/wp\/v2\/types\/product"}],"wp:featuredmedia":[{"embeddable":true,"href":"https:\/\/arena-ticket.com\/en\/wp-json\/wp\/v2\/media\/64453"}],"wp:attachment":[{"href":"https:\/\/arena-ticket.com\/en\/wp-json\/wp\/v2\/media?parent=64448"}],"wp:term":[{"taxonomy":"product_brand","embeddable":true,"href":"https:\/\/arena-ticket.com\/en\/wp-json\/wp\/v2\/product_brand?post=64448"},{"taxonomy":"product_cat","embeddable":true,"href":"https:\/\/arena-ticket.com\/en\/wp-json\/wp\/v2\/product_cat?post=64448"},{"taxonomy":"product_tag","embeddable":true,"href":"https:\/\/arena-ticket.com\/en\/wp-json\/wp\/v2\/product_tag?post=64448"}],"curies":[{"name":"wp","href":"https:\/\/api.w.org\/{rel}","templated":true}]}}