{"id":64500,"date":"2026-01-27T09:21:43","date_gmt":"2026-01-27T08:21:43","guid":{"rendered":"https:\/\/arena-ticket.com\/?p=64500&#038;post_type=product&#038;preview_id=64500"},"modified":"2026-01-27T09:57:02","modified_gmt":"2026-01-27T08:57:02","slug":"harry-potter-die-ausstellung-leipzig-panometer-01-02-2026-30-04-2026-2000-uhr","status":"publish","type":"product","link":"https:\/\/arena-ticket.com\/en\/product\/harry-potter-die-ausstellung-leipzig-panometer-01-02-2026-30-04-2026-2000-uhr\/","title":{"rendered":"Harry Potter  - Die Ausstellung"},"content":{"rendered":"<p><strong>W\u00fcnschen Sie Tagestickets mit festgelegtem Zeitfenster oder Kinderrabatt? Rufen Sie uns gern an unter 0341\/2341100 oder kommen Sie direkt zu unserem Ticketshop an der QUARTERBACK Immobilien ARENA.<\/strong><\/p>\n<p>&nbsp;<\/p>\n<p>Macht euch bereit f\u00fcr ein magisches Erlebnis: Harry Potter\u2122: Die Ausstellung \u2013 die umfassendste Wanderausstellung, die jemals \u00fcber Harry Potter und das erweiterte Universum pr\u00e4sentiert wurde \u2013 wird ab Mitte Dezember in Dresden zu erleben sein. Die Ausstellung wirft einen Blick hinter die Kulissen und pr\u00e4sentiert die ikonischen Momente, Charaktere, Schaupl\u00e4tze und Tierwesen aus den Filmen und Geschichten von \u201eHarry Potter\u2122\u201c und \u201eFantastische Tierwesen\u2122\u201c. Ebenso werden die Wunder der erweiterten Welt inklusive der Kost\u00fcme, Requisiten und Bilder aus der Tony\u00ae-gekr\u00f6nten Broadway-Produktion \u201eHarry Potter und das verwunschene Kind\u201c gezeigt. Besucher k\u00f6nnen ihren eigenen Patronus w\u00e4hlen, Zauberspr\u00fcche anwenden, ihre Quidditch\u2122-F\u00e4higkeiten testen und Zaubertr\u00e4nke brauen. In wundersch\u00f6n gestalteten Kulissen, die seit mehr als zwei Jahrzehnten von Fans und Publikum geliebt werden, k\u00f6nnen Besucher unvergessliche Momente erleben und von\u00a0 Originalkost\u00fcmen hin zu authentischen Requisiten alles aus n\u00e4chster N\u00e4he betrachten. W\u00e4hrend ihrer pers\u00f6nlichen Reise durch innovative, beeindruckende und magische Umgebungen, die mithilfe von erstklassigem immersiven Design und Technologie geschaffen wurden, erleben sie die Atmosph\u00e4re hautnah.<\/p>\n<p>&nbsp;<\/p>\n<p>Opening hours:<br \/>\nMontag: 10.00 \u2013 18.00 Uhr<br \/>\nDienstag: 10.00 \u2013 18.00 Uhr<br \/>\nMittwoch: 10.00 \u2013 18.00 Uhr<br \/>\nDonnerstag: 10.00 \u2013 20.00 Uhr<br \/>\nFreitag: 10.00 \u2013 20.00 Uhr<br \/>\nSamstag: 10.00 \u2013 20.00 Uhr<br \/>\nSonntag und Feiertage: 09.00 \u2013 18.00 Uhr<\/p>\n<p>Letzter Einlass erfolgt 90 Minuten vor Ausstellungsende des jeweiligen Tages.<\/p>","protected":false},"excerpt":{"rendered":"<p class=\"h2 c-ticket-fan__headline\">Secure your tickets!<\/p>","protected":false},"featured_media":64506,"template":"","meta":{"_acf_changed":false,"inline_featured_image":false},"product_brand":[],"product_cat":[6763,87,6858,31,922,35,21,58],"product_tag":[6857,6864,940,6865,941,6863,951,944,947,948],"class_list":{"0":"post-64500","1":"product","2":"type-product","3":"status-publish","4":"has-post-thumbnail","6":"product_cat-ausstellung","7":"product_cat-dresden","8":"product_cat-erlwein-forum","9":"product_cat-events","10":"product_cat-kultur","11":"product_cat-orte","12":"product_cat-ticket","13":"product_cat-veranstaltung","14":"product_tag-ausstellung","15":"product_tag-die-ausstellung","16":"product_tag-dresden","17":"product_tag-erlwein-forum","18":"product_tag-events","19":"product_tag-harry-potter","20":"product_tag-kultur","21":"product_tag-orte","22":"product_tag-ticket","23":"product_tag-veranstaltung","24":"product_shipping_class-abholung_briefversand","25":"pa_discount-april","26":"pa_discount-februar","27":"pa_discount-maerz","28":"pa_preiskategorie-flexticket","30":"first","31":"instock","32":"taxable","33":"shipping-taxable","34":"purchasable","35":"product-type-variable"},"group_of_quantity":0,"min_quantity":0,"max_quantity":"","exclude_order_quantity_value_rules":"no","exclude_category_quantity_rules":"no","combine_variations":"no","acf":[],"_links":{"self":[{"href":"https:\/\/arena-ticket.com\/en\/wp-json\/wp\/v2\/product\/64500","targetHints":{"allow":["GET"]}}],"collection":[{"href":"https:\/\/arena-ticket.com\/en\/wp-json\/wp\/v2\/product"}],"about":[{"href":"https:\/\/arena-ticket.com\/en\/wp-json\/wp\/v2\/types\/product"}],"wp:featuredmedia":[{"embeddable":true,"href":"https:\/\/arena-ticket.com\/en\/wp-json\/wp\/v2\/media\/64506"}],"wp:attachment":[{"href":"https:\/\/arena-ticket.com\/en\/wp-json\/wp\/v2\/media?parent=64500"}],"wp:term":[{"taxonomy":"product_brand","embeddable":true,"href":"https:\/\/arena-ticket.com\/en\/wp-json\/wp\/v2\/product_brand?post=64500"},{"taxonomy":"product_cat","embeddable":true,"href":"https:\/\/arena-ticket.com\/en\/wp-json\/wp\/v2\/product_cat?post=64500"},{"taxonomy":"product_tag","embeddable":true,"href":"https:\/\/arena-ticket.com\/en\/wp-json\/wp\/v2\/product_tag?post=64500"}],"curies":[{"name":"wp","href":"https:\/\/api.w.org\/{rel}","templated":true}]}}