{"id":64524,"date":"2026-01-27T14:03:17","date_gmt":"2026-01-27T13:03:17","guid":{"rendered":"https:\/\/arena-ticket.com\/?p=64524&#038;post_type=product&#038;preview_id=64524"},"modified":"2026-03-05T10:57:47","modified_gmt":"2026-03-05T09:57:47","slug":"antarktis-eine-welt-aus-eis-und-licht-yadegar-asisi-leipzig-panometer-24-01-2026-01-01-2027-2000-uhr","status":"publish","type":"product","link":"https:\/\/arena-ticket.com\/en\/product\/antarktis-eine-welt-aus-eis-und-licht-yadegar-asisi-leipzig-panometer-24-01-2026-01-01-2027-2000-uhr\/","title":{"rendered":"ANTARKTIS  - EINE WELT AUS EIS UND LICHT"},"content":{"rendered":"<p>Mit \"Antarktis\" pr\u00e4sentiert Yadegar Asisi im Leipziger Panometer sein f\u00fcnftes Naturpanorama. Die Ausstellung basiert auf Eindr\u00fccken einer Reise ins ewige Eis und kombiniert Malerei, Fotografie, Projektion und Sounddesign. Asisi zeigt die Antarktis bewusst nicht als Sehnsuchtsort, sondern als sch\u00fctzenswerten Lebensraum, in dem Menschen keinen Platz habe<\/p>\n<p>Students aged 17 to 20, full-time students, trainees, holders of the Leipzig Card &amp; Leipzig Regio-Card, holders of the Leipzig Pass, and severely disabled people (severely disabled people with the B symbol can bring an accompanying adult free of charge) are entitled to a discount.<\/p>\n<p>Each with valid proof<\/p>\n<p>NO DISCOUNT FOR SENIORS!<\/p>\n<p>Parent-child ticket: 2 adults + 2 children (6-16 years)<\/p>\n<p>Ticket entitles you to one-time entry<\/p>\n<p>Daily 10 a.m. to 5 p.m<br \/>\nLetzter Einlass 16 Uhr<\/p>","protected":false},"excerpt":{"rendered":"<p>Get your tickets here now!<\/p>","protected":false},"featured_media":64547,"template":"","meta":{"_acf_changed":false,"inline_featured_image":false},"product_brand":[],"product_cat":[6763,31,922,86,35,363,21,58],"product_tag":[6868,6857,6869,941,951,943,944,952,947,948],"class_list":{"0":"post-64524","1":"product","2":"type-product","3":"status-publish","4":"has-post-thumbnail","6":"product_cat-ausstellung","7":"product_cat-events","8":"product_cat-kultur","9":"product_cat-leipzig","10":"product_cat-orte","11":"product_cat-panometer-leipzig","12":"product_cat-ticket","13":"product_cat-veranstaltung","14":"product_tag-antarktis","15":"product_tag-ausstellung","16":"product_tag-eine-welt-aus-eis-und-licht","17":"product_tag-events","18":"product_tag-kultur","19":"product_tag-leipzig","20":"product_tag-orte","21":"product_tag-panometer-leipzig","22":"product_tag-ticket","23":"product_tag-veranstaltung","24":"product_shipping_class-nur_paketversand","25":"pa_discount-eltern-kind-ticket","26":"pa_discount-ermaessigt","27":"pa_discount-kind","28":"pa_discount-normalpreis","29":"pa_discount-schwerbeschaedigt-inkl-begleitperson","30":"pa_preiskategorie-freie-platzwahl","31":"pa_preiskategorie-schwerbeschaedigt","32":"pa_preiskategorie-tagesticket","34":"first","35":"instock","36":"taxable","37":"shipping-taxable","38":"purchasable","39":"product-type-variable"},"group_of_quantity":0,"min_quantity":0,"max_quantity":"","exclude_order_quantity_value_rules":"no","exclude_category_quantity_rules":"no","combine_variations":"no","acf":[],"_links":{"self":[{"href":"https:\/\/arena-ticket.com\/en\/wp-json\/wp\/v2\/product\/64524","targetHints":{"allow":["GET"]}}],"collection":[{"href":"https:\/\/arena-ticket.com\/en\/wp-json\/wp\/v2\/product"}],"about":[{"href":"https:\/\/arena-ticket.com\/en\/wp-json\/wp\/v2\/types\/product"}],"wp:featuredmedia":[{"embeddable":true,"href":"https:\/\/arena-ticket.com\/en\/wp-json\/wp\/v2\/media\/64547"}],"wp:attachment":[{"href":"https:\/\/arena-ticket.com\/en\/wp-json\/wp\/v2\/media?parent=64524"}],"wp:term":[{"taxonomy":"product_brand","embeddable":true,"href":"https:\/\/arena-ticket.com\/en\/wp-json\/wp\/v2\/product_brand?post=64524"},{"taxonomy":"product_cat","embeddable":true,"href":"https:\/\/arena-ticket.com\/en\/wp-json\/wp\/v2\/product_cat?post=64524"},{"taxonomy":"product_tag","embeddable":true,"href":"https:\/\/arena-ticket.com\/en\/wp-json\/wp\/v2\/product_tag?post=64524"}],"curies":[{"name":"wp","href":"https:\/\/api.w.org\/{rel}","templated":true}]}}