{"id":64529,"date":"2026-01-27T14:11:06","date_gmt":"2026-01-27T13:11:06","guid":{"rendered":"https:\/\/arena-ticket.com\/?p=64529&#038;post_type=product&#038;preview_id=64529"},"modified":"2026-04-13T14:54:44","modified_gmt":"2026-04-13T12:54:44","slug":"sarah-brightman-quarterback-immobilien-arena-leipzig-30-11-2026-20-00-uhr","status":"publish","type":"product","link":"https:\/\/arena-ticket.com\/en\/product\/sarah-brightman-quarterback-immobilien-arena-leipzig-30-11-2026-20-00-uhr\/","title":{"rendered":"Sarah Brightman - A Winter Symphony"},"content":{"rendered":"<p>Es ist wieder diese besondere Zeit des Jahres \u2013 Zeit f\u00fcr eine magische Feier der Weihnachtszeit! Die weltweit erfolgreichste Sopranistin und legend\u00e4re, GRAMMY\u00ae-nominierte K\u00fcnstlerin Sarah Brightman kehrt im November und Dezember mit ihrem neuen Weihnachtsspektakel \u201eA Winter Symphony\u201c auf die B\u00fchne zur\u00fcck. Jedes Jahr begeistert sie mit ihrer gefeierten Weihnachtsshow das Publikum rund um den Globus \u2013 und auch in diesem Jahr bildet sie keine Ausnahme.<br \/>\nBegleitet von einem Orchester, einem Chor und besonderen G\u00e4sten pr\u00e4sentiert Sarah Brightman in dieser bezaubernden Show zahlreiche ihrer Weihnachtsklassiker sowie ihre gr\u00f6\u00dften Erfolge.<br \/>\n\u201eA Winter Symphony\u201c ist eine ganz besondere Art, die Feiertage gemeinsam mit Familie und Freunden zu genie\u00dfen.<\/p>","protected":false},"excerpt":{"rendered":"<p>Der Vorverkauf startet am 01.02.2026 10:00 Uhr!<\/p>","protected":false},"featured_media":64542,"template":"","meta":{"_acf_changed":false,"inline_featured_image":false},"product_brand":[],"product_cat":[31,6741,69,86,35,37,21,22,58],"product_tag":[6867,941,2504,942,943,944,945,6866,947,973,948],"class_list":{"0":"post-64529","1":"product","2":"type-product","3":"status-publish","4":"has-post-thumbnail","6":"product_cat-events","7":"product_cat-klassik","8":"product_cat-konzert","9":"product_cat-leipzig","10":"product_cat-orte","11":"product_cat-quarterback-immobilien-arena","12":"product_cat-ticket","13":"product_cat-ticketupgrades-zusatzleistungen","14":"product_cat-veranstaltung","15":"product_tag-a-winter-symphony","16":"product_tag-events","17":"product_tag-klassik","18":"product_tag-konzert","19":"product_tag-leipzig","20":"product_tag-orte","21":"product_tag-quarterback-immobilien-arena","22":"product_tag-sarah-brightman","23":"product_tag-ticket","24":"product_tag-ticketupgrades-zusatzleistungen","25":"product_tag-veranstaltung","26":"product_shipping_class-abholung_paketversand","27":"pa_discount-inklusive-begleitperson","28":"pa_discount-normalpreis","29":"pa_discount-vip-sitzplatz","30":"pa_preiskategorie-ggv-up","31":"pa_preiskategorie-golden-circle-sitzplatz","32":"pa_preiskategorie-hot-ticket-1-sitzplatz","33":"pa_preiskategorie-hot-ticket-2-sitzplatz","34":"pa_preiskategorie-livezig-up","35":"pa_preiskategorie-pgv-up","36":"pa_preiskategorie-pk-i","37":"pa_preiskategorie-pk-ii","38":"pa_preiskategorie-pk-iii","39":"pa_preiskategorie-pk-iv","40":"pa_preiskategorie-rollstuhlfahrer","41":"pa_preiskategorie-vip-package-backstage-club","42":"pa_preiskategorie-vipu-up","44":"first","45":"instock","46":"taxable","47":"shipping-taxable","48":"purchasable","49":"product-type-variable"},"group_of_quantity":0,"min_quantity":0,"max_quantity":"","exclude_order_quantity_value_rules":"no","exclude_category_quantity_rules":"no","combine_variations":"no","acf":[],"_links":{"self":[{"href":"https:\/\/arena-ticket.com\/en\/wp-json\/wp\/v2\/product\/64529","targetHints":{"allow":["GET"]}}],"collection":[{"href":"https:\/\/arena-ticket.com\/en\/wp-json\/wp\/v2\/product"}],"about":[{"href":"https:\/\/arena-ticket.com\/en\/wp-json\/wp\/v2\/types\/product"}],"wp:featuredmedia":[{"embeddable":true,"href":"https:\/\/arena-ticket.com\/en\/wp-json\/wp\/v2\/media\/64542"}],"wp:attachment":[{"href":"https:\/\/arena-ticket.com\/en\/wp-json\/wp\/v2\/media?parent=64529"}],"wp:term":[{"taxonomy":"product_brand","embeddable":true,"href":"https:\/\/arena-ticket.com\/en\/wp-json\/wp\/v2\/product_brand?post=64529"},{"taxonomy":"product_cat","embeddable":true,"href":"https:\/\/arena-ticket.com\/en\/wp-json\/wp\/v2\/product_cat?post=64529"},{"taxonomy":"product_tag","embeddable":true,"href":"https:\/\/arena-ticket.com\/en\/wp-json\/wp\/v2\/product_tag?post=64529"}],"curies":[{"name":"wp","href":"https:\/\/api.w.org\/{rel}","templated":true}]}}