{"id":64630,"date":"2026-01-28T12:30:30","date_gmt":"2026-01-28T11:30:30","guid":{"rendered":"https:\/\/arena-ticket.com\/?p=64630&#038;post_type=product&#038;preview_id=64630"},"modified":"2026-03-17T15:16:17","modified_gmt":"2026-03-17T14:16:17","slug":"deutsche-leichtathletik-meisterschaften-maenner-frauen-2026-bochum-wattenscheid-lohrheidestadion-24-25-26-07-2026-1200-uhr-dauerkarte","status":"publish","type":"product","link":"https:\/\/arena-ticket.com\/en\/product\/deutsche-leichtathletik-meisterschaften-maenner-frauen-2026-bochum-wattenscheid-lohrheidestadion-24-25-26-07-2026-1200-uhr-dauerkarte\/","title":{"rendered":"Dauerkarte 25.\/26.07.2026 - Deutsche Leichtathletik Meisterschaften M\u00e4nner\/Frauen 2026 BOCHUM"},"content":{"rendered":"<p>Drei Tage Leichtathletik satt im Lohrheidestadion von Bochum-Wattenscheid: Ab sofort sind im DLV-Ticketshop Tages- und Dauerkarten f\u00fcr die Deutschen Meisterschaften 2026 erh\u00e4ltlich. Die Titelk\u00e4mpfe finden vom 24. bis 26. Juli statt. Tickets gibt es bereits ab zehn Euro, f\u00fcr Familien, Vereine und Gruppen werden verg\u00fcnstigte Karten angeboten. <\/p>\n<p>Das umfassend renovierte und modernisierte Lohrheidestadion richtet erstmals seit 2012 wieder Deutsche Meisterschaften der M\u00e4nner und Frauen aus. In diesem Jahr hatten Deutschlands Leichtathletik-Talente das Stadion bei der U18- und U20-DM im Juli eingeweiht, bevor Bochum-Wattenscheid als Gastgeberin f\u00fcr die Leichtathletik-Wettk\u00e4mpfe bei den FISU World University Games fungierte. Nach dem stimmungsvollen Einstand ist die Vorfreude auf das n\u00e4chste Event im Lohrheidestadion gro\u00df.<\/p>\n<p>DLV-Stars auf dem Weg nach Birmingham<br \/>\nDie Deutschen Meisterschaften dienen traditionell als Qualifikationswettkampf f\u00fcr die internationalen H\u00f6hepunkte \u2013 und so wird auch 2026 wieder das \"Who's Who\" der deutschen Leichtathletik beim nationalen H\u00f6hepunkt versammelt sein. Auf dem Weg zur EM in Birmingham (Gro\u00dfbritannien; 10. bis 16. August) machen unter anderem Kugelsto\u00df-Olympiasiegerin Yemisi Ogunleye (MTG Mannheim), Hammerwurf-Ass Merlin Hummel (LG Stadtwerke M\u00fcnchen) und bei ihrem \"Heimspiel\" Hochspringerin Christina Honsel (TV Wattenscheid 01) im Lohrheidestadion Station.<br \/>\n___________________________________________________________________________________________________________________________________________________________________________________________<\/p>\n<p>Kinder bis zum vollendeten 5. Lebensjahr (unter 6 Jahren) haben freien Eintritt, OHNE Sitzplatzanspruch.<\/p>\n<p>Erm\u00e4\u00dfigte Tickets f\u00fcr Kjnder (6-13 Jahre), Jugendliche (14-18 Jahre), Sch\u00fcler, Studenten, Azubis, Menschen mit Behinderung und Rentner gegen Vorlage entsprechender Ausweise.<\/p>","protected":false},"excerpt":{"rendered":"<p>Get your tickets now!<\/p>","protected":false},"featured_media":64616,"template":"","meta":{"_acf_changed":false,"inline_featured_image":false},"product_brand":[],"product_cat":[31,6752,35,32,21,58],"product_tag":[6872,6875,6871,7059,941,2311,944,5642,947,948],"class_list":{"0":"post-64630","1":"product","2":"type-product","3":"status-publish","4":"has-post-thumbnail","6":"product_cat-events","7":"product_cat-leichtathletik","8":"product_cat-orte","9":"product_cat-sport","10":"product_cat-ticket","11":"product_cat-veranstaltung","12":"product_tag-bochum-wattenscheid-lohrheidestadion","13":"product_tag-dauerkarte-25-26-07-2026","14":"product_tag-deutsche-leichtathletik-meisterschaften-maenner-frauen-2026","15":"product_tag-deutsche-leichtathletik-meisterschaften-maenner-frauen-2026-bochum","16":"product_tag-events","17":"product_tag-leichtathletik","18":"product_tag-orte","19":"product_tag-sport","20":"product_tag-ticket","21":"product_tag-veranstaltung","22":"product_shipping_class-nur_paketversand","23":"pa_discount-ermaessigt","24":"pa_discount-normalpreis","25":"pa_preiskategorie-pk-i","26":"pa_preiskategorie-pk-ii","27":"pa_preiskategorie-premium","28":"pa_preiskategorie-stehplatz","30":"first","31":"instock","32":"taxable","33":"shipping-taxable","34":"purchasable","35":"product-type-variable"},"group_of_quantity":0,"min_quantity":0,"max_quantity":"","exclude_order_quantity_value_rules":"no","exclude_category_quantity_rules":"no","combine_variations":"no","acf":[],"_links":{"self":[{"href":"https:\/\/arena-ticket.com\/en\/wp-json\/wp\/v2\/product\/64630","targetHints":{"allow":["GET"]}}],"collection":[{"href":"https:\/\/arena-ticket.com\/en\/wp-json\/wp\/v2\/product"}],"about":[{"href":"https:\/\/arena-ticket.com\/en\/wp-json\/wp\/v2\/types\/product"}],"wp:featuredmedia":[{"embeddable":true,"href":"https:\/\/arena-ticket.com\/en\/wp-json\/wp\/v2\/media\/64616"}],"wp:attachment":[{"href":"https:\/\/arena-ticket.com\/en\/wp-json\/wp\/v2\/media?parent=64630"}],"wp:term":[{"taxonomy":"product_brand","embeddable":true,"href":"https:\/\/arena-ticket.com\/en\/wp-json\/wp\/v2\/product_brand?post=64630"},{"taxonomy":"product_cat","embeddable":true,"href":"https:\/\/arena-ticket.com\/en\/wp-json\/wp\/v2\/product_cat?post=64630"},{"taxonomy":"product_tag","embeddable":true,"href":"https:\/\/arena-ticket.com\/en\/wp-json\/wp\/v2\/product_tag?post=64630"}],"curies":[{"name":"wp","href":"https:\/\/api.w.org\/{rel}","templated":true}]}}