{"id":64650,"date":"2026-01-28T13:33:08","date_gmt":"2026-01-28T12:33:08","guid":{"rendered":"https:\/\/arena-ticket.com\/?p=64650&#038;post_type=product&#038;preview_id=64650"},"modified":"2026-01-28T14:31:05","modified_gmt":"2026-01-28T13:31:05","slug":"vnv-nation-gaeste-open-air-2026-chemnitz-wasserschloss-klaffenbach-22-08-2026-1800-uhr","status":"publish","type":"product","link":"https:\/\/arena-ticket.com\/en\/product\/vnv-nation-gaeste-open-air-2026-chemnitz-wasserschloss-klaffenbach-22-08-2026-1800-uhr\/","title":{"rendered":"VNV Nation & G\u00e4ste  -  Open Air 2026"},"content":{"rendered":"<p>Die Future-Pop-Band VNV Nation\u00a0wird n\u00e4chstes Jahr im Sommer ein wundervolles Open Air Konzert im Wasserschloss Klaffenbach\u00a0Chemnitz geben!\u00a0<img decoding=\"async\" id=\"x_Grafik_x0020_1\" src=\"image\/png;base64,iVBORw0KGgoAAAANSUhEUgAAABAAAAAQCAYAAAAf8\/9hAAAB6ElEQVR4AYSQO28TQRRGxxPkmDi7m7W9EkhRsBRkhBJALnjTIaDlPyBES0WPUlDQU1BQQEdBQUeDhETFTzCNywhslPU+ZmcfOHNGieVNkVj+PHfvPedqvFIsfQaDQW84vHep3++3ltq2pMcMxjaOfuyCGzfv79x58OT9xc2rP10\/+La5tfN1e\/va0yNGUNNjBgOLw1zu7t6+3m46nza87vNe78IV4neCR1v9yx9v3X34jFDTY0ZgcXBlc7X56nx7feh6HbHWdm02\/EC4nu+4bueNjanpHc9hcXClaDQer6yc4za1rLbWhOd1AkJdG5oH6xhXVtX\/oKpKUZWF0FotYpjad3kGax3jylyrKI5nIkkiobO0ltIsJSf7sDi4MoqjX5lKRWoWKHOeFURYHFypktmXNI3mcRyKMPwnMpWcGhbA4uDKbtf9rJT6HkXhnK061+K0wMDi4MrRaDTJ0tleeDD9y9Y4OjA3SEWRZ7UgMoOBxcGVvOrJZP9HVZavzV8ouWJZ5kLrrBZ6ea7nMLA4uHYBheO0PmidvVUqKVgCTJhx0kOGgaVPFgvG43Hme+09AJYYqUEQOekxg4FFJosFPDAAqIripUrjP0g2pqbHDAb2OLUFNAG4orPuv1Bp8ptQT6f775jBLOcQAAD\/\/0rRItoAAAAGSURBVAMA1CHcIt42ooAAAAAASUVORK5CYII=\" alt=\"????\" border=\"0\" data-custom=\"AAkALgAAAAAAHYQDEapmEc2byACqAC\/EWg0AmMGbcvaKmUGBVT0k98KKxQAABQmVQAAAARIAEABQqbZ5HNG6T4I9+Ca0xAVK\" data-imagetype=\"AttachmentByCid\" title=\"\">\u00a0Das solltet ihr euch nicht entgehen lassen!<\/p>\n<p>Nie einer bestimmten Musiksparte ganz zugeh\u00f6rig, vermischen die Songs von VNV Nation poetische und zum Nachdenken anregende Texte mit einem Sound, der von melodischen Dancebeats und Indie-Elektronischen Hymnen bis hin zu eindringlichen Balladen und postklassischen Soundtrack-St\u00fccken reicht. Die Liveshows sind legend\u00e4r f\u00fcr ihre Energie und positive Emotionen. Sie ziehen eine hingebungsvolle Fangemeinde aus dem gesamten musikalischen Spektrum zu ausverkauften Tourneen und Headline Auftritten bei Festivals in Europa und Amerika an.<\/p>\n<p>VNV NATION &amp; G\u00e4ste<\/p>\n<p>22.08.2026 Chemnitz \/ Wasserschloss Klaffenbach (Festwiese)<\/p>\n<p>Einlass 16.00 Uhr<\/p>\n<p>Beginn 18.00 Uhr<\/p>","protected":false},"excerpt":{"rendered":"<p>Secure your tickets!<\/p>","protected":false},"featured_media":64653,"template":"","meta":{"_acf_changed":false,"inline_featured_image":false},"product_brand":[],"product_cat":[103,6747,31,69,35,21,58,512],"product_tag":[992,2457,941,942,6541,944,947,948,6876,993],"class_list":{"0":"post-64650","1":"product","2":"type-product","3":"status-publish","4":"has-post-thumbnail","6":"product_cat-chemnitz","7":"product_cat-electronic","8":"product_cat-events","9":"product_cat-konzert","10":"product_cat-orte","11":"product_cat-ticket","12":"product_cat-veranstaltung","13":"product_cat-wasserschloss-klaffenbach","14":"product_tag-chemnitz","15":"product_tag-electronic","16":"product_tag-events","17":"product_tag-konzert","18":"product_tag-open-air-2026","19":"product_tag-orte","20":"product_tag-ticket","21":"product_tag-veranstaltung","22":"product_tag-vnv-nation-gaeste","23":"product_tag-wasserschloss-klaffenbach","24":"product_shipping_class-nur_paketversand","25":"pa_discount-kind-bis-14-jahre","26":"pa_discount-normalpreis","27":"pa_preiskategorie-stehplatz","29":"first","30":"instock","31":"taxable","32":"shipping-taxable","33":"purchasable","34":"product-type-variable"},"group_of_quantity":0,"min_quantity":0,"max_quantity":"","exclude_order_quantity_value_rules":"no","exclude_category_quantity_rules":"no","combine_variations":"no","acf":[],"_links":{"self":[{"href":"https:\/\/arena-ticket.com\/en\/wp-json\/wp\/v2\/product\/64650","targetHints":{"allow":["GET"]}}],"collection":[{"href":"https:\/\/arena-ticket.com\/en\/wp-json\/wp\/v2\/product"}],"about":[{"href":"https:\/\/arena-ticket.com\/en\/wp-json\/wp\/v2\/types\/product"}],"wp:featuredmedia":[{"embeddable":true,"href":"https:\/\/arena-ticket.com\/en\/wp-json\/wp\/v2\/media\/64653"}],"wp:attachment":[{"href":"https:\/\/arena-ticket.com\/en\/wp-json\/wp\/v2\/media?parent=64650"}],"wp:term":[{"taxonomy":"product_brand","embeddable":true,"href":"https:\/\/arena-ticket.com\/en\/wp-json\/wp\/v2\/product_brand?post=64650"},{"taxonomy":"product_cat","embeddable":true,"href":"https:\/\/arena-ticket.com\/en\/wp-json\/wp\/v2\/product_cat?post=64650"},{"taxonomy":"product_tag","embeddable":true,"href":"https:\/\/arena-ticket.com\/en\/wp-json\/wp\/v2\/product_tag?post=64650"}],"curies":[{"name":"wp","href":"https:\/\/api.w.org\/{rel}","templated":true}]}}