{"id":64656,"date":"2026-01-28T14:15:13","date_gmt":"2026-01-28T13:15:13","guid":{"rendered":"https:\/\/arena-ticket.com\/?p=64656&#038;post_type=product&#038;preview_id=64656"},"modified":"2026-01-29T08:46:42","modified_gmt":"2026-01-29T07:46:42","slug":"in-extremo-carpe-noctem-burgentour-2026-chemnitz-wasserschloss-klaffenbach-28-08-2026-1830-uhr","status":"publish","type":"product","link":"https:\/\/arena-ticket.com\/en\/product\/in-extremo-carpe-noctem-burgentour-2026-chemnitz-wasserschloss-klaffenbach-28-08-2026-1830-uhr\/","title":{"rendered":"In Extremo - Carpe Noctem  - Burgentour 2026"},"content":{"rendered":"<p>IN EXTREMO k\u00fcndigen ihre legend\u00e4re BURGENTOUR f\u00fcr 2026 an!<br \/>\nIn Extremo z\u00e4hlen zu den gro\u00dfen Innovatoren der modernen Musikgeschichte: Als erste Band, die mittelalterliche Instrumente, archaische Kraft und wuchtige Rockenergie miteinander verschmolz, haben sie ein eigenes Genre erschaffen \u2013 kompromisslos, unverwechselbar und seit Jahrzehnten stilpr\u00e4gend. Und wer In Extremo live erlebt hat, wei\u00df: Diese Band baut nicht einfach B\u00fchnen, sie erschafft Welten.<\/p>\n<p>Mit ihrer legend\u00e4ren BURGENTOUR haben In Extremo schon fr\u00fch ein Open-Air-Erlebnis definiert, das weit \u00fcber ein Konzert hinausgeht: ein Spektakel aus Feuer, Geschichte und Klanggewalt.<\/p>\n<p>Im Sommer 2026 kehrt dieses Ausnahmeformat endlich zur\u00fcck: F\u00fcr 8 Termine bringen In Extremo ihre imposanten Live-Shows an ausgew\u00e4hlte Burgen und historische Orte, die wie geschaffen sind f\u00fcr ihre epische Inszenierung. Auf dem Programm stehen ikonische Hits, lange nicht gespielte Juwelen, mitrei\u00dfende Melodien und die unverwechselbare B\u00fchnenpr\u00e4senz einer Band, die seit 30 Jahren Ma\u00dfst\u00e4be setzt.<\/p>\n<p>Die BURGENTOUR 2026 verspricht ein mitrei\u00dfendes Spektakel \u2013 ein Gesamtereignis, das markante Schaupl\u00e4tze mit eindrucksvoller Live-Performance verbindet und so jedem Abend einen eigene Akzente setzt.<\/p>","protected":false},"excerpt":{"rendered":"<p>Secure your tickets!<\/p>","protected":false},"featured_media":64659,"template":"","meta":{"_acf_changed":false,"inline_featured_image":false},"product_brand":[],"product_cat":[103,31,69,35,6732,21,58,512],"product_tag":[6877,992,941,2871,942,944,6804,947,948,993],"class_list":{"0":"post-64656","1":"product","2":"type-product","3":"status-publish","4":"has-post-thumbnail","6":"product_cat-chemnitz","7":"product_cat-events","8":"product_cat-konzert","9":"product_cat-orte","10":"product_cat-rock-hard-rock","11":"product_cat-ticket","12":"product_cat-veranstaltung","13":"product_cat-wasserschloss-klaffenbach","14":"product_tag-burgentour-2026","15":"product_tag-chemnitz","16":"product_tag-events","17":"product_tag-in-extremo-carpe-noctem","18":"product_tag-konzert","19":"product_tag-orte","20":"product_tag-rock-hard-rock","21":"product_tag-ticket","22":"product_tag-veranstaltung","23":"product_tag-wasserschloss-klaffenbach","24":"product_shipping_class-nur_paketversand","25":"pa_discount-kind-bis-14-jahre","26":"pa_discount-normalpreis","27":"pa_preiskategorie-stehplatz","29":"first","30":"instock","31":"taxable","32":"shipping-taxable","33":"purchasable","34":"product-type-variable"},"group_of_quantity":0,"min_quantity":0,"max_quantity":"","exclude_order_quantity_value_rules":"no","exclude_category_quantity_rules":"no","combine_variations":"no","acf":[],"_links":{"self":[{"href":"https:\/\/arena-ticket.com\/en\/wp-json\/wp\/v2\/product\/64656","targetHints":{"allow":["GET"]}}],"collection":[{"href":"https:\/\/arena-ticket.com\/en\/wp-json\/wp\/v2\/product"}],"about":[{"href":"https:\/\/arena-ticket.com\/en\/wp-json\/wp\/v2\/types\/product"}],"wp:featuredmedia":[{"embeddable":true,"href":"https:\/\/arena-ticket.com\/en\/wp-json\/wp\/v2\/media\/64659"}],"wp:attachment":[{"href":"https:\/\/arena-ticket.com\/en\/wp-json\/wp\/v2\/media?parent=64656"}],"wp:term":[{"taxonomy":"product_brand","embeddable":true,"href":"https:\/\/arena-ticket.com\/en\/wp-json\/wp\/v2\/product_brand?post=64656"},{"taxonomy":"product_cat","embeddable":true,"href":"https:\/\/arena-ticket.com\/en\/wp-json\/wp\/v2\/product_cat?post=64656"},{"taxonomy":"product_tag","embeddable":true,"href":"https:\/\/arena-ticket.com\/en\/wp-json\/wp\/v2\/product_tag?post=64656"}],"curies":[{"name":"wp","href":"https:\/\/api.w.org\/{rel}","templated":true}]}}