{"id":64663,"date":"2026-01-28T14:34:59","date_gmt":"2026-01-28T13:34:59","guid":{"rendered":"https:\/\/arena-ticket.com\/?p=64663&#038;post_type=product&#038;preview_id=64663"},"modified":"2026-01-29T08:46:11","modified_gmt":"2026-01-29T07:46:11","slug":"onerepublic-from-europe-with-love-tour-2026-halle-freilichtbuehne-peissnitz-19-07-2026-1830-uhr","status":"publish","type":"product","link":"https:\/\/arena-ticket.com\/en\/product\/onerepublic-from-europe-with-love-tour-2026-halle-freilichtbuehne-peissnitz-19-07-2026-1830-uhr\/","title":{"rendered":"Onerepublic  - From Europe With Love Tour 2026"},"content":{"rendered":"<p><b>ONEREPUBLIC<br \/>\nUS-amerikanische Pop-Rock-Band f\u00fcr zwei Open Air Shows im Sommer 2026 in Deutschland<\/b><\/p>\n<p>OneRepublic geh\u00f6ren zu den weltweit erfolgreichsten Pop-Rock-Bands und haben seit Ende der 2000er-Jahre mehrere Hits von globalem Ausma\u00df gefeiert. Neben ihrer Grammy-nominierten Breakthrough-Single \u201eApologize\u201c landete die Band aus Colorado Springs 2013 mit \u201eCounting Stars\u201c einen Riesenerfolg. Der Titel z\u00e4hlt heute mit \u00fcber 3,2 Mia. Streams auf Spotify zu den 25 meistgestreamten Songs der Plattform und ist mit \u00fcber 41 Mio. Verk\u00e4ufen weltweit \u00fcber 70-fach Platin ausgezeichnet. Dar\u00fcber hinaus landete die Band auf ihren bisher sechs ver\u00f6ffentlichten Alben weitere Smash-Hits, tourte um die ganze Welt und begeistert seitdem mit ihren Pop-Rock-Hymnen \u00fcber Generationen hinweg. Im Juli 2026 kommen OneRepublic auf ihrer From Europe With Love Tour 2026 f\u00fcr zwei exklusive Sommer-Open-Airs nach Deutschland: zum Wolfsburger Autostadt Open Air sowie in die ARENA IM OPEN AIR PARK D\u00dcSSELDORF. Special Guest in D\u00fcsseldorf ist die britische Pop-S\u00e4ngerin Jessie J, die mit Songs wie \u201ePrice Tag\u201c, \u201eDomino\u201c und \u201eBang Bang\u201c weltweit bekannt wurde.<\/p>\n<p>Bereits kurz nachdem S\u00e4nger Ryan Tedder und Gitarrist Zach Filkins OneRepublic im Jahr 2002 gr\u00fcndeten, zeichnete sich ab, dass sie das Zeug dazu haben, die Spitze des modernen Pop-Rocks zu erreichen. 2003 unterschrieb die Band einen Plattenvertrag bei Columbia Records und wurde bis 2006 auf Myspace zu einem der angesagtesten Acts der Stunde. \u201eApologize\u201c sowie \u201eStop And Stare\u201c lie\u00dfen OneRepublic international durchbrechen und wurden 2007 auf ihrem Deb\u00fctalbum \u201eDreaming Out Loud\u201c zu ihren bis dato gr\u00f6\u00dften Hits. Nachdem der Song auf Platz 1 der deutschen Singlecharts landete und sich mehr als ein ganzes Jahr darin hielt, wurde \u201eApologize\u201c 2009 mit einer ECHO- Pop-Nominierung f\u00fcr den Hit des Jahres belohnt. Auch bei den Grammy Awards erhielt er eine Nominierung f\u00fcr die beste Pop-Performance. Ihren internationalen Durchbruch festigten OneRepublic mit ihrer zweiten Platte \u201eWaking Up\u201c und Songs wie \u201eSecrets\u201c, \u201eAll The Right Moves\u201c und \u201eGood Life\u201c weiter. 2013 landete die Band mit \u201eCounting Stars\u201c ihren gr\u00f6\u00dften Hit und ver\u00f6ffentlichte ihr drittes und bisher erfolgreichstes Album \u201eNative\u201c, das hierzulande auf Platz 4 der offiziellen Charts einstieg und sich 53 Wochen darin halten konnte. Es folgten die Alben \u201eOh My My\u201c (2016) und \u201eHuman\u201c (2021) mit Tracks wie \u201eWherever I Go\u201c, \u201eRun\u201c, \u201eRescue Me\u201c und \u201eLose Somebody\u201c feat. Kygo, die aus internationalen Radios nicht mehr wegzudenken sind. 2024 kollaborierten OneRepublic mit David Guetta auf dem Titel \u201eI Don\u2019t Wanna Wait\u201c. Dar\u00fcber hinaus schrieb die Gruppe gemeinsam mit der italienischen Band Meduza und der deutschen S\u00e4ngerin Leony den offiziellen UEFA Euro 2024-Song \u201eFire\u201c und performte ihn im Finale des Turniers in Berlin. Mit ihrem sechsten Studioalbum \u201eArtificial Paradise\u201c und dem Track \u201eSink or Swim\u201c bewiesen OneRepublic 2024 zudem, dass sie noch immer gro\u00dfe Hits schreiben k\u00f6nnen. 2025 b\u00fcndelten sie die besten Songs ihrer Karriere auf der Compilation \u201eThe Collection\u201c \u2013 einem Werk voller Fanfavoriten, das allein auf Spotify \u00fcber 13,6 Mia. Streams z\u00e4hlt und den Status der Band unterstreicht.<\/p>","protected":false},"excerpt":{"rendered":"<div class=\"event__header\" data-v-331ed750=\"\">Secure your tickets!<\/div>","protected":false},"featured_media":64666,"template":"","meta":{"_acf_changed":false,"inline_featured_image":false},"product_brand":[],"product_cat":[31,405,102,69,35,6733,58],"product_tag":[941,1004,6879,999,942,6878,944,2506,948],"class_list":{"0":"post-64663","1":"product","2":"type-product","3":"status-publish","4":"has-post-thumbnail","6":"product_cat-events","7":"product_cat-freilichtbuehne-peissnitz","8":"product_cat-halle","9":"product_cat-konzert","10":"product_cat-orte","11":"product_cat-pop","12":"product_cat-veranstaltung","13":"product_tag-events","14":"product_tag-freilichtbuehne-peissnitz","15":"product_tag-from-europe-with-love-tour-2026","16":"product_tag-halle","17":"product_tag-konzert","18":"product_tag-onerepublic","19":"product_tag-orte","20":"product_tag-pop","21":"product_tag-veranstaltung","22":"product_shipping_class-nur_paketversand","23":"pa_discount-normalpreis","24":"pa_preiskategorie-stehplatz","26":"first","27":"instock","28":"taxable","29":"shipping-taxable","30":"purchasable","31":"product-type-variable"},"group_of_quantity":0,"min_quantity":0,"max_quantity":"","exclude_order_quantity_value_rules":"no","exclude_category_quantity_rules":"no","combine_variations":"no","acf":[],"_links":{"self":[{"href":"https:\/\/arena-ticket.com\/en\/wp-json\/wp\/v2\/product\/64663","targetHints":{"allow":["GET"]}}],"collection":[{"href":"https:\/\/arena-ticket.com\/en\/wp-json\/wp\/v2\/product"}],"about":[{"href":"https:\/\/arena-ticket.com\/en\/wp-json\/wp\/v2\/types\/product"}],"wp:featuredmedia":[{"embeddable":true,"href":"https:\/\/arena-ticket.com\/en\/wp-json\/wp\/v2\/media\/64666"}],"wp:attachment":[{"href":"https:\/\/arena-ticket.com\/en\/wp-json\/wp\/v2\/media?parent=64663"}],"wp:term":[{"taxonomy":"product_brand","embeddable":true,"href":"https:\/\/arena-ticket.com\/en\/wp-json\/wp\/v2\/product_brand?post=64663"},{"taxonomy":"product_cat","embeddable":true,"href":"https:\/\/arena-ticket.com\/en\/wp-json\/wp\/v2\/product_cat?post=64663"},{"taxonomy":"product_tag","embeddable":true,"href":"https:\/\/arena-ticket.com\/en\/wp-json\/wp\/v2\/product_tag?post=64663"}],"curies":[{"name":"wp","href":"https:\/\/api.w.org\/{rel}","templated":true}]}}