{"id":64676,"date":"2026-01-28T14:59:30","date_gmt":"2026-01-28T13:59:30","guid":{"rendered":"https:\/\/arena-ticket.com\/?p=64676&#038;post_type=product&#038;preview_id=64676"},"modified":"2026-01-28T15:04:49","modified_gmt":"2026-01-28T14:04:49","slug":"nino-de-angelo-un-momento-italiano-chemnitz-wasserschloss-klaffenbach-30-08-2026-1930-uhr","status":"publish","type":"product","link":"https:\/\/arena-ticket.com\/en\/product\/nino-de-angelo-un-momento-italiano-chemnitz-wasserschloss-klaffenbach-30-08-2026-1930-uhr\/","title":{"rendered":"Nino de Angelo  - Un Momento Italiano"},"content":{"rendered":"<p>Nino de Angelo k\u00fcndigt f\u00fcr den Sommer 2026 eine ausgedehnte Open Air Tour auf den sch\u00f6nsten Freilichtb\u00fchnen Deutschlands an. Im Zentrum der Open Airs stehen dabei das Album\u00a0<strong>\u201eUn Momento Italiano\u201c<\/strong>\u00a0von 2004 und das Album\u00a0<strong>\u201eTorner\u00f2\u00a0 \u2013 Ich komme wieder\u201c<\/strong>\u00a0aus dem Jahre 2007. Seine Fans d\u00fcrfen sich auf neue Live-Interpretationen aus den beiden Alben freuen. Den Titeltrack \u201eTorner\u00f2\u201c kennen viele bereits als Klassiker. Ein italienischer Moment nach dem anderen, der das Herz h\u00f6herschlagen l\u00e4sst. Nat\u00fcrlich wird Nino de Angelo auch seine legend\u00e4ren Songs performen \u2013 von \u201eJenseits bis Eden\u201c bis zu aktuellen St\u00fccken. Ein Set, das Vergangenheit und Gegenwart musikalisch verbindet.<\/p>","protected":false},"excerpt":{"rendered":"<p>Secure your tickets!<\/p>","protected":false},"featured_media":64679,"template":"","meta":{"_acf_changed":false,"inline_featured_image":false},"product_brand":[],"product_cat":[103,31,69,35,6734,21,58,512],"product_tag":[992,941,942,3377,4159,6541,944,6804,2568,947,6520,948,993],"class_list":{"0":"post-64676","1":"product","2":"type-product","3":"status-publish","4":"has-post-thumbnail","6":"product_cat-chemnitz","7":"product_cat-events","8":"product_cat-konzert","9":"product_cat-orte","10":"product_cat-schlager","11":"product_cat-ticket","12":"product_cat-veranstaltung","13":"product_cat-wasserschloss-klaffenbach","14":"product_tag-chemnitz","15":"product_tag-events","16":"product_tag-konzert","17":"product_tag-mono-inc","18":"product_tag-nino-de-angelo","19":"product_tag-open-air-2026","20":"product_tag-orte","21":"product_tag-rock-hard-rock","22":"product_tag-schlager","23":"product_tag-ticket","24":"product_tag-un-momento-italiano","25":"product_tag-veranstaltung","26":"product_tag-wasserschloss-klaffenbach","27":"product_shipping_class-nur_paketversand","28":"pa_discount-kind-bis-14-jahre","29":"pa_discount-normalpreis","30":"pa_preiskategorie-stehplatz","32":"first","33":"instock","34":"taxable","35":"shipping-taxable","36":"purchasable","37":"product-type-variable"},"group_of_quantity":0,"min_quantity":0,"max_quantity":"","exclude_order_quantity_value_rules":"no","exclude_category_quantity_rules":"no","combine_variations":"no","acf":[],"_links":{"self":[{"href":"https:\/\/arena-ticket.com\/en\/wp-json\/wp\/v2\/product\/64676","targetHints":{"allow":["GET"]}}],"collection":[{"href":"https:\/\/arena-ticket.com\/en\/wp-json\/wp\/v2\/product"}],"about":[{"href":"https:\/\/arena-ticket.com\/en\/wp-json\/wp\/v2\/types\/product"}],"wp:featuredmedia":[{"embeddable":true,"href":"https:\/\/arena-ticket.com\/en\/wp-json\/wp\/v2\/media\/64679"}],"wp:attachment":[{"href":"https:\/\/arena-ticket.com\/en\/wp-json\/wp\/v2\/media?parent=64676"}],"wp:term":[{"taxonomy":"product_brand","embeddable":true,"href":"https:\/\/arena-ticket.com\/en\/wp-json\/wp\/v2\/product_brand?post=64676"},{"taxonomy":"product_cat","embeddable":true,"href":"https:\/\/arena-ticket.com\/en\/wp-json\/wp\/v2\/product_cat?post=64676"},{"taxonomy":"product_tag","embeddable":true,"href":"https:\/\/arena-ticket.com\/en\/wp-json\/wp\/v2\/product_tag?post=64676"}],"curies":[{"name":"wp","href":"https:\/\/api.w.org\/{rel}","templated":true}]}}