{"id":64683,"date":"2026-01-28T15:12:29","date_gmt":"2026-01-28T14:12:29","guid":{"rendered":"https:\/\/arena-ticket.com\/?p=64683&#038;post_type=product&#038;preview_id=64683"},"modified":"2026-02-12T15:06:07","modified_gmt":"2026-02-12T14:06:07","slug":"dieter-bohlen-live-mit-band-sommer-open-air-halle-freilichtbuehne-peissnitz-10-07-2026-2000-uhr","status":"publish","type":"product","link":"https:\/\/arena-ticket.com\/en\/product\/dieter-bohlen-live-mit-band-sommer-open-air-halle-freilichtbuehne-peissnitz-10-07-2026-2000-uhr\/","title":{"rendered":"Dieter Bohlen - Live mit Band  - Sommer Open Air"},"content":{"rendered":"<p><strong>Erlebt Dieter Bohlen &amp; Band live am 10.07.2026 auf der Pei\u00dfnitzinsel in Halle (Saale)!<\/strong><\/p>\n<p>Erfolgreich als S\u00e4nger, Produzent, Komponist und Casting-Juror bei DSDS und Supertalent blickt das musikalische \u201eSuperschwergewicht\u201c auf eine einzigartige Sammlung goldener Schallplatten und etliche anderer renommierter Musikbusiness-Auszeichnungen zur\u00fcck. Auch gro\u00dfartige Welthits wie Midnight Lady von Smokie-S\u00e4nger Chris Normans stammen aus Bohlens Feder\u2026<\/p>\n<p>Freuen Sie sich auf eine der seltenen Gelegenheiten DIETER BOHLEN live auf der B\u00fchne zu erleben mit unvergessenen \u201eNummer 1\u201c- Kult-Hits wie \u201eYou\u2019re My Heart, You\u2019re My Soul\u201c, \u201eBrother Louie\u201c, \u201eYou Can Win If You Want\u201c und \u201eCheri, Cheri Lady\u201c.<\/p>","protected":false},"excerpt":{"rendered":"<div class=\"event__header\" data-v-331ed750=\"\">Secure your tickets!<\/div>","protected":false},"featured_media":64690,"template":"","meta":{"_acf_changed":false,"inline_featured_image":false},"product_brand":[],"product_cat":[31,405,102,69,35,6733,58],"product_tag":[6881,941,1004,999,942,944,2506,6882,948],"class_list":{"0":"post-64683","1":"product","2":"type-product","3":"status-publish","4":"has-post-thumbnail","6":"product_cat-events","7":"product_cat-freilichtbuehne-peissnitz","8":"product_cat-halle","9":"product_cat-konzert","10":"product_cat-orte","11":"product_cat-pop","12":"product_cat-veranstaltung","13":"product_tag-dieter-bohlen-live-mit-band","14":"product_tag-events","15":"product_tag-freilichtbuehne-peissnitz","16":"product_tag-halle","17":"product_tag-konzert","18":"product_tag-orte","19":"product_tag-pop","20":"product_tag-sommer-open-air","21":"product_tag-veranstaltung","22":"product_shipping_class-nur_paketversand","23":"pa_discount-normalpreis","24":"pa_preiskategorie-front-of-stage-stehplatz","25":"pa_preiskategorie-stehplatz","27":"first","28":"instock","29":"taxable","30":"shipping-taxable","31":"purchasable","32":"product-type-variable"},"group_of_quantity":0,"min_quantity":0,"max_quantity":"","exclude_order_quantity_value_rules":"no","exclude_category_quantity_rules":"no","combine_variations":"no","acf":[],"_links":{"self":[{"href":"https:\/\/arena-ticket.com\/en\/wp-json\/wp\/v2\/product\/64683","targetHints":{"allow":["GET"]}}],"collection":[{"href":"https:\/\/arena-ticket.com\/en\/wp-json\/wp\/v2\/product"}],"about":[{"href":"https:\/\/arena-ticket.com\/en\/wp-json\/wp\/v2\/types\/product"}],"wp:featuredmedia":[{"embeddable":true,"href":"https:\/\/arena-ticket.com\/en\/wp-json\/wp\/v2\/media\/64690"}],"wp:attachment":[{"href":"https:\/\/arena-ticket.com\/en\/wp-json\/wp\/v2\/media?parent=64683"}],"wp:term":[{"taxonomy":"product_brand","embeddable":true,"href":"https:\/\/arena-ticket.com\/en\/wp-json\/wp\/v2\/product_brand?post=64683"},{"taxonomy":"product_cat","embeddable":true,"href":"https:\/\/arena-ticket.com\/en\/wp-json\/wp\/v2\/product_cat?post=64683"},{"taxonomy":"product_tag","embeddable":true,"href":"https:\/\/arena-ticket.com\/en\/wp-json\/wp\/v2\/product_tag?post=64683"}],"curies":[{"name":"wp","href":"https:\/\/api.w.org\/{rel}","templated":true}]}}