{"id":64699,"date":"2026-01-28T15:48:13","date_gmt":"2026-01-28T14:48:13","guid":{"rendered":"https:\/\/arena-ticket.com\/?p=64699&#038;post_type=product&#038;preview_id=64699"},"modified":"2026-02-17T15:17:52","modified_gmt":"2026-02-17T14:17:52","slug":"anna-loos-essenz-ein-konzert-mit-conrad-oleak-und-dem-kupferquartett-leipzig-kupfersaal-13-05-2026-2000-uhr","status":"publish","type":"product","link":"https:\/\/arena-ticket.com\/en\/product\/anna-loos-essenz-ein-konzert-mit-conrad-oleak-und-dem-kupferquartett-leipzig-kupfersaal-13-05-2026-2000-uhr\/","title":{"rendered":"Anna Loos \u201eEssenz\u201c  - Ein Konzert mit Conrad Oleak und dem Kupferquartett"},"content":{"rendered":"<p>Songs aus \u201eWerkzeugkasten\u201c und \u201eDas Leben ist sch\u00f6n\u201c<br \/>\n\u201eEssenz\u201c \u2013 so hei\u00dft das Konzert, in dem Anna Loos die H\u00f6hepunkte ihrer beiden Alben \u201eWerkzeugkasten\u201c (2019) und \u201eDas Leben ist sch\u00f6n\u201c (2023) in einer kraftvollen Live-Darbietung vereint. Ein Abend, der tief in die Essenz ihres k\u00fcnstlerischen Ausdrucks eintaucht und die musikalische Reise von der Selbstfindung bis zur Feier des Lebens in all seinen Facetten widerspiegelt. Mit \u201eWerkzeugkasten\u201c hat Anna Loos eine Sammlung von Songs geschaSen, die von der Zerrissenheit und der Freiheit des Lebens erz\u00e4hlen. Vom Mut, sich selbst zu finden, von den \u00c4ngsten, die uns begleiten, und der Entschlossenheit, stets wieder aufzustehen.<br \/>\nIn \u201eDas Leben ist sch\u00f6n\u201c begibt sie sich auf eine Reise, die von der Akzeptanz und der Freude am Moment gepr\u00e4gt ist. Sie feiert das Leben, mit all seinen H\u00f6hen und Tiefen, den Fehlern und den Wundern des Alltags.<br \/>\nGemeinsam mit ihrem langj\u00e4hrigen musikalischen Leiter, Pianisten und Freund, Conrad Oleak sowie dem \u2026 Quartett wird Anna Loos diese beiden Alben zu einem ganz besonderen Erlebnis verbinden. Zwischen Melancholie und HoSnung, zwischen Momenten der Trauer und der Euphorie entfaltet sich ein Abend, der mit Musik, Texten und Emotionen die Essenz des Lebens einf\u00e4ngt. Lieder wie \u201eHier\u201c, \u201eKaputt\u201c und \u201eHunderttausend Farben\u201c spiegeln die Reise von Annas innerer Freiheit wieder \u2013 sie l\u00e4dt das Publikum ein, die eigenen Geschichten und Gef\u00fchle zu entdecken und zu feiern. Mit ihrer markanten Stimme und der intensiven Begleitung wird jedes St\u00fcck zu einem emotionalen Erlebnis, das auf die Essenz des Lebens, der Liebe und der Selbstfindung abzielt. \u201eEssenz\u201c ist ein Konzert, das die Menschen ber\u00fchrt, sie zum Nachdenken anregt und die Sch\u00f6nheit des Lebens in all seinen Facetten feiert. Lassen Sie sich von Anna Loos und ihren musikalischen Begleitern auf dieser musikalischen Reise mitnehmen und erleben Sie, wie sich die Essenz ihrer Songs mit jeder Note entfaltet.<\/p>","protected":false},"excerpt":{"rendered":"<p>Don&#039;t miss it!<\/p>","protected":false},"featured_media":64701,"template":"","meta":{"_acf_changed":false,"inline_featured_image":false},"product_brand":[],"product_cat":[31,69,430,86,35,6733,21,58],"product_tag":[6883,6884,941,942,968,943,944,2506,947,948],"class_list":{"0":"post-64699","1":"product","2":"type-product","3":"status-publish","4":"has-post-thumbnail","6":"product_cat-events","7":"product_cat-konzert","8":"product_cat-kupfersaal","9":"product_cat-leipzig","10":"product_cat-orte","11":"product_cat-pop","12":"product_cat-ticket","13":"product_cat-veranstaltung","14":"product_tag-anna-loos-essenz","15":"product_tag-ein-konzert-mit-conrad-oleak-und-dem-kupferquartett","16":"product_tag-events","17":"product_tag-konzert","18":"product_tag-kupfersaal","19":"product_tag-leipzig","20":"product_tag-orte","21":"product_tag-pop","22":"product_tag-ticket","23":"product_tag-veranstaltung","24":"product_shipping_class-nur_paketversand","25":"pa_discount-ermaessigt","26":"pa_discount-normalpreis","27":"pa_preiskategorie-pk-i","28":"pa_preiskategorie-pk-ii","30":"first","31":"instock","32":"taxable","33":"shipping-taxable","34":"purchasable","35":"product-type-variable"},"group_of_quantity":0,"min_quantity":0,"max_quantity":"","exclude_order_quantity_value_rules":"no","exclude_category_quantity_rules":"no","combine_variations":"no","acf":[],"_links":{"self":[{"href":"https:\/\/arena-ticket.com\/en\/wp-json\/wp\/v2\/product\/64699","targetHints":{"allow":["GET"]}}],"collection":[{"href":"https:\/\/arena-ticket.com\/en\/wp-json\/wp\/v2\/product"}],"about":[{"href":"https:\/\/arena-ticket.com\/en\/wp-json\/wp\/v2\/types\/product"}],"wp:featuredmedia":[{"embeddable":true,"href":"https:\/\/arena-ticket.com\/en\/wp-json\/wp\/v2\/media\/64701"}],"wp:attachment":[{"href":"https:\/\/arena-ticket.com\/en\/wp-json\/wp\/v2\/media?parent=64699"}],"wp:term":[{"taxonomy":"product_brand","embeddable":true,"href":"https:\/\/arena-ticket.com\/en\/wp-json\/wp\/v2\/product_brand?post=64699"},{"taxonomy":"product_cat","embeddable":true,"href":"https:\/\/arena-ticket.com\/en\/wp-json\/wp\/v2\/product_cat?post=64699"},{"taxonomy":"product_tag","embeddable":true,"href":"https:\/\/arena-ticket.com\/en\/wp-json\/wp\/v2\/product_tag?post=64699"}],"curies":[{"name":"wp","href":"https:\/\/api.w.org\/{rel}","templated":true}]}}