{"id":64721,"date":"2026-01-28T16:13:42","date_gmt":"2026-01-28T15:13:42","guid":{"rendered":"https:\/\/arena-ticket.com\/?p=64721&#038;post_type=product&#038;preview_id=64721"},"modified":"2026-01-29T12:01:42","modified_gmt":"2026-01-29T11:01:42","slug":"marc-marshall-die-stimme-die-beruehrt-live-in-concert-kupfersaal-leipzig-08-11-2026-1700-uhr","status":"publish","type":"product","link":"https:\/\/arena-ticket.com\/en\/product\/marc-marshall-die-stimme-die-beruehrt-live-in-concert-kupfersaal-leipzig-08-11-2026-1700-uhr\/","title":{"rendered":"Marc Marshall  - Die Stimme, die ber\u00fchrt - Live in Concert"},"content":{"rendered":"<p>Das Spektrum von Marc Marshalls neuer Tournee erstreckt sich von Evergreens und klassische Songs bis hin zu Hits aktueller und vergangener Tage. Auch magische Unplugged-Lieder und emotional aufgeladene Eigenkompositionen d\u00fcrfen nicht fehlen. Die Mischung aus musikalischer Weltklasse und charmanter Moderation feiert das Publikum regelm\u00e4ssig mit Standing Ovations.<\/p>\n<p>Mit seiner wandelbaren Stimme transportiert der beliebte Barition tiefgehende Emotionen, die direkt ins Herz gehen. Marc Marshall begeistert seit Jahrzehnten mit einf\u00fchlsamen Interpretationen bekannter Lieder, aber auch eigenen Kompositionen und z\u00e4hlt so zu den begehrtesten S\u00e4ngern Deutschlands.<\/p>\n<p>Durch seine starke B\u00fchnenpr\u00e4senz und ungezwungene Art, mit dem Publikum zu interagieren, schafft der Entertainer mit Witz und Substanz eine unvergessliche Atmosph\u00e4re und N\u00e4he zum Publikum. Er ist ein K\u00fcnstler, der jedes Live-Konzert in ein Erlebnis musikalischer Exzellenz verwandelt. Dabei begleitet ihn abwechselnd sein Pianist, seine Band oder auch ein grosses Orchester.<\/p>\n<p>Kein Konzert ist wie das andere. Auf der B\u00fchne ist Marc Marshall in seinem Element und teilt mit den Zuh\u00f6rern die Leidenschaft f\u00fcr Gef\u00fchle. Die Presse ernannte ihn begeistert zum Meister der T\u00f6ne. Wo seine Stimme erklingt, \u00f6ffnen sich die Herzen der Menschen. Diese Stimme ber\u00fchrt, sie erz\u00e4hlt Geschichten.<\/p>","protected":false},"excerpt":{"rendered":"<p>Jetzt Tickets f\u00fcr dieses Konzert sichern<\/p>","protected":false},"featured_media":64727,"template":"","meta":{"_acf_changed":false,"inline_featured_image":false},"product_brand":[],"product_cat":[31,6741,69,430,86,35,21,58],"product_tag":[6890,6889,6888,941,2504,942,968,943,6887,944,947,976,948],"class_list":{"0":"post-64721","1":"product","2":"type-product","3":"status-publish","4":"has-post-thumbnail","6":"product_cat-events","7":"product_cat-klassik","8":"product_cat-konzert","9":"product_cat-kupfersaal","10":"product_cat-leipzig","11":"product_cat-orte","12":"product_cat-ticket","13":"product_cat-veranstaltung","14":"product_tag-die-beruehrt-live-in-concert","15":"product_tag-die-stimme","16":"product_tag-die-stimme-die-beruehrt-live-in-concert","17":"product_tag-events","18":"product_tag-klassik","19":"product_tag-konzert","20":"product_tag-kupfersaal","21":"product_tag-leipzig","22":"product_tag-marc-marshall","23":"product_tag-orte","24":"product_tag-ticket","25":"product_tag-unkategorisiert","26":"product_tag-veranstaltung","27":"product_shipping_class-nur_paketversand","28":"pa_discount-begleitperson-schwerbeschaedigte","29":"pa_discount-ermaessigt","30":"pa_discount-kind","31":"pa_discount-normalpreis","32":"pa_discount-rentner","33":"pa_discount-schwerbeschaedigt","34":"pa_preiskategorie-freie-platzwahl","36":"first","37":"instock","38":"taxable","39":"shipping-taxable","40":"purchasable","41":"product-type-variable"},"group_of_quantity":0,"min_quantity":0,"max_quantity":"","exclude_order_quantity_value_rules":"no","exclude_category_quantity_rules":"no","combine_variations":"no","acf":[],"_links":{"self":[{"href":"https:\/\/arena-ticket.com\/en\/wp-json\/wp\/v2\/product\/64721","targetHints":{"allow":["GET"]}}],"collection":[{"href":"https:\/\/arena-ticket.com\/en\/wp-json\/wp\/v2\/product"}],"about":[{"href":"https:\/\/arena-ticket.com\/en\/wp-json\/wp\/v2\/types\/product"}],"wp:featuredmedia":[{"embeddable":true,"href":"https:\/\/arena-ticket.com\/en\/wp-json\/wp\/v2\/media\/64727"}],"wp:attachment":[{"href":"https:\/\/arena-ticket.com\/en\/wp-json\/wp\/v2\/media?parent=64721"}],"wp:term":[{"taxonomy":"product_brand","embeddable":true,"href":"https:\/\/arena-ticket.com\/en\/wp-json\/wp\/v2\/product_brand?post=64721"},{"taxonomy":"product_cat","embeddable":true,"href":"https:\/\/arena-ticket.com\/en\/wp-json\/wp\/v2\/product_cat?post=64721"},{"taxonomy":"product_tag","embeddable":true,"href":"https:\/\/arena-ticket.com\/en\/wp-json\/wp\/v2\/product_tag?post=64721"}],"curies":[{"name":"wp","href":"https:\/\/api.w.org\/{rel}","templated":true}]}}