{"id":64728,"date":"2026-01-28T16:37:24","date_gmt":"2026-01-28T15:37:24","guid":{"rendered":"https:\/\/arena-ticket.com\/?p=64728&#038;post_type=product&#038;preview_id=64728"},"modified":"2026-01-29T08:44:37","modified_gmt":"2026-01-29T07:44:37","slug":"der-physiopath-live-machen-sie-sich-bitte-frei-kupfersaal-leipzig-29-10-2026-2000-uhr","status":"publish","type":"product","link":"https:\/\/arena-ticket.com\/en\/product\/der-physiopath-live-machen-sie-sich-bitte-frei-kupfersaal-leipzig-29-10-2026-2000-uhr\/","title":{"rendered":"Der Physiopath live  - Machen Sie sich bitte frei!"},"content":{"rendered":"<p>&nbsp;<\/p>\n<p>Humor, der unter die Haut geht: \u201eDer Physiopath\u201c verordnet uns mit seinem neuen Live- Programm \u201eMachen Sie sich bitte frei!\u201c einen Abend zwischen Behandlungsliege und Lachmuskelkater.<\/p>\n<p>Mit scharfem Blick, jeder Menge Tipps und Tricks f\u00fcr den Alltag, trockener Ironie und einem Massagegriff f\u00fcrs Zwerchfell seziert Frederic Newnham erneut das absurde Verh\u00e4ltnis zwischen K\u00f6rper, Geist - und Gesundheitswesen. Und behandelt dabei so wichtige Fragen wie \u201eWenn es Menschen gibt, die sich krank denken k\u00f6nnen \u2013 k\u00f6nnen wir uns auch gesund denken?\u201c und \u201eKann ich \u00fcber t\u00e4gliche Routinen und Suggestionen positive Gef\u00fchle in meinem K\u00f6rper verankern und damit gleichzeitig meine Gesundheit f\u00f6rdern?\u201c<\/p>\n<p>\u201eDer Physiopath\u201c zeigt: Das geht! Und hat dazu jede Menge \u00dcbungen im B\u00fchnengep\u00e4ck, die sich sofort umsetzen lassen und uns freier, schmerzfreier und positiver f\u00fchlen lassen.<\/p>\n<p>Wer dachte, Physiotherapie sei eine ernste Angelegenheit, hat noch nie erlebt, wie tief Lachen wirklich gehen kann. Zwischen Pointen, Peinlichkeiten und Praxisgefl\u00fcster steckt eine Infotainment-Show, die gleicherma\u00dfen therapiert wie entfesselt. Charmant, frech und manchmal schmerzhaft ehrlich - aber immer mit einem Augenzwinkern. Ob Wartezimmer-Philosophie, skurrile Patienten-Dialoge oder die T\u00fccken von R\u00fcckenschmerzen bei Beziehungsproblemen: \u201eDer Physiopath\u201c bringt die Praxis auf die B\u00fchne - und das Publikum zum Beben.<\/p>\n<p>\u201eMachen Sie sich bitte frei!\u201c - das ist nicht nur eine Aufforderung, sondern ein Versprechen: Hier wird gelockert, gedehnt und gelacht. Und das ganz ohne Zuzahlung!<\/p>","protected":false},"excerpt":{"rendered":"<p>\u201eMachen Sie sich bitte frei!\u201c - das ist nicht nur eine Aufforderung, sondern ein Versprechen: Hier wird gelockert, gedehnt und gelacht. Und das ganz ohne Zuzahlung!<\/p>","protected":false},"featured_media":64730,"template":"","meta":{"_acf_changed":false,"inline_featured_image":false},"product_brand":[],"product_cat":[31,922,430,86,35,6772,21,58],"product_tag":[3878,3879,941,951,968,943,6891,944,6779,947,948],"class_list":{"0":"post-64728","1":"product","2":"type-product","3":"status-publish","4":"has-post-thumbnail","6":"product_cat-events","7":"product_cat-kultur","8":"product_cat-kupfersaal","9":"product_cat-leipzig","10":"product_cat-orte","11":"product_cat-sonstiges_kultur","12":"product_cat-ticket","13":"product_cat-veranstaltung","14":"product_tag-der-physiopath-live","15":"product_tag-du-bist-deine-beste-medizin","16":"product_tag-events","17":"product_tag-kultur","18":"product_tag-kupfersaal","19":"product_tag-leipzig","20":"product_tag-machen-sie-sich-bitte-frei","21":"product_tag-orte","22":"product_tag-sonstiges","23":"product_tag-ticket","24":"product_tag-veranstaltung","25":"product_shipping_class-nur_paketversand","26":"pa_discount-normalpreis","27":"pa_preiskategorie-freie-platzwahl","29":"first","30":"instock","31":"taxable","32":"shipping-taxable","33":"purchasable","34":"product-type-variable"},"group_of_quantity":0,"min_quantity":0,"max_quantity":"","exclude_order_quantity_value_rules":"no","exclude_category_quantity_rules":"no","combine_variations":"no","acf":[],"_links":{"self":[{"href":"https:\/\/arena-ticket.com\/en\/wp-json\/wp\/v2\/product\/64728","targetHints":{"allow":["GET"]}}],"collection":[{"href":"https:\/\/arena-ticket.com\/en\/wp-json\/wp\/v2\/product"}],"about":[{"href":"https:\/\/arena-ticket.com\/en\/wp-json\/wp\/v2\/types\/product"}],"wp:featuredmedia":[{"embeddable":true,"href":"https:\/\/arena-ticket.com\/en\/wp-json\/wp\/v2\/media\/64730"}],"wp:attachment":[{"href":"https:\/\/arena-ticket.com\/en\/wp-json\/wp\/v2\/media?parent=64728"}],"wp:term":[{"taxonomy":"product_brand","embeddable":true,"href":"https:\/\/arena-ticket.com\/en\/wp-json\/wp\/v2\/product_brand?post=64728"},{"taxonomy":"product_cat","embeddable":true,"href":"https:\/\/arena-ticket.com\/en\/wp-json\/wp\/v2\/product_cat?post=64728"},{"taxonomy":"product_tag","embeddable":true,"href":"https:\/\/arena-ticket.com\/en\/wp-json\/wp\/v2\/product_tag?post=64728"}],"curies":[{"name":"wp","href":"https:\/\/api.w.org\/{rel}","templated":true}]}}