{"id":64736,"date":"2026-01-28T16:46:48","date_gmt":"2026-01-28T15:46:48","guid":{"rendered":"https:\/\/arena-ticket.com\/?p=64736&#038;post_type=product&#038;preview_id=64736"},"modified":"2026-01-28T16:50:37","modified_gmt":"2026-01-28T15:50:37","slug":"die-reimanns-sabbelstunde-mit-manu-und-konny-kupfersaal-leipzig-19-10-2026-2000-uhr","status":"publish","type":"product","link":"https:\/\/arena-ticket.com\/en\/product\/die-reimanns-sabbelstunde-mit-manu-und-konny-kupfersaal-leipzig-19-10-2026-2000-uhr\/","title":{"rendered":"Die Reimanns  - Sabbelstunde mit Manu und Konny"},"content":{"rendered":"<p>&nbsp;<\/p>\n<p>Die Reimanns stehen seit \u00fcber zwei Jahrzehnten f\u00fcr authentisches Reality-TV-Entertainment und sind aus der deutschen Medienlandschaft nicht mehr wegzudenken. Die Auswandererfamilie um Manu und Konny Reimann nehmen ihre Zuschauer seit ihrem ersten TV-Auftritt im Jahr 2004 mit auf den Weg von ihrer deutschen Heimat in die USA, wo sie ihren Traum vom Leben im Ausland verwirklichten. Mit einer treuen Fangemeinde und einer konstant starken Medienpr\u00e4senz z\u00e4hlen die Reimanns heute zu den best\u00e4ndigsten und beliebtesten Gesichtern des deutschen Reality-TV. Im kommenden Jahr gehen sie mit einem pers\u00f6nlichen und nahbaren Live-Programm \u201cSabbelstunde mit Manu und Konny\u201d endlich wieder auf Deutschland-Tour und bringen ihre Geschichten direkt auf die B\u00fchne.<\/p>","protected":false},"excerpt":{"rendered":"<p>Don&#039;t miss it!<\/p>","protected":false},"featured_media":64739,"template":"","meta":{"_acf_changed":false,"inline_featured_image":false},"product_brand":[],"product_cat":[31,922,430,86,35,6772,21,58],"product_tag":[6892,941,951,968,943,944,6893,6779,947,948],"class_list":{"0":"post-64736","1":"product","2":"type-product","3":"status-publish","4":"has-post-thumbnail","6":"product_cat-events","7":"product_cat-kultur","8":"product_cat-kupfersaal","9":"product_cat-leipzig","10":"product_cat-orte","11":"product_cat-sonstiges_kultur","12":"product_cat-ticket","13":"product_cat-veranstaltung","14":"product_tag-die-reimanns","15":"product_tag-events","16":"product_tag-kultur","17":"product_tag-kupfersaal","18":"product_tag-leipzig","19":"product_tag-orte","20":"product_tag-sabbelstunde-mit-manu-und-konny","21":"product_tag-sonstiges","22":"product_tag-ticket","23":"product_tag-veranstaltung","24":"product_shipping_class-nur_paketversand","25":"pa_discount-normalpreis","26":"pa_preiskategorie-freie-platzwahl","28":"first","29":"instock","30":"taxable","31":"shipping-taxable","32":"purchasable","33":"product-type-variable"},"group_of_quantity":0,"min_quantity":0,"max_quantity":"","exclude_order_quantity_value_rules":"no","exclude_category_quantity_rules":"no","combine_variations":"no","acf":[],"_links":{"self":[{"href":"https:\/\/arena-ticket.com\/en\/wp-json\/wp\/v2\/product\/64736","targetHints":{"allow":["GET"]}}],"collection":[{"href":"https:\/\/arena-ticket.com\/en\/wp-json\/wp\/v2\/product"}],"about":[{"href":"https:\/\/arena-ticket.com\/en\/wp-json\/wp\/v2\/types\/product"}],"wp:featuredmedia":[{"embeddable":true,"href":"https:\/\/arena-ticket.com\/en\/wp-json\/wp\/v2\/media\/64739"}],"wp:attachment":[{"href":"https:\/\/arena-ticket.com\/en\/wp-json\/wp\/v2\/media?parent=64736"}],"wp:term":[{"taxonomy":"product_brand","embeddable":true,"href":"https:\/\/arena-ticket.com\/en\/wp-json\/wp\/v2\/product_brand?post=64736"},{"taxonomy":"product_cat","embeddable":true,"href":"https:\/\/arena-ticket.com\/en\/wp-json\/wp\/v2\/product_cat?post=64736"},{"taxonomy":"product_tag","embeddable":true,"href":"https:\/\/arena-ticket.com\/en\/wp-json\/wp\/v2\/product_tag?post=64736"}],"curies":[{"name":"wp","href":"https:\/\/api.w.org\/{rel}","templated":true}]}}