{"id":64741,"date":"2026-01-28T16:52:05","date_gmt":"2026-01-28T15:52:05","guid":{"rendered":"https:\/\/arena-ticket.com\/?p=64741&#038;post_type=product&#038;preview_id=64741"},"modified":"2026-01-30T14:10:10","modified_gmt":"2026-01-30T13:10:10","slug":"caroline-peters-ein-anderes-leben-leipzig-kupfersaal-08-10-2026-2000-uhr","status":"publish","type":"product","link":"https:\/\/arena-ticket.com\/en\/product\/caroline-peters-ein-anderes-leben-leipzig-kupfersaal-08-10-2026-2000-uhr\/","title":{"rendered":"Caroline Peters  - Ein anderes Leben"},"content":{"rendered":"<p>Wer war Hanna? Diese Frau, die so oft aus der Rolle fiel, die nacheinander ihre drei Studienfreunde heiratete und drei T\u00f6chter bekam, immer mit Gedichten im Kopf, \u00fcber die sie den Alltag verga\u00df, die ihren Platz suchte zwischen den Erwartungen der Familie an sie und den eigenen Anspr\u00fcchen \u2013 und nur selten f\u00fcr sich sein konnte? Viele Jahre nach Hannas Tod blickt die j\u00fcngste Tochter zur\u00fcck auf das Leben ihrer Mutter, auf die eigene Kindheit im Rheinland der Siebziger und Achtziger, in der Hanna daf\u00fcr sorgt, dass die Tage immer etwas anders sind als \u00fcblich. Ein Leben zwischen B\u00fcrgerlichkeit und Boheme: mit Champagner und Puschkin am Sonntagmorgen im Bett, Besuche nach der Schule in der Institutsbibliothek, wo die Mutter arbeitet und mit versch\u00fcchterten Studenten flirtet, Pokern unterm Weihnachtsbaum, abenteuerliche Fahrten in der Ente \u2013 bis sich Hanna entscheidet, die Familie zu verlassen und ihr Leben allein von vorn zu beginnen.<\/p>\n<p>Mit gro\u00dfer Einf\u00fchlsamkeit und Leichtigkeit erz\u00e4hlt Caroline Peters von den Fragen einer Tochter an die verstorbene Mutter und an sich selbst \u2013 und davon, was es hei\u00dft, eigene Wege zu gehen. Ein sehr pers\u00f6nliches Buch, kraftvoll, ber\u00fchrend und von hinrei\u00dfendem Humor.<\/p>\n<p>Caroline Peters, geboren 1971, z\u00e4hlt zu den wichtigsten deutschen Schauspielerinnen. Nach einem Schauspielstudium an der Hochschule f\u00fcr Musik und Theater in Saarb\u00fccken war sie Ensemblemitglied an den bedeutendsten Theatern, u.a. an der Berliner Schaub\u00fchne und am Wiener Burgtheater.<\/p>","protected":false},"excerpt":{"rendered":"<p>Get your tickets here now!<\/p>","protected":false},"featured_media":64743,"template":"","meta":{"_acf_changed":false,"inline_featured_image":false},"product_brand":[],"product_cat":[31,922,430,86,6764,35,21,58],"product_tag":[6278,6894,6895,941,951,968,943,1691,944,947,948,6277],"class_list":{"0":"post-64741","1":"product","2":"type-product","3":"status-publish","4":"has-post-thumbnail","6":"product_cat-events","7":"product_cat-kultur","8":"product_cat-kupfersaal","9":"product_cat-leipzig","10":"product_cat-lesung","11":"product_cat-orte","12":"product_cat-ticket","13":"product_cat-veranstaltung","14":"product_tag-auf-dem-landweg-nach-new-york","15":"product_tag-caroline-peters","16":"product_tag-ein-anderes-leben","17":"product_tag-events","18":"product_tag-kultur","19":"product_tag-kupfersaal","20":"product_tag-leipzig","21":"product_tag-lesung","22":"product_tag-orte","23":"product_tag-ticket","24":"product_tag-veranstaltung","25":"product_tag-welt-im-sucher-2025-972-breakdowns","26":"product_shipping_class-nur_paketversand","27":"pa_discount-ermaessigt","28":"pa_discount-normalpreis","29":"pa_preiskategorie-freie-platzwahl","31":"first","32":"instock","33":"taxable","34":"shipping-taxable","35":"purchasable","36":"product-type-variable"},"group_of_quantity":0,"min_quantity":0,"max_quantity":"","exclude_order_quantity_value_rules":"no","exclude_category_quantity_rules":"no","combine_variations":"no","acf":[],"_links":{"self":[{"href":"https:\/\/arena-ticket.com\/en\/wp-json\/wp\/v2\/product\/64741","targetHints":{"allow":["GET"]}}],"collection":[{"href":"https:\/\/arena-ticket.com\/en\/wp-json\/wp\/v2\/product"}],"about":[{"href":"https:\/\/arena-ticket.com\/en\/wp-json\/wp\/v2\/types\/product"}],"wp:featuredmedia":[{"embeddable":true,"href":"https:\/\/arena-ticket.com\/en\/wp-json\/wp\/v2\/media\/64743"}],"wp:attachment":[{"href":"https:\/\/arena-ticket.com\/en\/wp-json\/wp\/v2\/media?parent=64741"}],"wp:term":[{"taxonomy":"product_brand","embeddable":true,"href":"https:\/\/arena-ticket.com\/en\/wp-json\/wp\/v2\/product_brand?post=64741"},{"taxonomy":"product_cat","embeddable":true,"href":"https:\/\/arena-ticket.com\/en\/wp-json\/wp\/v2\/product_cat?post=64741"},{"taxonomy":"product_tag","embeddable":true,"href":"https:\/\/arena-ticket.com\/en\/wp-json\/wp\/v2\/product_tag?post=64741"}],"curies":[{"name":"wp","href":"https:\/\/api.w.org\/{rel}","templated":true}]}}