{"id":64757,"date":"2026-01-28T17:12:27","date_gmt":"2026-01-28T16:12:27","guid":{"rendered":"https:\/\/arena-ticket.com\/?p=64757&#038;post_type=product&#038;preview_id=64757"},"modified":"2026-02-11T18:09:09","modified_gmt":"2026-02-11T17:09:09","slug":"10-jahre-klaenge-der-hoffnung-konzert-gewandhaus-zu-leipzig-grosser-saal-03-06-2026-1900-uhr","status":"publish","type":"product","link":"https:\/\/arena-ticket.com\/en\/product\/10-jahre-klaenge-der-hoffnung-konzert-gewandhaus-zu-leipzig-grosser-saal-03-06-2026-1900-uhr\/","title":{"rendered":"10 Jahre - Kl\u00e4nge der Hoffnung"},"content":{"rendered":"<p>Transkulturelle Kompositionen mit Einfl\u00fcssen aus arabischer, persischer, polnischer und j\u00fcdischer Musik. Die Werke spiegeln musikalische Vielfalt, transkulturellen Dialog und das Zusammenwirken unterschiedlicher Traditionen in einem gemeinsamen klanglichen Raum wider.<\/p>\n<p>Die Veranstaltung findet im Rahmen von \u201eTacheles \u2013 Jahr der j\u00fcdischen Kultur in Sachsen 2026\u201c statt.<\/p>","protected":false},"excerpt":{"rendered":"<p>Get your tickets here now!<\/p>","protected":false},"featured_media":66428,"template":"","meta":{"_acf_changed":false,"inline_featured_image":false},"product_brand":[],"product_cat":[31,345,936,69,86,35,21,58],"product_tag":[6898,941,956,2832,957,6899,942,943,944,947,948],"class_list":{"0":"post-64757","1":"product","2":"type-product","3":"status-publish","4":"has-post-thumbnail","6":"product_cat-events","7":"product_cat-gewandhaus","8":"product_cat-grosser-saal","9":"product_cat-konzert","10":"product_cat-leipzig","11":"product_cat-orte","12":"product_cat-ticket","13":"product_cat-veranstaltung","14":"product_tag-10-jahre","15":"product_tag-events","16":"product_tag-gewandhaus","17":"product_tag-gewandhaus-grosser-saal","18":"product_tag-grosser-saal","19":"product_tag-klaenge-der-hoffnung","20":"product_tag-konzert","21":"product_tag-leipzig","22":"product_tag-orte","23":"product_tag-ticket","24":"product_tag-veranstaltung","25":"product_shipping_class-nur_paketversand","26":"pa_discount-ermaessigt","27":"pa_discount-normalpreis","28":"pa_preiskategorie-pk-i","29":"pa_preiskategorie-pk-iii","31":"first","32":"instock","33":"taxable","34":"shipping-taxable","35":"purchasable","36":"product-type-variable"},"group_of_quantity":0,"min_quantity":0,"max_quantity":"","exclude_order_quantity_value_rules":"no","exclude_category_quantity_rules":"no","combine_variations":"no","acf":[],"_links":{"self":[{"href":"https:\/\/arena-ticket.com\/en\/wp-json\/wp\/v2\/product\/64757","targetHints":{"allow":["GET"]}}],"collection":[{"href":"https:\/\/arena-ticket.com\/en\/wp-json\/wp\/v2\/product"}],"about":[{"href":"https:\/\/arena-ticket.com\/en\/wp-json\/wp\/v2\/types\/product"}],"wp:featuredmedia":[{"embeddable":true,"href":"https:\/\/arena-ticket.com\/en\/wp-json\/wp\/v2\/media\/66428"}],"wp:attachment":[{"href":"https:\/\/arena-ticket.com\/en\/wp-json\/wp\/v2\/media?parent=64757"}],"wp:term":[{"taxonomy":"product_brand","embeddable":true,"href":"https:\/\/arena-ticket.com\/en\/wp-json\/wp\/v2\/product_brand?post=64757"},{"taxonomy":"product_cat","embeddable":true,"href":"https:\/\/arena-ticket.com\/en\/wp-json\/wp\/v2\/product_cat?post=64757"},{"taxonomy":"product_tag","embeddable":true,"href":"https:\/\/arena-ticket.com\/en\/wp-json\/wp\/v2\/product_tag?post=64757"}],"curies":[{"name":"wp","href":"https:\/\/api.w.org\/{rel}","templated":true}]}}