{"id":64783,"date":"2026-01-29T10:14:17","date_gmt":"2026-01-29T09:14:17","guid":{"rendered":"https:\/\/arena-ticket.com\/?p=64783&#038;post_type=product&#038;preview_id=64783"},"modified":"2026-01-29T10:47:08","modified_gmt":"2026-01-29T09:47:08","slug":"max-mutzke-live-tour-2026-haus-auensee-30-10-2026-2000-uhr","status":"publish","type":"product","link":"https:\/\/arena-ticket.com\/en\/product\/max-mutzke-live-tour-2026-haus-auensee-30-10-2026-2000-uhr\/","title":{"rendered":"Max Mutzke  - Live Tour 2026"},"content":{"rendered":"<p data-start=\"194\" data-end=\"258\">22 Jahre Musik. 13 Konzerte. Eine unverwechselbare Stimme.<\/p>\n<p data-start=\"260\" data-end=\"579\">Nach der erfolgreichen Jubil\u00e4umstour 2024 geht Max Mutzke 2026 erneut auf gro\u00dfe Deutschland-Tournee \u2013 mit insgesamt 13 Konzerten, darunter auch ein Termin in \u00d6sterreich. Fans d\u00fcrfen sich auf die gr\u00f6\u00dften Hits der letzten zwei Jahrzehnte ebenso freuen wie auf neue Songs aus seinem aktuellen Album \u201eXX\u201c.<\/p>\n<p data-start=\"581\" data-end=\"775\">Die Karriere des charismatischen S\u00e4ngers und Songwriters begann 2004 mit seinem Nummer-1-Hit \u201eCan\u2019t Wait Until Tonight\u201c, mit dem er beim Eurovision Song Contest den 8. Platz belegte. Seither begeistert Max Mutzke mit seiner markanten, soulig-warmen Stimme und einer beeindruckenden stilistischen Bandbreite zwischen Pop, Rock, Soul, Funk und Jazz.<\/p>\n<p data-start=\"1136\" data-end=\"1473\">Mit acht Studioalben und zwei Livealben z\u00e4hlt er heute zu den vielseitigsten K\u00fcnstlern Deutschlands. Sein aktuelles Werk \u201eXX\u201c (V\u00d6: 11. Oktober 2024) vereint deutsch- und englischsprachige Songs wie \u201eForever Strong\u201c (ESC-Vorentscheid 2024) und \u201eCalifornia Spider\u201c \u2013 ein Album, das alle Facetten seines K\u00f6nnens zeigt.<\/p>\n<p data-start=\"1475\" data-end=\"1785\">Neben seiner Solokarriere arbeitet Mutzke regelm\u00e4\u00dfig mit Jazzgr\u00f6\u00dfen wie Klaus Doldinger, Till Br\u00f6nner, Nils W\u00fclker, Wolfgang Haffner oder Bill Evans zusammen und steht mit renommierten Orchestern wie der SWR Big Band, dem WDR Funkhausorchester und der NDR Radiophilharmonie auf der B\u00fchne.<\/p>\n<p data-start=\"1787\" data-end=\"1997\">Auch im Fernsehen bleibt er pr\u00e4sent: 2019 gewann er als \u201eAstronaut\u201c die erste Staffel von \u201eThe Masked Singer\u201c, und mit seiner eigenen ARD-Sendung \u201eLebenslieder\u201c zeigte er eine neue, pers\u00f6nliche Seite.<\/p>\n<p data-start=\"1999\" data-end=\"2324\">Mit seinem Buch \u201eSo viel mehr. Meine Geschichte\u201c (V\u00d6: 9. Oktober 2024) blickt Max Mutzke offen auf sein Leben zur\u00fcck \u2013 auf Kindheit, Karriere, Krisen und die Kraft der Musik. Dar\u00fcber hinaus engagiert er sich seit Jahren sozial, unter anderem f\u00fcr den Deutschen Kinderverein, NACOA und das Hilfswerk Misereor.<\/p>\n<p data-start=\"2326\" data-end=\"2435\">Seine Konzerte sind mehr als Musik \u2013 sie sind ein Erlebnis zwischen Emotion, Energie und Authentizit\u00e4t.<\/p>","protected":false},"excerpt":{"rendered":"<p>Secure your tickets!<\/p>","protected":false},"featured_media":64786,"template":"","meta":{"_acf_changed":false,"inline_featured_image":false},"product_brand":[],"product_cat":[31,344,69,86,35,6733,21,58],"product_tag":[941,962,942,943,5107,6901,944,2506,947,948],"class_list":{"0":"post-64783","1":"product","2":"type-product","3":"status-publish","4":"has-post-thumbnail","6":"product_cat-events","7":"product_cat-haus-auensee","8":"product_cat-konzert","9":"product_cat-leipzig","10":"product_cat-orte","11":"product_cat-pop","12":"product_cat-ticket","13":"product_cat-veranstaltung","14":"product_tag-events","15":"product_tag-haus-auensee","16":"product_tag-konzert","17":"product_tag-leipzig","18":"product_tag-live-tour-2026","19":"product_tag-max-mutzke","20":"product_tag-orte","21":"product_tag-pop","22":"product_tag-ticket","23":"product_tag-veranstaltung","24":"product_shipping_class-nur_paketversand","25":"pa_discount-normalpreis","26":"pa_preiskategorie-freie-platzwahl","28":"first","29":"instock","30":"taxable","31":"shipping-taxable","32":"purchasable","33":"product-type-variable","34":"has-default-attributes"},"group_of_quantity":0,"min_quantity":0,"max_quantity":"","exclude_order_quantity_value_rules":"no","exclude_category_quantity_rules":"no","combine_variations":"no","acf":[],"_links":{"self":[{"href":"https:\/\/arena-ticket.com\/en\/wp-json\/wp\/v2\/product\/64783","targetHints":{"allow":["GET"]}}],"collection":[{"href":"https:\/\/arena-ticket.com\/en\/wp-json\/wp\/v2\/product"}],"about":[{"href":"https:\/\/arena-ticket.com\/en\/wp-json\/wp\/v2\/types\/product"}],"wp:featuredmedia":[{"embeddable":true,"href":"https:\/\/arena-ticket.com\/en\/wp-json\/wp\/v2\/media\/64786"}],"wp:attachment":[{"href":"https:\/\/arena-ticket.com\/en\/wp-json\/wp\/v2\/media?parent=64783"}],"wp:term":[{"taxonomy":"product_brand","embeddable":true,"href":"https:\/\/arena-ticket.com\/en\/wp-json\/wp\/v2\/product_brand?post=64783"},{"taxonomy":"product_cat","embeddable":true,"href":"https:\/\/arena-ticket.com\/en\/wp-json\/wp\/v2\/product_cat?post=64783"},{"taxonomy":"product_tag","embeddable":true,"href":"https:\/\/arena-ticket.com\/en\/wp-json\/wp\/v2\/product_tag?post=64783"}],"curies":[{"name":"wp","href":"https:\/\/api.w.org\/{rel}","templated":true}]}}