{"id":64790,"date":"2026-01-29T11:14:53","date_gmt":"2026-01-29T10:14:53","guid":{"rendered":"https:\/\/arena-ticket.com\/?p=64790&#038;post_type=product&#038;preview_id=64790"},"modified":"2026-01-29T11:33:12","modified_gmt":"2026-01-29T10:33:12","slug":"silbermond-xxv-dresden-rudolf-harbig-stadion-20-06-2027-1900-uhr","status":"publish","type":"product","link":"https:\/\/arena-ticket.com\/en\/product\/silbermond-xxv-dresden-rudolf-harbig-stadion-20-06-2027-1900-uhr\/","title":{"rendered":"Silbermond  - XXV"},"content":{"rendered":"<p>Ein Vierteljahrhundert Silbermond \u2013 eine Band schreibt Musikgeschichte.<\/p>\n<p data-start=\"435\" data-end=\"797\">Im Juni 2027 feiern Silbermond ihr 25-j\u00e4hriges Bandjubil\u00e4um \u2013 und laden zu einem ganz besonderen Konzert ein:<br data-start=\"556\" data-end=\"559\" \/>Am Samstag, den 19. Juni 2027, spielt die Band ihr erstes eigenes Stadion-Open-Air im Rudolf-Harbig-Stadion in Dresden.<br data-start=\"690\" data-end=\"693\" \/>Ein Abend, der Vergangenheit, Gegenwart und Zukunft vereint \u2013 ein Fest f\u00fcr alle Fans und Wegbegleiter.<\/p>\n<p data-start=\"435\" data-end=\"797\">\u201eDresden war immer ein St\u00fcck Zuhause\u201c, sagt S\u00e4ngerin Stefanie Klo\u00df.<\/p>\n<p data-start=\"801\" data-end=\"969\">\u201eHierher zur\u00fcckzukommen, um 25 Jahre Silbermond zu feiern, f\u00fchlt sich einfach richtig an.\u201c<\/p>\n<p data-start=\"971\" data-end=\"1249\">Nach einer kreativen Pause melden sich Stefanie Klo\u00df, Thomas und Johannes Stolle sowie Andreas Nowak eindrucksvoll zur\u00fcck \u2013 mit einem Konzert, das mehr ist als ein Jubil\u00e4um: ein emotionales Wiedersehen und ein gro\u00dfes Dankesch\u00f6n an alle, die die Band seit 2002 begleitet haben.<\/p>\n<p data-start=\"1251\" data-end=\"1803\">Seit ihren Anf\u00e4ngen in Bautzen haben Silbermond eine beeindruckende Erfolgsgeschichte geschrieben:<br data-start=\"1353\" data-end=\"1356\" \/>Vier Nummer-1-Alben, \u00fcber sechs Millionen verkaufte Tontr\u00e4ger, zahllose Gold- und Platinauszeichnungen, MTV Awards, Echos, Bambi, 1Live Krone und Engagements gegen Rechtsextremismus machen sie zu einer der bedeutendsten Pop-Rock-Bands Deutschlands.<br data-start=\"1632\" data-end=\"1635\" \/>Songs wie \u201eSymphonie\u201c, \u201eDurch die Nacht\u201c, \u201eDas Beste\u201c, \u201eLeichtes Gep\u00e4ck\u201c und \u201eAUF AUF\u201c sind l\u00e4ngst Klassiker \u2013 Hymnen, die Generationen verbinden.<\/p>\n<p data-start=\"1805\" data-end=\"1963\">Mit Leidenschaft, Haltung und handgemachter Musik beweisen Silbermond seit \u00fcber zwei Jahrzehnten, dass sie zu den gr\u00f6\u00dften Live-Bands des Landes geh\u00f6ren.<\/p>","protected":false},"excerpt":{"rendered":"<p>Unglaublich! Silbermond k\u00fcndigen zum 25-j\u00e4hrigen Jubil\u00e4um Zusatzkonzert im Dresdner Stadion an!<\/p>","protected":false},"featured_media":64804,"template":"","meta":{"_acf_changed":false,"inline_featured_image":false},"product_brand":[],"product_cat":[87,31,69,35,6733,484,21,58],"product_tag":[940,941,942,944,2506,5018,6902,947,948,6903],"class_list":{"0":"post-64790","1":"product","2":"type-product","3":"status-publish","4":"has-post-thumbnail","6":"product_cat-dresden","7":"product_cat-events","8":"product_cat-konzert","9":"product_cat-orte","10":"product_cat-pop","11":"product_cat-rudolf-harbig-stadion","12":"product_cat-ticket","13":"product_cat-veranstaltung","14":"product_tag-dresden","15":"product_tag-events","16":"product_tag-konzert","17":"product_tag-orte","18":"product_tag-pop","19":"product_tag-rudolf-harbig-stadion","20":"product_tag-silbermond","21":"product_tag-ticket","22":"product_tag-veranstaltung","23":"product_tag-xxv","24":"product_shipping_class-nur_paketversand","25":"pa_discount-inklusive-begleitperson","26":"pa_discount-normalpreis","27":"pa_preiskategorie-pk-i","28":"pa_preiskategorie-pk-ii","29":"pa_preiskategorie-pk-iii","30":"pa_preiskategorie-pk-iv","31":"pa_preiskategorie-pk-v","32":"pa_preiskategorie-premium","33":"pa_preiskategorie-rollstuhlfahrer","34":"pa_preiskategorie-stehplatz","36":"first","37":"instock","38":"taxable","39":"shipping-taxable","40":"purchasable","41":"product-type-variable"},"group_of_quantity":0,"min_quantity":0,"max_quantity":"","exclude_order_quantity_value_rules":"no","exclude_category_quantity_rules":"no","combine_variations":"no","acf":[],"_links":{"self":[{"href":"https:\/\/arena-ticket.com\/en\/wp-json\/wp\/v2\/product\/64790","targetHints":{"allow":["GET"]}}],"collection":[{"href":"https:\/\/arena-ticket.com\/en\/wp-json\/wp\/v2\/product"}],"about":[{"href":"https:\/\/arena-ticket.com\/en\/wp-json\/wp\/v2\/types\/product"}],"wp:featuredmedia":[{"embeddable":true,"href":"https:\/\/arena-ticket.com\/en\/wp-json\/wp\/v2\/media\/64804"}],"wp:attachment":[{"href":"https:\/\/arena-ticket.com\/en\/wp-json\/wp\/v2\/media?parent=64790"}],"wp:term":[{"taxonomy":"product_brand","embeddable":true,"href":"https:\/\/arena-ticket.com\/en\/wp-json\/wp\/v2\/product_brand?post=64790"},{"taxonomy":"product_cat","embeddable":true,"href":"https:\/\/arena-ticket.com\/en\/wp-json\/wp\/v2\/product_cat?post=64790"},{"taxonomy":"product_tag","embeddable":true,"href":"https:\/\/arena-ticket.com\/en\/wp-json\/wp\/v2\/product_tag?post=64790"}],"curies":[{"name":"wp","href":"https:\/\/api.w.org\/{rel}","templated":true}]}}