{"id":64797,"date":"2026-01-29T11:15:21","date_gmt":"2026-01-29T10:15:21","guid":{"rendered":"https:\/\/arena-ticket.com\/?p=64797&#038;post_type=product&#038;preview_id=64797"},"modified":"2026-02-11T18:01:35","modified_gmt":"2026-02-11T17:01:35","slug":"bee-gees-by-maincourse-the-greatest-bee-gees-tribute-show-2026-leipzig-gewandhaus-zu-leipzig-grosser-saal-28-05-2026-1930-uhr","status":"publish","type":"product","link":"https:\/\/arena-ticket.com\/en\/product\/bee-gees-by-maincourse-the-greatest-bee-gees-tribute-show-2026-leipzig-gewandhaus-zu-leipzig-grosser-saal-28-05-2026-1930-uhr\/","title":{"rendered":"BEE GEES BY MAINCOURSE - THE GREATEST BEE GEES TRIBUTE SHOW 2026"},"content":{"rendered":"<p>H\u00f6rt man die ersten T\u00f6ne mit geschlossenen Augen, k\u00f6nnte man schw\u00f6ren, es w\u00e4ren Barry, Robin und Maurice, die auf der B\u00fchne stehen und ihre weltbekannten Hits singen. Doch es sind nicht die Bee Gees, die die Zuschauer auf eine musikalische Zeitreise durch ihre mehrere erfolgreichen Dekaden umfassende Karriere mitnehmen. Es ist die niederl\u00e4ndische Band MainCourse \u2013 ph\u00e4nomenaler Sieger der TV-Talentshow \u201eThe Tribute \u2013 Battle of the Bands\u201c 2024. Doch MainCourse geht weit \u00fcber eine Tribute Show hinaus: Sie transportieren die Magie von damals ins Heute, mit der Energie von 2025 und der Wucht einer Band, die die Konzerts\u00e4le zum Beben bringt. Ihre Shows sind keine blo\u00dfe Imitation, sondern ein mitrei\u00dfendes Erlebnis, das die zeitlosen Hits der Bee Gees in ein zeitgem\u00e4\u00dfes Licht r\u00fcckt.<\/p>\n<p>Der Erfolg gibt ihnen Recht: In den Niederlanden stellten sie Rekorde auf. Noch nie zuvor wurden in nur einem Jahr 240 Theater bespielt und 500.000 Tickets verkauft. MainCourse stieg in k\u00fcrzester Zeit zum absoluten Publikumsliebling auf. Wer den Saal betritt, um die Bee Gees zu h\u00f6ren, verl\u00e4sst ihn als Fan von MainCourse \u2013 und kommt immer wieder. Ab April 2026 kommt die Sensation endlich auch nach Deutschland, \u00d6sterreich und in die Schweiz. Bei 17 Konzerten bringt Bee Gees by MainCourse die goldene \u00c4ra von Disco und Pop zur\u00fcck mit der Kraft und Leidenschaft von heute. Eine Show, die garantiert f\u00fcr G\u00e4nsehaut, Tanz und pure Euphorie sorgt.<\/p>\n<p>Mit ihren Mega-Hits wie \u201eStayin' Alive\u201c, \u201eNight Fever\u201c und \u201eHow Deep Is Your Love\u201c und unz\u00e4hligen weiteren Hits wurden die Bee Gees nicht nur zu einer der wichtigsten Symbolfiguren des Disco-Sounds, sondern pr\u00e4gten weit dar\u00fcber hinaus die Popmusik der 80er bis hinein in die 90er-Jahre. Ob gef\u00fchlvolle Balladen, eing\u00e4ngige Pop-Hymnen oder ultimative Disco-Hits: Mit ihrem charakteristischen Falsettgesang und unvergesslichen Melodien lieferten sie das Repertoire, mit dem Musikgeschichte geschrieben wurde. Doch das kreative Schaffen der Bee Gees ging weit \u00fcber ihre eigenen Erfolge hinaus. Als Songwriter und Produzenten schrieben sie Hits f\u00fcr zahlreiche andere Weltstars \u2013 insbesondere f\u00fcr bedeutende K\u00fcnstlerinnen.<\/p>\n<p>So stammt etwa der Nummer-eins-Hit \u201eIslands in the Stream\u201c (gesungen von Dolly Parton und Kenny Rogers) ebenso aus ihrer Feder wie \u201eWoman in Love\u201c, mit dem Barbra Streisand 1980 weltweit die Charts eroberte. F\u00fcr Streisands Erfolgsalbum Guilty waren Barry Gibb und seine Br\u00fcder ma\u00dfgeblich verantwortlich \u2013 sowohl als Komponisten als auch als Produzenten. Auch Dionne Warwick, Diana Ross und Celine Dion profitierten von ihrem musikalischen Genie.<\/p>\n<p>Die Bee Gees haben nicht nur den Sound einer \u00c4ra definiert, sondern auch Generationen von K\u00fcnstlerinnen und K\u00fcnstlern inspiriert. Ihr Verm\u00e4chtnis lebt in ihren zeitlosen Melodien weiter \u2013 auf der B\u00fchne, im Radio und tief im kulturellen Ged\u00e4chtnis der Popwelt. Mit ihrem au\u00dfergew\u00f6hnlichen Talent und ihrer mitrei\u00dfenden Energie eroberten sie nicht nur die Herzen der Jury, sondern brachten auch ganz Holland zum Tanzen! Der Rekordsieg wurde zum Startschuss einer steilen Karriere: Es folgten Radio- und TV-Auftritte, eine gefeierte Theatertournee, ausverkaufte Konzerte. Mit ihrer leidenschaftlichen Hommage an die Bee Gees avancierten MainCourse binnen k\u00fcrzester Zeit zu Publikumslieblingen \u2013 ein Erfolg, der l\u00e4ngst \u00fcber die niederl\u00e4ndischen L\u00e4ndergrenzen hinausgeht. Alle, die noch irgendwo eine Discokugel im Keller haben, sollten sie ab April 2026 gr\u00fcndlich abstauben: Dann bringt \u201eBee Gees by MainCourse\u201c nicht nur das Disco-Fieber, sondern auch alle sp\u00e4teren Welthits in einer mitrei\u00dfenden Show der Extraklasse auch in unsere Theater.<\/p>","protected":false},"excerpt":{"rendered":"<p>Get your tickets here now!<\/p>","protected":false},"featured_media":64807,"template":"","meta":{"_acf_changed":false,"inline_featured_image":false},"product_brand":[],"product_cat":[31,345,936,86,6729,64,35,6730,21,58],"product_tag":[6904,941,956,2832,957,943,6119,963,6773,944,958,6905,947,948],"class_list":{"0":"post-64797","1":"product","2":"type-product","3":"status-publish","4":"has-post-thumbnail","6":"product_cat-events","7":"product_cat-gewandhaus","8":"product_cat-grosser-saal","9":"product_cat-leipzig","10":"product_cat-musical","11":"product_cat-musical-show","12":"product_cat-orte","13":"product_cat-show","14":"product_cat-ticket","15":"product_cat-veranstaltung","16":"product_tag-bee-gees-by-maincourse","17":"product_tag-events","18":"product_tag-gewandhaus","19":"product_tag-gewandhaus-grosser-saal","20":"product_tag-grosser-saal","21":"product_tag-leipzig","22":"product_tag-massachusetts","23":"product_tag-musical","24":"product_tag-musical-show","25":"product_tag-orte","26":"product_tag-show","27":"product_tag-the-greatest-bee-gees-tribute-show-2026","28":"product_tag-ticket","29":"product_tag-veranstaltung","30":"product_shipping_class-nur_paketversand","31":"pa_discount-ermaessigt","32":"pa_discount-normalpreis","33":"pa_preiskategorie-pk-i","34":"pa_preiskategorie-pk-ii","35":"pa_preiskategorie-pk-iii","36":"pa_preiskategorie-pk-iv","37":"pa_preiskategorie-pk-v","38":"pa_preiskategorie-premium","39":"pa_preiskategorie-premium-sitzplatz","41":"first","42":"instock","43":"taxable","44":"shipping-taxable","45":"purchasable","46":"product-type-variable"},"group_of_quantity":0,"min_quantity":0,"max_quantity":"","exclude_order_quantity_value_rules":"no","exclude_category_quantity_rules":"no","combine_variations":"no","acf":[],"_links":{"self":[{"href":"https:\/\/arena-ticket.com\/en\/wp-json\/wp\/v2\/product\/64797","targetHints":{"allow":["GET"]}}],"collection":[{"href":"https:\/\/arena-ticket.com\/en\/wp-json\/wp\/v2\/product"}],"about":[{"href":"https:\/\/arena-ticket.com\/en\/wp-json\/wp\/v2\/types\/product"}],"wp:featuredmedia":[{"embeddable":true,"href":"https:\/\/arena-ticket.com\/en\/wp-json\/wp\/v2\/media\/64807"}],"wp:attachment":[{"href":"https:\/\/arena-ticket.com\/en\/wp-json\/wp\/v2\/media?parent=64797"}],"wp:term":[{"taxonomy":"product_brand","embeddable":true,"href":"https:\/\/arena-ticket.com\/en\/wp-json\/wp\/v2\/product_brand?post=64797"},{"taxonomy":"product_cat","embeddable":true,"href":"https:\/\/arena-ticket.com\/en\/wp-json\/wp\/v2\/product_cat?post=64797"},{"taxonomy":"product_tag","embeddable":true,"href":"https:\/\/arena-ticket.com\/en\/wp-json\/wp\/v2\/product_tag?post=64797"}],"curies":[{"name":"wp","href":"https:\/\/api.w.org\/{rel}","templated":true}]}}