{"id":64812,"date":"2026-01-29T11:35:24","date_gmt":"2026-01-29T10:35:24","guid":{"rendered":"https:\/\/arena-ticket.com\/?p=64812&#038;post_type=product&#038;preview_id=64812"},"modified":"2026-04-17T18:04:20","modified_gmt":"2026-04-17T16:04:20","slug":"carmina-burana-von-carl-orff-gewandhaus-zu-leipzig-grosser-saal-25-05-2026-2000-uhr","status":"publish","type":"product","link":"https:\/\/arena-ticket.com\/en\/product\/carmina-burana-von-carl-orff-gewandhaus-zu-leipzig-grosser-saal-25-05-2026-2000-uhr\/","title":{"rendered":"Carmina Burana  - von Carl Orff"},"content":{"rendered":"<p>O Fortuna! Mit Carmina Burana schuf Carl Orff eines der popul\u00e4rsten Werke des 20. Jahrhunderts. Mitrei\u00dfende Rhythmen und volkst\u00fcmliche Kl\u00e4nge - erleben Sie das monumentale Konzert. Ein episches Klangerlebnis mit \u00fcber 150 Mitwirkenden auf der B\u00fchne - gemeinsam mit den Leipziger Philharmonikern unter der Leitung von Chefdirigent Michael Koehler.<\/p>\n<p>(Extrachor der Oper Halle, Singphonique Ensemble Dresden, Singakademie Rostock, Jugendchor der Oper Halle, Kinderchor der Oper Halle, Philharmonie Leipzig, Michael Koehler - Leitung)<\/p>","protected":false},"excerpt":{"rendered":"<p>Get your tickets here now!<\/p>","protected":false},"featured_media":64825,"template":"","meta":{"_acf_changed":false,"inline_featured_image":false},"product_brand":[],"product_cat":[31,345,936,69,86,35,21,58],"product_tag":[3422,6886,941,956,2832,957,942,943,944,6885,947,948,6906],"class_list":{"0":"post-64812","1":"product","2":"type-product","3":"status-publish","4":"has-post-thumbnail","6":"product_cat-events","7":"product_cat-gewandhaus","8":"product_cat-grosser-saal","9":"product_cat-konzert","10":"product_cat-leipzig","11":"product_cat-orte","12":"product_cat-ticket","13":"product_cat-veranstaltung","14":"product_tag-carmina-burana","15":"product_tag-chorsinfonisches-konzert","16":"product_tag-events","17":"product_tag-gewandhaus","18":"product_tag-gewandhaus-grosser-saal","19":"product_tag-grosser-saal","20":"product_tag-konzert","21":"product_tag-leipzig","22":"product_tag-orte","23":"product_tag-sagenhaft","24":"product_tag-ticket","25":"product_tag-veranstaltung","26":"product_tag-von-carl-orff","27":"product_shipping_class-nur_paketversand","28":"pa_discount-ermaessigt","29":"pa_discount-normalpreis","30":"pa_preiskategorie-pk-i","31":"pa_preiskategorie-pk-ii","32":"pa_preiskategorie-pk-iii","33":"pa_preiskategorie-pk-iv","34":"pa_preiskategorie-premium","36":"first","37":"instock","38":"taxable","39":"shipping-taxable","40":"purchasable","41":"product-type-variable"},"group_of_quantity":0,"min_quantity":0,"max_quantity":"","exclude_order_quantity_value_rules":"no","exclude_category_quantity_rules":"no","combine_variations":"no","acf":[],"_links":{"self":[{"href":"https:\/\/arena-ticket.com\/en\/wp-json\/wp\/v2\/product\/64812","targetHints":{"allow":["GET"]}}],"collection":[{"href":"https:\/\/arena-ticket.com\/en\/wp-json\/wp\/v2\/product"}],"about":[{"href":"https:\/\/arena-ticket.com\/en\/wp-json\/wp\/v2\/types\/product"}],"wp:featuredmedia":[{"embeddable":true,"href":"https:\/\/arena-ticket.com\/en\/wp-json\/wp\/v2\/media\/64825"}],"wp:attachment":[{"href":"https:\/\/arena-ticket.com\/en\/wp-json\/wp\/v2\/media?parent=64812"}],"wp:term":[{"taxonomy":"product_brand","embeddable":true,"href":"https:\/\/arena-ticket.com\/en\/wp-json\/wp\/v2\/product_brand?post=64812"},{"taxonomy":"product_cat","embeddable":true,"href":"https:\/\/arena-ticket.com\/en\/wp-json\/wp\/v2\/product_cat?post=64812"},{"taxonomy":"product_tag","embeddable":true,"href":"https:\/\/arena-ticket.com\/en\/wp-json\/wp\/v2\/product_tag?post=64812"}],"curies":[{"name":"wp","href":"https:\/\/api.w.org\/{rel}","templated":true}]}}