{"id":64827,"date":"2026-01-29T11:42:02","date_gmt":"2026-01-29T10:42:02","guid":{"rendered":"https:\/\/arena-ticket.com\/?p=64827&#038;post_type=product&#038;preview_id=64827"},"modified":"2026-02-16T11:59:15","modified_gmt":"2026-02-16T10:59:15","slug":"gabriel-kelly-live-2026-leipzig-naumanns-im-felsenkeller-04-09-2026-2000-uhr","status":"publish","type":"product","link":"https:\/\/arena-ticket.com\/en\/product\/gabriel-kelly-live-2026-leipzig-naumanns-im-felsenkeller-04-09-2026-2000-uhr\/","title":{"rendered":"Gabriel Kelly  - Live 2026"},"content":{"rendered":"<section class=\"c-full c-inner c-narrow\" data-c=\"stageteasertext\" data-qa=\"stageteasertext-component\">\n<div class=\"container\">\n<div class=\"external-content no-margin\">\n<div class=\"u-position-relative js-moretext-wrapper\">\n<div class=\"moretext js-moretext expanded\" data-qa=\"readMoreText\">\n<div class=\"moretext-teaser\">\n<div class=\"artwork-image-container\">\n<div class=\"artwork-image\">\n<p>Mit seinem mit Spannung erwarteten Deb\u00fctalbum \u201eGabriel Kelly\u201c startet Gabriel Kelly 2026 endlich seine allererste eigene Clubtour durch ganz Deutschland!<\/p>\n<p>Nach pr\u00e4genden Jahren als Teil der Familienband wagt Gabriel jetzt den Schritt ins Rampenlicht \u2013 ganz allein, ganz pers\u00f6nlich, ganz echt. Seine Songs sind ein einzigartiger Mix aus Rock, Rap und Pop, voller Energie, mitrei\u00dfender Hooks und ehrlichen Texten, die direkt aus seinem Leben erz\u00e4hlen. Hier trifft das Herz eines Vagabunden auf die Seele eines Songwriters \u2013 roh, authentisch und voller Leidenschaft.<\/p>\n<p>Freu dich auf einen Abend, der mehr ist als nur ein Konzert: Gabriel nimmt dich mit auf eine Reise durch seine Welt, erz\u00e4hlt Geschichten, die unter die Haut gehen, und sorgt mit jeder Zeile, jedem Beat, f\u00fcr G\u00e4nsehautmomente. Egal ob du schon lange Fan bist oder Gabriel gerade erst entdeckst \u2013 diese Show wird dich ber\u00fchren, \u00fcberraschen und mitrei\u00dfen.<\/p>\n<p>Sei dabei, wenn Gabriel Kelly mit seiner Band die Clubs zum Beben bringt, neue Songs zum Leben erweckt und gemeinsam mit euch unvergessliche Erinnerungen schafft. Lass dich von seiner Energie anstecken und werde Teil eines ganz besonderen Abend, der noch lange nachklingt.<\/p>\n<\/div>\n<\/div>\n<\/div>\n<\/div>\n<\/div>\n<\/div>\n<\/div>\n<\/section>\n<section class=\"c container\" data-c=\"eviwidget\" data-qa=\"evi-widget\">\n<div class=\"js-evi-wrapper theme-element-border evi-wrapper\">\n<div class=\"js-evi-box\">\n<div id=\"evi-widget-rule-11e8fcb5-8a5e-aaee-e6eb-996adb054c48\" class=\"evi-widget evi-widget evi-widget-type-ticket-alarm-single\"><\/div>\n<\/div>\n<\/div>\n<\/section>\n<p>&nbsp;<\/p>","protected":false},"excerpt":{"rendered":"<p>Get your tickets here now!<\/p>","protected":false},"featured_media":64830,"template":"","meta":{"_acf_changed":false,"inline_featured_image":false},"product_brand":[],"product_cat":[31,69,86,451,35,6732,21,58],"product_tag":[941,6907,942,943,4819,990,944,6804,947,948],"class_list":{"0":"post-64827","1":"product","2":"type-product","3":"status-publish","4":"has-post-thumbnail","6":"product_cat-events","7":"product_cat-konzert","8":"product_cat-leipzig","9":"product_cat-naumanns-im-felsenkeller","10":"product_cat-orte","11":"product_cat-rock-hard-rock","12":"product_cat-ticket","13":"product_cat-veranstaltung","14":"product_tag-events","15":"product_tag-gabriel-kelly","16":"product_tag-konzert","17":"product_tag-leipzig","18":"product_tag-live-2026","19":"product_tag-naumanns-im-felsenkeller","20":"product_tag-orte","21":"product_tag-rock-hard-rock","22":"product_tag-ticket","23":"product_tag-veranstaltung","24":"product_shipping_class-nur_paketversand","25":"pa_discount-normalpreis","26":"pa_preiskategorie-stehplatz","28":"first","29":"instock","30":"taxable","31":"shipping-taxable","32":"purchasable","33":"product-type-variable","34":"has-default-attributes"},"group_of_quantity":0,"min_quantity":0,"max_quantity":"","exclude_order_quantity_value_rules":"no","exclude_category_quantity_rules":"no","combine_variations":"no","acf":[],"_links":{"self":[{"href":"https:\/\/arena-ticket.com\/en\/wp-json\/wp\/v2\/product\/64827","targetHints":{"allow":["GET"]}}],"collection":[{"href":"https:\/\/arena-ticket.com\/en\/wp-json\/wp\/v2\/product"}],"about":[{"href":"https:\/\/arena-ticket.com\/en\/wp-json\/wp\/v2\/types\/product"}],"wp:featuredmedia":[{"embeddable":true,"href":"https:\/\/arena-ticket.com\/en\/wp-json\/wp\/v2\/media\/64830"}],"wp:attachment":[{"href":"https:\/\/arena-ticket.com\/en\/wp-json\/wp\/v2\/media?parent=64827"}],"wp:term":[{"taxonomy":"product_brand","embeddable":true,"href":"https:\/\/arena-ticket.com\/en\/wp-json\/wp\/v2\/product_brand?post=64827"},{"taxonomy":"product_cat","embeddable":true,"href":"https:\/\/arena-ticket.com\/en\/wp-json\/wp\/v2\/product_cat?post=64827"},{"taxonomy":"product_tag","embeddable":true,"href":"https:\/\/arena-ticket.com\/en\/wp-json\/wp\/v2\/product_tag?post=64827"}],"curies":[{"name":"wp","href":"https:\/\/api.w.org\/{rel}","templated":true}]}}