{"id":64833,"date":"2026-01-29T11:53:10","date_gmt":"2026-01-29T10:53:10","guid":{"rendered":"https:\/\/arena-ticket.com\/?p=64833&#038;post_type=product&#038;preview_id=64833"},"modified":"2026-03-25T08:35:33","modified_gmt":"2026-03-25T07:35:33","slug":"tony-bauer-fallschirmspringer-2026-leipzig-kupfersaal-25-09-2026-2000-uhr","status":"publish","type":"product","link":"https:\/\/arena-ticket.com\/en\/product\/tony-bauer-fallschirmspringer-2026-leipzig-kupfersaal-25-09-2026-2000-uhr\/","title":{"rendered":"Tony Bauer  - Fallschirmspringer 2026"},"content":{"rendered":"<p>Jung, sympathisch und vor allem lustig \u2013 das ist Tony Bauer.<\/p>\n<p>Der leidenschaftliche Aufsteiger aus Duisburg hat innerhalb k\u00fcrzester Zeit frischen Wind in die Comedy-Szene gebracht! Mit seinem einzigartigen Humor und einer beeindruckenden Lebensgeschichte hat er sich einen Namen gemacht und die B\u00fchnen der Republik erobert.<br \/>\nDenn Tony Bauer hat das Kurzdarmsyndrom, eine herausfordernde gesundheitliche Beeintr\u00e4chtigung, die ihn auf die kontinuierliche Zufuhr von N\u00e4hrstoffen \u00fcber einen Schlauch angewiesen macht. Aber anstatt sich von seiner Krankheit unterkriegen zu lassen, hat Tony beschlossen, mit einem L\u00e4cheln dagegen anzugehen und auf die Comedy-B\u00fchne zu treten.<br \/>\nSein Motto, das er lebt und auf der B\u00fchne verk\u00f6rpert, lautet: \"Wir m\u00fcssen erst ein paar Mal sterben, bevor wir einmal cool leben d\u00fcrfen.\" Diese Einstellung spiegelt seine positive Energie und Entschlossenheit wider. Mit Witz, Charme und dem Blick auf die Welt, durch seine eigene \u201eDuisburg-Marxloh-Brille\u201c, nimmt Tony Bauer das Publikum mit auf eine Reise durch seinen Alltag, seine Viertel, seine Hood. Erz\u00e4hlt von Hassan, Oma und Opa, dem Leben mit Kurzdarmsyndrom und dass er ein Leben nach dem Tod hat, und zwar ein sehr, sehr lustiges! Mit seiner B\u00fchnenpr\u00e4senz und einer Geschichte, die inspiriert, l\u00e4dt Tony Bauer alle Zuschauer dazu ein, mit ihm in seine Welt einzutauchen.<\/p>","protected":false},"excerpt":{"rendered":"<p>Sichern Sie sich jetzt schon Ihre Tickets!<\/p>","protected":false},"featured_media":64836,"template":"","meta":{"_acf_changed":false,"inline_featured_image":false},"product_brand":[],"product_cat":[6725,31,95,430,86,35,21,58],"product_tag":[6436,954,941,6908,6774,968,6437,943,944,947,5902,948],"class_list":{"0":"post-64833","1":"product","2":"type-product","3":"status-publish","4":"has-post-thumbnail","6":"product_cat-comedy","7":"product_cat-events","8":"product_cat-humor","9":"product_cat-kupfersaal","10":"product_cat-leipzig","11":"product_cat-orte","12":"product_cat-ticket","13":"product_cat-veranstaltung","14":"product_tag-addnfahrer","15":"product_tag-comedy","16":"product_tag-events","17":"product_tag-fallschirmspringer-2026","18":"product_tag-humor","19":"product_tag-kupfersaal","20":"product_tag-lausbuam-gschichtn","21":"product_tag-leipzig","22":"product_tag-orte","23":"product_tag-ticket","24":"product_tag-tony-bauer","25":"product_tag-veranstaltung","26":"product_shipping_class-nur_paketversand","27":"pa_discount-kind","28":"pa_discount-normalpreis","29":"pa_preiskategorie-freie-platzwahl","31":"first","32":"instock","33":"taxable","34":"shipping-taxable","35":"purchasable","36":"product-type-variable"},"group_of_quantity":0,"min_quantity":0,"max_quantity":"","exclude_order_quantity_value_rules":"no","exclude_category_quantity_rules":"no","combine_variations":"no","acf":[],"_links":{"self":[{"href":"https:\/\/arena-ticket.com\/en\/wp-json\/wp\/v2\/product\/64833","targetHints":{"allow":["GET"]}}],"collection":[{"href":"https:\/\/arena-ticket.com\/en\/wp-json\/wp\/v2\/product"}],"about":[{"href":"https:\/\/arena-ticket.com\/en\/wp-json\/wp\/v2\/types\/product"}],"wp:featuredmedia":[{"embeddable":true,"href":"https:\/\/arena-ticket.com\/en\/wp-json\/wp\/v2\/media\/64836"}],"wp:attachment":[{"href":"https:\/\/arena-ticket.com\/en\/wp-json\/wp\/v2\/media?parent=64833"}],"wp:term":[{"taxonomy":"product_brand","embeddable":true,"href":"https:\/\/arena-ticket.com\/en\/wp-json\/wp\/v2\/product_brand?post=64833"},{"taxonomy":"product_cat","embeddable":true,"href":"https:\/\/arena-ticket.com\/en\/wp-json\/wp\/v2\/product_cat?post=64833"},{"taxonomy":"product_tag","embeddable":true,"href":"https:\/\/arena-ticket.com\/en\/wp-json\/wp\/v2\/product_tag?post=64833"}],"curies":[{"name":"wp","href":"https:\/\/api.w.org\/{rel}","templated":true}]}}