{"id":64849,"date":"2026-01-29T12:00:34","date_gmt":"2026-01-29T11:00:34","guid":{"rendered":"https:\/\/arena-ticket.com\/?p=64849&#038;post_type=product&#038;preview_id=64849"},"modified":"2026-01-29T13:12:48","modified_gmt":"2026-01-29T12:12:48","slug":"the-high-kings-the-rocky-road-tour-kupfersaal-leipzig-17-11-2026-2000-uhr","status":"publish","type":"product","link":"https:\/\/arena-ticket.com\/en\/product\/the-high-kings-the-rocky-road-tour-kupfersaal-leipzig-17-11-2026-2000-uhr\/","title":{"rendered":"The High Kings  - The Rocky Road Tour"},"content":{"rendered":"<p>Irlands f\u00fchrende Folk-Gruppe The High Kings, wird ihre Fans mit der Ank\u00fcndigung ihrer Rocky Road Tour 2026 erneut begeistern. Als globale Botschafter des irischen Folk und Geschichten erz\u00e4hlens haben The High Kings das Publikum weltweit immer wieder mit der zeitlosen Tradition ihrer Musik begeistert und sich damit Chart-Erfolge und gro\u00dfe Anerkennung verdient. Mit ihrer charakteristischen Mischung aus klassischer Tradition und modernem Touch verspricht die Rocky Road Tour ein beeindruckendes Erlebnis der irischen Kultur, Energie und Musikalit\u00e4t zu werden.<\/p>\n<p>Im November 2026 bringen The High Kings ihren irischen Charme endlich wieder mit 9 Shows nach Deutschland. M\u00fcnchen, Aschaffenburg, Mainz, Bochum, K\u00f6ln, Hamburg, Berlin, Leipzig und Stuttgart werden dabei auf dem Tourplan stehen. Nach einem rekordverd\u00e4chtigen Jahr 2024 \u2013 darunter eine ausverkaufte Welttournee, ein Auftritt in Disneys von der Kritik gefeierter Serie \u201eOnly Murders in The Building\u201c und \u00fcber 5 Millionen Streams pro Woche \u2013 zeigt die Band keine Anzeichen einer Verlangsamung. Ihre Dynamik setzte sich 2025 mit einer Reihe ausverkaufter US-Tournee-Termine fort, die am 23. M\u00e4rz in einem Headliner-Auftritt im legend\u00e4ren Troubadour in Los Angeles gipfelte.<\/p>\n<p>Die Rocky Road Tour 2026 wird auf diesem weltweiten Erfolg aufbauen und dem Publikum eine energiegeladene Live-Show bieten, die die Position der High Kings an der Spitze der irischen Folk-Szene festigt. Mit einem erneuten Fokus auf Storytelling, Musikalit\u00e4t und tiefe Verbundenheit spiegelt die Tour das kontinuierliche Engagement der Gruppe wider, das irische Folk-Erbe zu ehren und gleichzeitig kreative Grenzen zu \u00fcberschreiten. Neben ihren Erfolgen im Bereich der Musikaufnahmen sind The High Kings vor Hunderttausenden von Menschen auf der ganzen Welt aufgetreten und haben renommierte B\u00fchnen wie das Glastonbury Festival, das Isle of Wight Festival, den Times Square in New York City, den Trafalgar Square in London (St. Patrick's Day) und viele weitere bereichert.<\/p>","protected":false},"excerpt":{"rendered":"<p>Jetzt Tickets f\u00fcr dieses Konzert sichern<\/p>","protected":false},"featured_media":64853,"template":"","meta":{"_acf_changed":false,"inline_featured_image":false},"product_brand":[],"product_cat":[31,69,430,86,35,6745,21,58],"product_tag":[941,2504,942,968,943,944,6779,6911,6912,947,948],"class_list":{"0":"post-64849","1":"product","2":"type-product","3":"status-publish","4":"has-post-thumbnail","6":"product_cat-events","7":"product_cat-konzert","8":"product_cat-kupfersaal","9":"product_cat-leipzig","10":"product_cat-orte","11":"product_cat-punk-punkrock","12":"product_cat-ticket","13":"product_cat-veranstaltung","14":"product_tag-events","15":"product_tag-klassik","16":"product_tag-konzert","17":"product_tag-kupfersaal","18":"product_tag-leipzig","19":"product_tag-orte","20":"product_tag-sonstiges","21":"product_tag-the-high-kings","22":"product_tag-the-rocky-road-tour","23":"product_tag-ticket","24":"product_tag-veranstaltung","25":"product_shipping_class-nur_paketversand","26":"pa_discount-begleitperson-schwerbeschaedigte","27":"pa_discount-ermaessigt","28":"pa_discount-kind","29":"pa_discount-normalpreis","30":"pa_discount-rentner","31":"pa_discount-schwerbeschaedigt","32":"pa_preiskategorie-freie-platzwahl","34":"first","35":"instock","36":"taxable","37":"shipping-taxable","38":"purchasable","39":"product-type-variable"},"group_of_quantity":0,"min_quantity":0,"max_quantity":"","exclude_order_quantity_value_rules":"no","exclude_category_quantity_rules":"no","combine_variations":"no","acf":[],"_links":{"self":[{"href":"https:\/\/arena-ticket.com\/en\/wp-json\/wp\/v2\/product\/64849","targetHints":{"allow":["GET"]}}],"collection":[{"href":"https:\/\/arena-ticket.com\/en\/wp-json\/wp\/v2\/product"}],"about":[{"href":"https:\/\/arena-ticket.com\/en\/wp-json\/wp\/v2\/types\/product"}],"wp:featuredmedia":[{"embeddable":true,"href":"https:\/\/arena-ticket.com\/en\/wp-json\/wp\/v2\/media\/64853"}],"wp:attachment":[{"href":"https:\/\/arena-ticket.com\/en\/wp-json\/wp\/v2\/media?parent=64849"}],"wp:term":[{"taxonomy":"product_brand","embeddable":true,"href":"https:\/\/arena-ticket.com\/en\/wp-json\/wp\/v2\/product_brand?post=64849"},{"taxonomy":"product_cat","embeddable":true,"href":"https:\/\/arena-ticket.com\/en\/wp-json\/wp\/v2\/product_cat?post=64849"},{"taxonomy":"product_tag","embeddable":true,"href":"https:\/\/arena-ticket.com\/en\/wp-json\/wp\/v2\/product_tag?post=64849"}],"curies":[{"name":"wp","href":"https:\/\/api.w.org\/{rel}","templated":true}]}}