{"id":64857,"date":"2026-01-29T12:07:55","date_gmt":"2026-01-29T11:07:55","guid":{"rendered":"https:\/\/arena-ticket.com\/?p=64857&#038;post_type=product&#038;preview_id=64857"},"modified":"2026-01-29T12:19:50","modified_gmt":"2026-01-29T11:19:50","slug":"der-tod-die-hoellenhunde-totes-neues-leipzig-kupfersaal-09-01-2027-2000-uhr","status":"publish","type":"product","link":"https:\/\/arena-ticket.com\/en\/product\/der-tod-die-hoellenhunde-totes-neues-leipzig-kupfersaal-09-01-2027-2000-uhr\/","title":{"rendered":"Der Tod & die H\u00f6llenhunde  - Totes Neues!"},"content":{"rendered":"<p>The old year is buried and sent to the afterlife in keeping with its status. And who should you celebrate this beautiful tradition with if not the Grim Reaper himself? With his live band &quot;Die H\u00f6llenhunde&quot; he plays music and laughs his way through the past year. Ultimately, the song &quot;The Final Countdown&quot; only gets the perfect note when sung by Death.<br \/>\nOf course, there are also the most unusual cemetery pictures, an obligatory review of the year and the latest texts from the skull of the dark master. The inventor of death comedy invites you to sing, laugh your head off and bring a fitting end to a crazy year.<\/p>","protected":false},"excerpt":{"rendered":"<p>Der Erfinder der Death Comedy l\u00e4dt ein: Zum Singen, Totlachen und dem standesgem\u00e4\u00dfen Abschluss eines verr\u00fcckten Jahres - sichern Sie sich jetzt schon Ihre Tickets!<\/p>","protected":false},"featured_media":64861,"template":"","meta":{"_acf_changed":false,"inline_featured_image":false},"product_brand":[],"product_cat":[6725,31,95,430,86,35,21,58],"product_tag":[954,5014,941,6774,968,943,944,947,5015,948],"class_list":{"0":"post-64857","1":"product","2":"type-product","3":"status-publish","4":"has-post-thumbnail","6":"product_cat-comedy","7":"product_cat-events","8":"product_cat-humor","9":"product_cat-kupfersaal","10":"product_cat-leipzig","11":"product_cat-orte","12":"product_cat-ticket","13":"product_cat-veranstaltung","14":"product_tag-comedy","15":"product_tag-der-tod-die-hoellenhunde","16":"product_tag-events","17":"product_tag-humor","18":"product_tag-kupfersaal","19":"product_tag-leipzig","20":"product_tag-orte","21":"product_tag-ticket","22":"product_tag-totes-neues","23":"product_tag-veranstaltung","24":"product_shipping_class-nur_paketversand","25":"pa_discount-kind","26":"pa_discount-normalpreis","27":"pa_preiskategorie-freie-platzwahl","29":"first","30":"instock","31":"taxable","32":"shipping-taxable","33":"purchasable","34":"product-type-variable"},"group_of_quantity":0,"min_quantity":0,"max_quantity":"","exclude_order_quantity_value_rules":"no","exclude_category_quantity_rules":"no","combine_variations":"no","acf":[],"_links":{"self":[{"href":"https:\/\/arena-ticket.com\/en\/wp-json\/wp\/v2\/product\/64857","targetHints":{"allow":["GET"]}}],"collection":[{"href":"https:\/\/arena-ticket.com\/en\/wp-json\/wp\/v2\/product"}],"about":[{"href":"https:\/\/arena-ticket.com\/en\/wp-json\/wp\/v2\/types\/product"}],"wp:featuredmedia":[{"embeddable":true,"href":"https:\/\/arena-ticket.com\/en\/wp-json\/wp\/v2\/media\/64861"}],"wp:attachment":[{"href":"https:\/\/arena-ticket.com\/en\/wp-json\/wp\/v2\/media?parent=64857"}],"wp:term":[{"taxonomy":"product_brand","embeddable":true,"href":"https:\/\/arena-ticket.com\/en\/wp-json\/wp\/v2\/product_brand?post=64857"},{"taxonomy":"product_cat","embeddable":true,"href":"https:\/\/arena-ticket.com\/en\/wp-json\/wp\/v2\/product_cat?post=64857"},{"taxonomy":"product_tag","embeddable":true,"href":"https:\/\/arena-ticket.com\/en\/wp-json\/wp\/v2\/product_tag?post=64857"}],"curies":[{"name":"wp","href":"https:\/\/api.w.org\/{rel}","templated":true}]}}