{"id":64867,"date":"2026-01-29T12:13:51","date_gmt":"2026-01-29T11:13:51","guid":{"rendered":"https:\/\/arena-ticket.com\/?p=64867&#038;post_type=product&#038;preview_id=64867"},"modified":"2026-02-20T11:26:47","modified_gmt":"2026-02-20T10:26:47","slug":"axel-hacke-liest-und-erzaehlt-2027-leipzig-kupfersaal-28-01-2027-2000-uhr","status":"publish","type":"product","link":"https:\/\/arena-ticket.com\/en\/product\/axel-hacke-liest-und-erzaehlt-2027-leipzig-kupfersaal-28-01-2027-2000-uhr\/","title":{"rendered":"Axel Hacke - liest und erz\u00e4hlt 2027"},"content":{"rendered":"<div class=\"event__description\">\n<p>Hacke hat in vielen Jahrzehnten mehrere tausend Kolumnen geschrieben, vor allem im S\u00fcddeutsche Zeitung Magazin, dazu mehr als drei\u00dfig B\u00fccher. Und was macht er nun? Er erz\u00e4hlt uns, wie er das gemacht hat. Auch liest er uns vor. Weil er aber nicht alles lesen kann (jedenfalls nun wirklich nicht an einem Abend), liest er nur das Beste, ja, genau genommen, das Allerbeste, Allerlustigste, Allernachdenklichste, Allerkl\u00fcgste, Allerheiterste, so dass man sagen kann: Eigentlich hat er sich sein ganzes Leben als Autor nur auf diesen Abend vorbereitet, ja, genau: auf den besten Abend, nein, den allerbesten.<\/p>\n<p>Axel Hacke lebt als Schriftsteller in M\u00fcnchen. Ber\u00fchmt ist seine Kolumne Das Beste aus aller Welt, die er seit Jahrzehnten jeden Freitag im Magazin der S\u00fcddeutschen Zeitungver\u00f6ffentlicht. Seine B\u00fccher sind Bestseller. Seine Arbeit wurde u.a. mit dem Joseph-Roth-Preis, zwei Egon-Erwin-Kisch-Preisen, dem Theodor-Wolff-Preis und zuletzt dem Ben-Witter-Preis 2019 ausgezeichnet.<\/p>\n<\/div>","protected":false},"excerpt":{"rendered":"<p>Get your tickets here now!<\/p>","protected":false},"featured_media":64870,"template":"","meta":{"_acf_changed":false,"inline_featured_image":false},"product_brand":[],"product_cat":[31,922,430,86,6764,35,21,58],"product_tag":[6915,6894,6895,941,951,968,943,1691,6916,944,947,948],"class_list":{"0":"post-64867","1":"product","2":"type-product","3":"status-publish","4":"has-post-thumbnail","6":"product_cat-events","7":"product_cat-kultur","8":"product_cat-kupfersaal","9":"product_cat-leipzig","10":"product_cat-lesung","11":"product_cat-orte","12":"product_cat-ticket","13":"product_cat-veranstaltung","14":"product_tag-axel-hacke","15":"product_tag-caroline-peters","16":"product_tag-ein-anderes-leben","17":"product_tag-events","18":"product_tag-kultur","19":"product_tag-kupfersaal","20":"product_tag-leipzig","21":"product_tag-lesung","22":"product_tag-liest-und-erzaehlt-2027","23":"product_tag-orte","24":"product_tag-ticket","25":"product_tag-veranstaltung","26":"product_shipping_class-nur_paketversand","27":"pa_discount-ermaessigt","28":"pa_discount-normalpreis","29":"pa_preiskategorie-freie-platzwahl","31":"first","32":"instock","33":"taxable","34":"shipping-taxable","35":"purchasable","36":"product-type-variable"},"group_of_quantity":0,"min_quantity":0,"max_quantity":"","exclude_order_quantity_value_rules":"no","exclude_category_quantity_rules":"no","combine_variations":"no","acf":[],"_links":{"self":[{"href":"https:\/\/arena-ticket.com\/en\/wp-json\/wp\/v2\/product\/64867","targetHints":{"allow":["GET"]}}],"collection":[{"href":"https:\/\/arena-ticket.com\/en\/wp-json\/wp\/v2\/product"}],"about":[{"href":"https:\/\/arena-ticket.com\/en\/wp-json\/wp\/v2\/types\/product"}],"wp:featuredmedia":[{"embeddable":true,"href":"https:\/\/arena-ticket.com\/en\/wp-json\/wp\/v2\/media\/64870"}],"wp:attachment":[{"href":"https:\/\/arena-ticket.com\/en\/wp-json\/wp\/v2\/media?parent=64867"}],"wp:term":[{"taxonomy":"product_brand","embeddable":true,"href":"https:\/\/arena-ticket.com\/en\/wp-json\/wp\/v2\/product_brand?post=64867"},{"taxonomy":"product_cat","embeddable":true,"href":"https:\/\/arena-ticket.com\/en\/wp-json\/wp\/v2\/product_cat?post=64867"},{"taxonomy":"product_tag","embeddable":true,"href":"https:\/\/arena-ticket.com\/en\/wp-json\/wp\/v2\/product_tag?post=64867"}],"curies":[{"name":"wp","href":"https:\/\/api.w.org\/{rel}","templated":true}]}}