{"id":64880,"date":"2026-01-29T12:18:53","date_gmt":"2026-01-29T11:18:53","guid":{"rendered":"https:\/\/arena-ticket.com\/?p=64880&#038;post_type=product&#038;preview_id=64880"},"modified":"2026-02-11T11:05:00","modified_gmt":"2026-02-11T10:05:00","slug":"claus-von-wagner-projekt-equilibrium-leipzig-kupfersaal-27-02-2027-2000-uhr","status":"publish","type":"product","link":"https:\/\/arena-ticket.com\/en\/product\/claus-von-wagner-projekt-equilibrium-leipzig-kupfersaal-27-02-2027-2000-uhr\/","title":{"rendered":"Claus von Wagner  - Projekt Equilibrium"},"content":{"rendered":"<div class=\"event__description\">\n<p>Wissen Sie noch, als wir die Demokratie f\u00fcr so selbstverst\u00e4ndlich gehalten haben, dass \u00bbseine Stimme abgeben\u00ab hie\u00df: nach der Wahl vier Jahre lang zu schweigen?!<\/p>\n<p>Die Zeiten sind vorbei. Die Demokratie steht unter Druck, irgendwas ist aus der Balance geraten. Die politische Welt in Bewegung. Da kann einem schon mal schwindelig werden. Wir stehen zwar fest auf dem Boden des Grundgesetzes, aber irgendwie hat sich das schon mal stabiler angef\u00fchlt.<\/p>\n<p>\u00bbProjekt Equilibrium\u00ab ist ein Programm \u00fcber die Suche nach dem Gleichgewicht in einer Welt aus den Fugen \u2013 ein satirisch-furioser Tanz am Rande der Apokalypse. Claus von Wagners neuestes Programm kreuzt die Tradition amerikanischer Stand-Up-Comedy mit Themen, die eigentlich verdammt noch mal nicht lustig sind und Worte wie Schuldenbremse, Sonderverm\u00f6gen, Klimakrise, Erbschaftssteuerreform oder Ungleichheit sind pl\u00f6tzlich merkw\u00fcrdig unterhaltsam! Keine Ahnung wie er das macht, aber eines steht fest: Das verspricht auf jeden Fall ein verdammt guter Abend zu werden. Nicht weniger. Und manchmal sogar ein bisschen mehr.<\/p>\n<\/div>","protected":false},"excerpt":{"rendered":"<p>Don&#039;t miss it!<\/p>","protected":false},"featured_media":64883,"template":"","meta":{"_acf_changed":false,"inline_featured_image":false},"product_brand":[],"product_cat":[6725,31,95,430,86,35,21,58],"product_tag":[6919,954,5014,941,6774,968,943,944,6920,947,5015,948],"class_list":{"0":"post-64880","1":"product","2":"type-product","3":"status-publish","4":"has-post-thumbnail","6":"product_cat-comedy","7":"product_cat-events","8":"product_cat-humor","9":"product_cat-kupfersaal","10":"product_cat-leipzig","11":"product_cat-orte","12":"product_cat-ticket","13":"product_cat-veranstaltung","14":"product_tag-claus-von-wagner","15":"product_tag-comedy","16":"product_tag-der-tod-die-hoellenhunde","17":"product_tag-events","18":"product_tag-humor","19":"product_tag-kupfersaal","20":"product_tag-leipzig","21":"product_tag-orte","22":"product_tag-projekt-equilibrium","23":"product_tag-ticket","24":"product_tag-totes-neues","25":"product_tag-veranstaltung","26":"product_shipping_class-nur_paketversand","27":"pa_discount-kind","28":"pa_discount-normalpreis","29":"pa_preiskategorie-freie-platzwahl","31":"first","32":"instock","33":"taxable","34":"shipping-taxable","35":"purchasable","36":"product-type-variable"},"group_of_quantity":0,"min_quantity":0,"max_quantity":"","exclude_order_quantity_value_rules":"no","exclude_category_quantity_rules":"no","combine_variations":"no","acf":[],"_links":{"self":[{"href":"https:\/\/arena-ticket.com\/en\/wp-json\/wp\/v2\/product\/64880","targetHints":{"allow":["GET"]}}],"collection":[{"href":"https:\/\/arena-ticket.com\/en\/wp-json\/wp\/v2\/product"}],"about":[{"href":"https:\/\/arena-ticket.com\/en\/wp-json\/wp\/v2\/types\/product"}],"wp:featuredmedia":[{"embeddable":true,"href":"https:\/\/arena-ticket.com\/en\/wp-json\/wp\/v2\/media\/64883"}],"wp:attachment":[{"href":"https:\/\/arena-ticket.com\/en\/wp-json\/wp\/v2\/media?parent=64880"}],"wp:term":[{"taxonomy":"product_brand","embeddable":true,"href":"https:\/\/arena-ticket.com\/en\/wp-json\/wp\/v2\/product_brand?post=64880"},{"taxonomy":"product_cat","embeddable":true,"href":"https:\/\/arena-ticket.com\/en\/wp-json\/wp\/v2\/product_cat?post=64880"},{"taxonomy":"product_tag","embeddable":true,"href":"https:\/\/arena-ticket.com\/en\/wp-json\/wp\/v2\/product_tag?post=64880"}],"curies":[{"name":"wp","href":"https:\/\/api.w.org\/{rel}","templated":true}]}}