{"id":64885,"date":"2026-01-29T12:24:55","date_gmt":"2026-01-29T11:24:55","guid":{"rendered":"https:\/\/arena-ticket.com\/?p=64885&#038;post_type=product&#038;preview_id=64885"},"modified":"2026-04-04T10:41:29","modified_gmt":"2026-04-04T08:41:29","slug":"jan-hofer-guten-abend-meine-damen-und-herren-leipzig-kupfersaal-28-02-2027-2000-uhr","status":"publish","type":"product","link":"https:\/\/arena-ticket.com\/en\/product\/jan-hofer-guten-abend-meine-damen-und-herren-leipzig-kupfersaal-28-02-2027-2000-uhr\/","title":{"rendered":"Jan Hofer  - Guten Abend meine Damen und Herren!"},"content":{"rendered":"<div class=\"event__description\">\n<div class=\"event__description\">\n<p>In Zeiten von Fake News und Unsicherheiten ist Jan Hofer eine herausragende Instanz der verl\u00e4sslichen Nachrichtenvermittlung.<\/p>\n<p>Als Moderator und Chef-Sprecher der Tagesschau wurde er zu einer Institution in der deutschen Medienlandschaft. Er gilt als Inbegriff f\u00fcr vertrauensw\u00fcrdige Informationen und gl\u00e4nzt dar\u00fcber hinaus mit seinem breit gef\u00e4cherten Wissen.<br \/>\nSeine Beliebtheit spiegelt sich auch in Umfragen wider: U.a. wurde er vom Marktforschungsinstitut Emnid als beliebtester Nachrichten-Pr\u00e4sentator Deutschlands ausgezeichnet.<\/p>\n<p>Neben seiner Arbeit im Nachrichten-Business widmete sich Jan auch der Moderation von TV Talkshows. Seine erste gro\u00dfe Station war die NDR-Talkshow, bevor er Anfang der Neunzigerjahre mit dem Format Riverboat die deutsche Medienlandschaft bereicherte. Die Sendung wurde eine der erfolgreichsten Talkshows und erreichte herausragende Quoten mit Marktanteilen von bis zu 30 %. Nach 21 Jahren und 415 Sendungen gab er im Jahr 2012 die Moderation weiter.<\/p>\n<p>Sein profundes Wissen vermittelt er auch in ungez\u00e4hlten Vortr\u00e4gen als gefragter Referent und Moderator, vorwiegend in den Bereichen \u201edie Nachricht hinter der Nachricht\u201c und Wirtschaft.<\/p>\n<p>Im Dezember 2020 verabschiedete sich Jan nach 36 Jahren als Chefsprecher der Tagesschau.<\/p>\n<p>Als echter Medienprofi nahm er aber gern die n\u00e4chste Herausforderung an: So war er 2021 Teilnehmer der RTL Tanz-Show \u201cLet\u2019s Dance\u201c und erreichte den f\u00fcnften Platz. Kurz darauf \u00fcbernahm er die Verantwortung f\u00fcr den Aufbau des neuen Nachrichtenmagazins \u201eRTL direkt\u201c. Drei Jahre lang pr\u00e4gt er die Sendung, die sich schnell einen festen Platz in der deutschen Medienlandschaft sichern konnte.<\/p>\n<p>Auch in den sozialen Medien hat sich Jan mit seiner sympathischen Art eine beachtliche Community aufgebaut.<br \/>\nInsbesondere im Zusammenspiel mit seiner Frau Phong Lan begeistern die beiden ihr Following mit viel Humor und geben Einblicke in Ihr gemeinsames Leben auf Mallorca.<\/p>\n<\/div>\n<\/div>","protected":false},"excerpt":{"rendered":"<p>Get your tickets here now!<\/p>","protected":false},"featured_media":64888,"template":"","meta":{"_acf_changed":false,"inline_featured_image":false},"product_brand":[],"product_cat":[31,922,430,86,35,6772,21,58],"product_tag":[6915,941,6922,6921,951,968,943,1691,6916,944,6779,947,948],"class_list":{"0":"post-64885","1":"product","2":"type-product","3":"status-publish","4":"has-post-thumbnail","6":"product_cat-events","7":"product_cat-kultur","8":"product_cat-kupfersaal","9":"product_cat-leipzig","10":"product_cat-orte","11":"product_cat-sonstiges_kultur","12":"product_cat-ticket","13":"product_cat-veranstaltung","14":"product_tag-axel-hacke","15":"product_tag-events","16":"product_tag-guten-abend-meine-damen-und-herren","17":"product_tag-jan-hofer","18":"product_tag-kultur","19":"product_tag-kupfersaal","20":"product_tag-leipzig","21":"product_tag-lesung","22":"product_tag-liest-und-erzaehlt-2027","23":"product_tag-orte","24":"product_tag-sonstiges","25":"product_tag-ticket","26":"product_tag-veranstaltung","27":"product_shipping_class-nur_paketversand","28":"pa_discount-ermaessigt","29":"pa_discount-normalpreis","30":"pa_preiskategorie-freie-platzwahl","32":"first","33":"instock","34":"taxable","35":"shipping-taxable","36":"purchasable","37":"product-type-variable"},"group_of_quantity":0,"min_quantity":0,"max_quantity":"","exclude_order_quantity_value_rules":"no","exclude_category_quantity_rules":"no","combine_variations":"no","acf":[],"_links":{"self":[{"href":"https:\/\/arena-ticket.com\/en\/wp-json\/wp\/v2\/product\/64885","targetHints":{"allow":["GET"]}}],"collection":[{"href":"https:\/\/arena-ticket.com\/en\/wp-json\/wp\/v2\/product"}],"about":[{"href":"https:\/\/arena-ticket.com\/en\/wp-json\/wp\/v2\/types\/product"}],"wp:featuredmedia":[{"embeddable":true,"href":"https:\/\/arena-ticket.com\/en\/wp-json\/wp\/v2\/media\/64888"}],"wp:attachment":[{"href":"https:\/\/arena-ticket.com\/en\/wp-json\/wp\/v2\/media?parent=64885"}],"wp:term":[{"taxonomy":"product_brand","embeddable":true,"href":"https:\/\/arena-ticket.com\/en\/wp-json\/wp\/v2\/product_brand?post=64885"},{"taxonomy":"product_cat","embeddable":true,"href":"https:\/\/arena-ticket.com\/en\/wp-json\/wp\/v2\/product_cat?post=64885"},{"taxonomy":"product_tag","embeddable":true,"href":"https:\/\/arena-ticket.com\/en\/wp-json\/wp\/v2\/product_tag?post=64885"}],"curies":[{"name":"wp","href":"https:\/\/api.w.org\/{rel}","templated":true}]}}