{"id":64905,"date":"2026-01-29T12:43:25","date_gmt":"2026-01-29T11:43:25","guid":{"rendered":"https:\/\/arena-ticket.com\/?p=64905&#038;post_type=product&#038;preview_id=64905"},"modified":"2026-01-29T12:58:56","modified_gmt":"2026-01-29T11:58:56","slug":"alfons-klasse-leipzig-kupfersaal-29-05-2027-2000-uhr","status":"publish","type":"product","link":"https:\/\/arena-ticket.com\/en\/product\/alfons-klasse-leipzig-kupfersaal-29-05-2027-2000-uhr\/","title":{"rendered":"Alfons - Klasse!"},"content":{"rendered":"<div class=\"event__description\">\n<div class=\"event__description\">\n<p>Alfons kam, sah - und verknallte sich sofort: Vor \u00fcber drei Jahrzehnten verliebten sich Alfons und Deutschland ineinander. Und nun? Was ist geworden aus der Liebes-Heirat? Brennt sie noch, die Leidenschaft? Oder sitzen Alfons und Deutschland nur noch zusammen vorm \u00bbTatort\u00ab, in Unterw\u00e4sche auf dem Sofa, und keiner redet mehr mit dem anderen? Und \u00fcberhaupt: Wie geht es Deutschland? Wie geht es den Deutschen und Deutschinnen? Was ist los mit dem Miteinander im Land der Dichter und Rentner?<\/p>\n<p>Zwischen ost und west, arm und reich, zwischen jung und nicht mehr ganz so jung? Ist unsere Demokratie kaputt? Und wenn ja, ist es ein Garantiefall oder m\u00fcssen wir f\u00fcr die Reparatur am Ende selbst bezahlen?<\/p>\n<p>Alfons macht sich Sorgen um seine gro\u00dfe Liebe: Deutschland. Und er begibt sich auf die Suche nach Antworten. Eine Erkenntnis kommt dabei schnell: Die Zeit der Pantoffeldemokratie ist vorbei! Jeder von uns muss etwas tun - nur was? Auch in seinem mittlerweile achten Programm gelingt es dem Kultreporter und Puschel-Philosophen auf unnachahmliche Art, gro\u00dfe Themen in kleine Anekdoten zu verpacken, warmherzig, witzig und wunderbar weitsichtig. \u00bbKlasse!\u00ab ist ein Liebesbrief an Deutschland - und ein Weckruf gleicherma\u00dfen. Falls Sie also schon immer mal wissen wollten, was Rechtsstaat und Rastst\u00e4ttentoilette miteinander zu tun haben, wie man von Asterix f\u00fcr Tarifverhandlungen in Deutschland lernen kann oder was Alfons als \u00fcberforderter Aushilfslehrer in einer deutschen Problemklasse erlebt, dann sind Sie hier richtig. Und wenn Sie einfach mal wieder einen Abend brauchen, der Ihnen das Vertrauen in die Menschheit wiedergibt, dann sind Sie hier sogar noch richtiger.<\/p>\n<\/div>\n<\/div>","protected":false},"excerpt":{"rendered":"<p>Sichern Sie sich jetzt schon Ihre Tickets!<\/p>","protected":false},"featured_media":64908,"template":"","meta":{"_acf_changed":false,"inline_featured_image":false},"product_brand":[],"product_cat":[6725,31,95,430,86,35,21,58],"product_tag":[6925,6919,954,941,6774,6926,968,943,944,6920,947,948],"class_list":{"0":"post-64905","1":"product","2":"type-product","3":"status-publish","4":"has-post-thumbnail","6":"product_cat-comedy","7":"product_cat-events","8":"product_cat-humor","9":"product_cat-kupfersaal","10":"product_cat-leipzig","11":"product_cat-orte","12":"product_cat-ticket","13":"product_cat-veranstaltung","14":"product_tag-alfons","15":"product_tag-claus-von-wagner","16":"product_tag-comedy","17":"product_tag-events","18":"product_tag-humor","19":"product_tag-klasse","20":"product_tag-kupfersaal","21":"product_tag-leipzig","22":"product_tag-orte","23":"product_tag-projekt-equilibrium","24":"product_tag-ticket","25":"product_tag-veranstaltung","26":"product_shipping_class-nur_paketversand","27":"pa_discount-kind","28":"pa_discount-normalpreis","29":"pa_preiskategorie-freie-platzwahl","31":"first","32":"instock","33":"taxable","34":"shipping-taxable","35":"purchasable","36":"product-type-variable"},"group_of_quantity":0,"min_quantity":0,"max_quantity":"","exclude_order_quantity_value_rules":"no","exclude_category_quantity_rules":"no","combine_variations":"no","acf":[],"_links":{"self":[{"href":"https:\/\/arena-ticket.com\/en\/wp-json\/wp\/v2\/product\/64905","targetHints":{"allow":["GET"]}}],"collection":[{"href":"https:\/\/arena-ticket.com\/en\/wp-json\/wp\/v2\/product"}],"about":[{"href":"https:\/\/arena-ticket.com\/en\/wp-json\/wp\/v2\/types\/product"}],"wp:featuredmedia":[{"embeddable":true,"href":"https:\/\/arena-ticket.com\/en\/wp-json\/wp\/v2\/media\/64908"}],"wp:attachment":[{"href":"https:\/\/arena-ticket.com\/en\/wp-json\/wp\/v2\/media?parent=64905"}],"wp:term":[{"taxonomy":"product_brand","embeddable":true,"href":"https:\/\/arena-ticket.com\/en\/wp-json\/wp\/v2\/product_brand?post=64905"},{"taxonomy":"product_cat","embeddable":true,"href":"https:\/\/arena-ticket.com\/en\/wp-json\/wp\/v2\/product_cat?post=64905"},{"taxonomy":"product_tag","embeddable":true,"href":"https:\/\/arena-ticket.com\/en\/wp-json\/wp\/v2\/product_tag?post=64905"}],"curies":[{"name":"wp","href":"https:\/\/api.w.org\/{rel}","templated":true}]}}